{"id":1013,"date":"2018-06-27T17:31:53","date_gmt":"2018-06-27T21:31:53","guid":{"rendered":"https:\/\/dolphinmedical.com\/colombia\/dolphinmedical.com\/?post_type=product&#038;p=1013"},"modified":"2025-12-10T18:59:21","modified_gmt":"2025-12-10T23:59:21","slug":"cinta-identificadora","status":"publish","type":"product","link":"https:\/\/dolphinmedical.com\/colombia\/productos\/ginecologia\/histerectomia-vaginal\/cinta-identificadora\/","title":{"rendered":"Cinta para marcar instrumental"},"content":{"rendered":"","protected":false},"excerpt":{"rendered":"<p>&nbsp;<\/p>\n<p>Cinta identificadora de Instrumental,<\/p>\n<p><a class=\"button  button_size_2\" href=\"\/dolphinmedical.com\/wp-content\/uploads\/2020\/02\/Cinta-Identificadora-Batrik_220120.pdf\"     style=\"background-color:#1a90cd!important;\"     title=\"\"><span class=\"button_label\">Ver Brochure<\/span><\/a>\n<a class=\"button  button_size_2\" href=\"\/colombia\/cotizar\/?asunto=Cotizar%20Producto&#038;mensaje=Necesito%20cotizar%20el%20producto%20Cinta%20Identificadora\"     style=\"background-color:#29327d!important;\"     title=\"\"><span class=\"button_label\">Cotizar<\/span><\/a>\n<br \/>\n<hr class=\" hr_color\" style=\"margin:0 auto 30px;\"\/>\n<br \/>\n<div class=\"accordion\"><div class=\"mfn-acc accordion_wrapper \"><div class=\"question\"><div class=\"title\"><i class=\"icon-plus acc-icon-plus\" aria-hidden=\"true\"><\/i><i class=\"icon-minus acc-icon-minus\" aria-hidden=\"true\"><\/i>Caracter\u00edsticas<\/div><div class=\"answer\"><\/p>\n<ul>\n<li>Identificar\/Marcar r\u00e1pidamente los instrumentos por departamento y\/o procedimiento.<\/li>\n<li>F\u00e1cil de aplicar, puede ser sometido a esterilizaci\u00f3n repetidas veces.<\/li>\n<li>M\u00e1s cinta por rollo, 762cm.<\/li>\n<li>Disponibles en 9 colores.<\/li>\n<li>Ancho: 0.25\u201d (6.35mm)<\/li>\n<li>Presentaci\u00f3n en caja transparente NO est\u00e9ril.<\/li>\n<li>M\u00e9todos de esterilizaci\u00f3n: Autoclave, ETO.<\/li>\n<\/ul>\n<p><\/div><\/div>\n<\/div><\/div>\n<div class=\"accordion\"><div class=\"mfn-acc accordion_wrapper \"><div class=\"question\"><div class=\"title\"><i class=\"icon-plus acc-icon-plus\" aria-hidden=\"true\"><\/i><i class=\"icon-minus acc-icon-minus\" aria-hidden=\"true\"><\/i>Indicaciones<\/div><div class=\"answer\"><\/p>\n<ul>\n<li>Identificaci\u00f3n y codificaci\u00f3n por colores del instrumental quir\u00fargico.<\/li>\n<li>Clasificaci\u00f3n por especialidad, set o servicio dentro de centrales de esterilizaci\u00f3n.<\/li>\n<li>Identificaci\u00f3n de propiedad (hospital, cl\u00ednica o servicio).<\/li>\n<li>Facilitar el conteo y control del instrumental antes y despu\u00e9s de procedimientos.<\/li>\n<li>Optimizar la organizaci\u00f3n durante el lavado, esterilizaci\u00f3n y almacenamiento.<\/li>\n<li>Prevenci\u00f3n de p\u00e9rdidas o confusiones entre instrumentos similares.<\/li>\n<\/ul>\n<p><\/div><\/div>\n<\/div><\/div>\n<div class=\"accordion\"><div class=\"mfn-acc accordion_wrapper \"><div class=\"question\"><div class=\"title\"><i class=\"icon-plus acc-icon-plus\" aria-hidden=\"true\"><\/i><i class=\"icon-minus acc-icon-minus\" aria-hidden=\"true\"><\/i>Contraindicaciones<\/div><div class=\"answer\"><\/p>\n<ul>\n<li>No usar en superficies de trabajo activo del instrumento (puntas, filos, mordazas).<\/li>\n<li>No colocar en zonas articuladas (bisagras, cremalleras) que puedan interferir con la funci\u00f3n.<\/li>\n<li>No usar cintas no aptas para esterilizaci\u00f3n, ya que pueden despegarse o degradarse.<\/li>\n<li>Evitar su uso en instrumentos de muy peque\u00f1o calibre donde afecte la precisi\u00f3n.<\/li>\n<\/ul>\n<p><\/div><\/div>\n<\/div><\/div>\n<div class=\"accordion\"><div class=\"mfn-acc accordion_wrapper \"><div class=\"question\"><div class=\"title\"><i class=\"icon-plus acc-icon-plus\" aria-hidden=\"true\"><\/i><i class=\"icon-minus acc-icon-minus\" aria-hidden=\"true\"><\/i>C\u00f3digos y Medidas<\/div><div class=\"answer\"><\/p>\n<table class=\"egt\">\n<tbody>\n<tr>\n<th>C\u00f3digo<\/th>\n<th>Color<\/th>\n<th>Medida<\/th>\n<\/tr>\n<tr>\n<td>T-250-01<\/td>\n<td>Blanco<\/td>\n<td>0,25&#8243;x 0,635 cms<\/td>\n<\/tr>\n<tr>\n<td>T-250-02<\/td>\n<td>Azul<\/td>\n<td>0,25&#8243;x 0,635 cms<\/td>\n<\/tr>\n<tr>\n<td>T-250-03<\/td>\n<td>Verde<\/td>\n<td>0,25&#8243;x 0,635 cms<\/td>\n<\/tr>\n<tr>\n<td>T-250-04<\/td>\n<td>Rojo<\/td>\n<td>0,25&#8243;x 0,635 cms<\/td>\n<\/tr>\n<tr>\n<td>T-250-05<\/td>\n<td>Amarillo<\/td>\n<td>0,25&#8243;x 0,635 cms<\/td>\n<\/tr>\n<tr>\n<td>T-250-06<\/td>\n<td>Morado<\/td>\n<td>0,25&#8243;x 0,635 cms<\/td>\n<\/tr>\n<tr>\n<td>T-250-07<\/td>\n<td>Naranjo<\/td>\n<td>0,25&#8243;x 0,635 cms<\/td>\n<\/tr>\n<tr>\n<td>T-250-08<\/td>\n<td>Caf\u00e9<\/td>\n<td>0,25&#8243;x 0,635 cms<\/td>\n<\/tr>\n<tr>\n<td>T-250-09<\/td>\n<td>Negro<\/td>\n<td>0,25&#8243;x 0,635 cms<\/td>\n<\/tr>\n<\/tbody>\n<\/table>\n<p><\/div><\/div>\n<\/div><\/div>\n<div class=\"accordion\"><div class=\"mfn-acc accordion_wrapper \"><div class=\"question\"><div class=\"title\"><i class=\"icon-plus acc-icon-plus\" aria-hidden=\"true\"><\/i><i class=\"icon-minus acc-icon-minus\" aria-hidden=\"true\"><\/i>Registro INVIMA<\/div><div class=\"answer\"><\/p>\n<p><\/div><\/div>\n<\/div><\/div>\n<br \/>\n<hr class=\"\" style=\"margin:0 auto 5px;\"\/>\n<\/p>\n","protected":false},"featured_media":1014,"template":"","meta":{"content-type":""},"product_brand":[],"product_cat":[21,25,33,69,70],"product_tag":[91,266,267,455,456],"class_list":{"0":"post-1013","1":"product","2":"type-product","3":"status-publish","4":"has-post-thumbnail","6":"product_cat-ginecologia","7":"product_cat-cirugia","8":"product_cat-histerectomia-vaginal","9":"product_cat-cirugia-general","10":"product_cat-cirugia-plastica","11":"product_tag-instrumental","12":"product_tag-cinta","13":"product_tag-identificadora","14":"product_tag-identificacion","15":"product_tag-esterilizacion","17":"first","18":"instock","19":"shipping-taxable","20":"product-type-simple"},"_links":{"self":[{"href":"https:\/\/dolphinmedical.com\/colombia\/wp-json\/wp\/v2\/product\/1013","targetHints":{"allow":["GET"]}}],"collection":[{"href":"https:\/\/dolphinmedical.com\/colombia\/wp-json\/wp\/v2\/product"}],"about":[{"href":"https:\/\/dolphinmedical.com\/colombia\/wp-json\/wp\/v2\/types\/product"}],"wp:featuredmedia":[{"embeddable":true,"href":"https:\/\/dolphinmedical.com\/colombia\/wp-json\/wp\/v2\/media\/1014"}],"wp:attachment":[{"href":"https:\/\/dolphinmedical.com\/colombia\/wp-json\/wp\/v2\/media?parent=1013"}],"wp:term":[{"taxonomy":"product_brand","embeddable":true,"href":"https:\/\/dolphinmedical.com\/colombia\/wp-json\/wp\/v2\/product_brand?post=1013"},{"taxonomy":"product_cat","embeddable":true,"href":"https:\/\/dolphinmedical.com\/colombia\/wp-json\/wp\/v2\/product_cat?post=1013"},{"taxonomy":"product_tag","embeddable":true,"href":"https:\/\/dolphinmedical.com\/colombia\/wp-json\/wp\/v2\/product_tag?post=1013"}],"curies":[{"name":"wp","href":"https:\/\/api.w.org\/{rel}","templated":true}]}}