{"id":1185,"date":"2018-07-25T12:57:07","date_gmt":"2018-07-25T16:57:07","guid":{"rendered":"https:\/\/dolphinmedical.com\/colombia\/dolphinmedical.com\/?post_type=product&#038;p=1185"},"modified":"2025-12-05T16:46:17","modified_gmt":"2025-12-05T21:46:17","slug":"electrodo-triangular-dolphin","status":"publish","type":"product","link":"https:\/\/dolphinmedical.com\/colombia\/productos\/ginecologia\/patologia-cervical\/electrodo-triangular-dolphin\/","title":{"rendered":"Electrodo Triangular Dolphin"},"content":{"rendered":"","protected":false},"excerpt":{"rendered":"<p>Electrodos con <strong>formato reforzado<\/strong> para realizar procedimientos de Electrocoagulaci\u00f3n. Manejo de la Patolog\u00eda Cervical neopl\u00e1sica pre-invasora con la t\u00e9cnica de escisi\u00f3n con Asa Diat\u00e9rmica. <em>LLETZ;<\/em> Large Loop Excision of the Transformation Zone y\/o <em>LEEP;<\/em> Loop Electrosurgical Excision Procedure.<\/p>\n<p><\/br><br \/>\n<a class=\"button  button_size_2\" href=\"\/dolphinmedical.com\/wp-content\/uploads\/2024\/03\/ELECTRODOS_CON-REGISTRO_150324_VF.pdf\"     target=\"_blank\"    title=\"\"><span class=\"button_label\">Ver Brochure<\/span><\/a>\n<a class=\"button  button_size_2\" href=\"\/colombia\/cotizar\/?asunto=Cotizar%20Producto&#038;mensaje=Necesito%20cotizar%20el%20producto%20Electrodo%20Triangular%20Dolphin\"     style=\"background-color:#29327d!important;\"     title=\"\"><span class=\"button_label\">Cotizar<\/span><\/a>\n<br \/>\n<hr class=\" hr_color\" style=\"margin:0 auto 30px;\"\/>\n<br \/>\n<div class=\"accordion\"><div class=\"mfn-acc accordion_wrapper \"><div class=\"question\"><div class=\"title\"><i class=\"icon-plus acc-icon-plus\" aria-hidden=\"true\"><\/i><i class=\"icon-minus acc-icon-minus\" aria-hidden=\"true\"><\/i>Caracter\u00edsticas<\/div><div class=\"answer\"><\/p>\n<ul>\n<li>Alambre de Tungsteno de 0,5mm<\/li>\n<li>Largo 13cm<\/li>\n<li>Conector universal, para ser usado con cualquier marca de l\u00e1piz, conexi\u00f3n Standard 3\/32&#8243; (2,4mm)<\/li>\n<li>Para ser usado con potencia de salida de 35 a 50 Watts, dependiendo del tama\u00f1o del Asa<\/li>\n<li>Desechables<\/li>\n<\/ul>\n<p><\/div><\/div>\n<\/div><\/div>\n<div class=\"accordion\"><div class=\"mfn-acc accordion_wrapper \"><div class=\"question\"><div class=\"title\"><i class=\"icon-plus acc-icon-plus\" aria-hidden=\"true\"><\/i><i class=\"icon-minus acc-icon-minus\" aria-hidden=\"true\"><\/i>Indicaciones<\/div><div class=\"answer\"><\/p>\n<p>Conizaci\u00f3n Electroquir\u00fargica del Cuello del \u00datero para lesiones neopl\u00e1sicas intraepiteliales (NIE).<\/p>\n<p><\/div><\/div>\n<\/div><\/div>\n<div class=\"accordion\"><div class=\"mfn-acc accordion_wrapper \"><div class=\"question\"><div class=\"title\"><i class=\"icon-plus acc-icon-plus\" aria-hidden=\"true\"><\/i><i class=\"icon-minus acc-icon-minus\" aria-hidden=\"true\"><\/i>Contraindicaciones<\/div><div class=\"answer\"><\/p>\n<p>No utilizar en tejidos donde se requiera t\u00e9cnica no t\u00e9rmica. Procedimientos donde la necrosis t\u00e9rmica debe evitarse<br \/>\nCirug\u00edas de alta precisi\u00f3n microquir\u00fargica donde el tri\u00e1ngulo produce demasiada dispersi\u00f3n t\u00e9rmica<\/p>\n<p><\/div><\/div>\n<\/div><\/div>\n<div class=\"accordion\"><div class=\"mfn-acc accordion_wrapper \"><div class=\"question\"><div class=\"title\"><i class=\"icon-plus acc-icon-plus\" aria-hidden=\"true\"><\/i><i class=\"icon-minus acc-icon-minus\" aria-hidden=\"true\"><\/i>C\u00f3digos y Medidas<\/div><div class=\"answer\"><\/p>\n<table class=\"egt\">\n<tbody>\n<tr>\n<th>C\u00f3digo<\/th>\n<th>Medida<\/th>\n<\/tr>\n<tr>\n<td>DMF00050<\/td>\n<td>18x10mm Small<\/td>\n<\/tr>\n<tr>\n<td>DMF00100<\/td>\n<td>15x12mm Medium<\/td>\n<\/tr>\n<tr>\n<td>DMF00200<\/td>\n<td>18x15mm Large<\/td>\n<\/tr>\n<tr>\n<td>DMF00300<\/td>\n<td>20x12mm M\/L<\/td>\n<\/tr>\n<\/tbody>\n<\/table>\n<p><\/div><\/div>\n<div class=\"question\"><div class=\"title\"><i class=\"icon-plus acc-icon-plus\" aria-hidden=\"true\"><\/i><i class=\"icon-minus acc-icon-minus\" aria-hidden=\"true\"><\/i>Registro INVIMA<\/div><div class=\"answer\"><\/p>\n<p>2017DM-0017030<\/p>\n<p><\/div><\/div>\n<\/div><\/div>\n<br \/>\n<hr class=\"\" style=\"margin:0 auto 5px;\"\/>\n<\/p>\n","protected":false},"featured_media":1186,"template":"","meta":{"content-type":""},"product_brand":[],"product_cat":[21,32],"product_tag":[306,223],"class_list":{"0":"post-1185","1":"product","2":"type-product","3":"status-publish","4":"has-post-thumbnail","6":"product_cat-ginecologia","7":"product_cat-patologia-cervical","8":"product_tag-triangular","9":"product_tag-electrodo","11":"first","12":"instock","13":"shipping-taxable","14":"product-type-simple"},"_links":{"self":[{"href":"https:\/\/dolphinmedical.com\/colombia\/wp-json\/wp\/v2\/product\/1185","targetHints":{"allow":["GET"]}}],"collection":[{"href":"https:\/\/dolphinmedical.com\/colombia\/wp-json\/wp\/v2\/product"}],"about":[{"href":"https:\/\/dolphinmedical.com\/colombia\/wp-json\/wp\/v2\/types\/product"}],"wp:featuredmedia":[{"embeddable":true,"href":"https:\/\/dolphinmedical.com\/colombia\/wp-json\/wp\/v2\/media\/1186"}],"wp:attachment":[{"href":"https:\/\/dolphinmedical.com\/colombia\/wp-json\/wp\/v2\/media?parent=1185"}],"wp:term":[{"taxonomy":"product_brand","embeddable":true,"href":"https:\/\/dolphinmedical.com\/colombia\/wp-json\/wp\/v2\/product_brand?post=1185"},{"taxonomy":"product_cat","embeddable":true,"href":"https:\/\/dolphinmedical.com\/colombia\/wp-json\/wp\/v2\/product_cat?post=1185"},{"taxonomy":"product_tag","embeddable":true,"href":"https:\/\/dolphinmedical.com\/colombia\/wp-json\/wp\/v2\/product_tag?post=1185"}],"curies":[{"name":"wp","href":"https:\/\/api.w.org\/{rel}","templated":true}]}}