{"id":1189,"date":"2018-07-25T13:27:20","date_gmt":"2018-07-25T17:27:20","guid":{"rendered":"https:\/\/dolphinmedical.com\/colombia\/dolphinmedical.com\/?post_type=product&#038;p=1189"},"modified":"2025-12-04T16:24:43","modified_gmt":"2025-12-04T21:24:43","slug":"electrodo-asa-cuadrado-rectangular-dolphin","status":"publish","type":"product","link":"https:\/\/dolphinmedical.com\/colombia\/productos\/ginecologia\/patologia-cervical\/electrodo-asa-cuadrado-rectangular-dolphin\/","title":{"rendered":"Electrodo Asa Cuadrado\/Rectangular Dolphin"},"content":{"rendered":"","protected":false},"excerpt":{"rendered":"<p><a class=\"button  button_size_2\" href=\"\/dolphinmedical.com\/wp-content\/uploads\/2024\/03\/ELECTRODOS_CON-REGISTRO_150324_VF.pdf\"     target=\"_blank\"    title=\"\"><span class=\"button_label\">Ver Brochure<\/span><\/a>\n<a class=\"button  button_size_2\" href=\"\/colombia\/cotizar\/?asunto=Cotizar%20Producto&#038;mensaje=Necesito%20cotizar%20el%20producto%20Electrodo%20Cuadrado\/Rectangular%20Dolphin\"     style=\"background-color:#29327d!important;\"     title=\"\"><span class=\"button_label\">Cotizar<\/span><\/a>\n<br \/>\n<hr class=\" hr_color\" style=\"margin:0 auto 30px;\"\/>\n<br \/>\n<div class=\"accordion\"><div class=\"mfn-acc accordion_wrapper \"><div class=\"question\"><div class=\"title\"><i class=\"icon-plus acc-icon-plus\" aria-hidden=\"true\"><\/i><i class=\"icon-minus acc-icon-minus\" aria-hidden=\"true\"><\/i>Caracter\u00edsticas<\/div><div class=\"answer\"><br \/>\nElectrodos con <strong>formato reforzado<\/strong> para realizar procedimientos de Electrocoagulaci\u00f3n. Manejo de la Patolog\u00eda Cervical neopl\u00e1sica pre-invasora con la t\u00e9cnica de escisi\u00f3n con Asa Diat\u00e9rmica.<em> LLETZ; <\/em>Large Loop Excision of the Transformation Zone y\/o <em>LEEP; <\/em>Loop Electrosurgical Excision Procedure.<\/p>\n<ul>\n<li>Alambre de Tungsteno de 0,5mm<\/li>\n<li>Largo 13cm<\/li>\n<li>Conector universal, para ser usado con cualquier marca de l\u00e1piz, conexi\u00f3n Standard 3\/32&#8243; (2,4mm)<\/li>\n<li>Desechables<\/li>\n<\/ul>\n<p><\/div><\/div>\n<\/div><\/div>\n<div class=\"accordion\"><div class=\"mfn-acc accordion_wrapper \"><div class=\"question\"><div class=\"title\"><i class=\"icon-plus acc-icon-plus\" aria-hidden=\"true\"><\/i><i class=\"icon-minus acc-icon-minus\" aria-hidden=\"true\"><\/i>Indicaciones<\/div><div class=\"answer\"><\/p>\n<p>Conizaci\u00f3n Electroquir\u00fargica del Cuello del \u00datero para lesiones neopl\u00e1sicas intraepiteliales (NIE).<\/p>\n<p><\/div><\/div>\n<\/div><\/div>\n<div class=\"accordion\"><div class=\"mfn-acc accordion_wrapper \"><div class=\"question\"><div class=\"title\"><i class=\"icon-plus acc-icon-plus\" aria-hidden=\"true\"><\/i><i class=\"icon-minus acc-icon-minus\" aria-hidden=\"true\"><\/i>Contraindicaciones<\/div><div class=\"answer\"><\/p>\n<ul>\n<li>Embarazo<\/li>\n<li>Pacientes con c\u00e1ncer invasor visible a la examinaci\u00f3n<\/li>\n<\/ul>\n<p><\/div><\/div>\n<\/div><\/div>\n<div class=\"accordion\"><div class=\"mfn-acc accordion_wrapper \"><div class=\"question\"><div class=\"title\"><i class=\"icon-plus acc-icon-plus\" aria-hidden=\"true\"><\/i><i class=\"icon-minus acc-icon-minus\" aria-hidden=\"true\"><\/i>C\u00f3digos y Medidas<\/div><div class=\"answer\"><\/p>\n<table class=\"egt\">\n<tbody>\n<tr>\n<th>C\u00f3digo<\/th>\n<th>Descripci\u00f3n<\/th>\n<th>Medida<\/th>\n<\/tr>\n<tr>\n<td>DMS001005<\/td>\n<td> Electrodo Asa Rectangular<\/td>\n<td> 10x5mm<\/td>\n<\/tr>\n<tr>\n<td>DMS001008<\/td>\n<td> Electrodo Asa Rectangular<\/td>\n<td>10x8mm<\/td>\n<\/tr>\n<tr>\n<td>DMS001010<\/td>\n<td> Electrodo Asa Cuadrado<\/td>\n<td>10x10mm<\/td>\n<\/tr>\n<\/tbody>\n<\/table>\n<p><\/div><\/div>\n<div class=\"question\"><div class=\"title\"><i class=\"icon-plus acc-icon-plus\" aria-hidden=\"true\"><\/i><i class=\"icon-minus acc-icon-minus\" aria-hidden=\"true\"><\/i>Registro INVIMA<\/div><div class=\"answer\"><\/p>\n<p>2017DM-0017030<\/p>\n<p><\/div><\/div>\n<\/div><\/div>\n<hr class=\"\" style=\"margin:0 auto 5px;\"\/>\n<\/p>\n","protected":false},"featured_media":1191,"template":"","meta":{"content-type":""},"product_brand":[],"product_cat":[21,32],"product_tag":[219,223,307],"class_list":{"0":"post-1189","1":"product","2":"type-product","3":"status-publish","4":"has-post-thumbnail","6":"product_cat-ginecologia","7":"product_cat-patologia-cervical","8":"product_tag-asa","9":"product_tag-electrodo","10":"product_tag-cuadrado","12":"first","13":"instock","14":"shipping-taxable","15":"product-type-simple"},"_links":{"self":[{"href":"https:\/\/dolphinmedical.com\/colombia\/wp-json\/wp\/v2\/product\/1189","targetHints":{"allow":["GET"]}}],"collection":[{"href":"https:\/\/dolphinmedical.com\/colombia\/wp-json\/wp\/v2\/product"}],"about":[{"href":"https:\/\/dolphinmedical.com\/colombia\/wp-json\/wp\/v2\/types\/product"}],"wp:featuredmedia":[{"embeddable":true,"href":"https:\/\/dolphinmedical.com\/colombia\/wp-json\/wp\/v2\/media\/1191"}],"wp:attachment":[{"href":"https:\/\/dolphinmedical.com\/colombia\/wp-json\/wp\/v2\/media?parent=1189"}],"wp:term":[{"taxonomy":"product_brand","embeddable":true,"href":"https:\/\/dolphinmedical.com\/colombia\/wp-json\/wp\/v2\/product_brand?post=1189"},{"taxonomy":"product_cat","embeddable":true,"href":"https:\/\/dolphinmedical.com\/colombia\/wp-json\/wp\/v2\/product_cat?post=1189"},{"taxonomy":"product_tag","embeddable":true,"href":"https:\/\/dolphinmedical.com\/colombia\/wp-json\/wp\/v2\/product_tag?post=1189"}],"curies":[{"name":"wp","href":"https:\/\/api.w.org\/{rel}","templated":true}]}}