{"id":12997,"date":"2023-09-05T15:31:16","date_gmt":"2023-09-05T18:31:16","guid":{"rendered":"https:\/\/dolphinmedical.com\/colombia\/?post_type=product&#038;p=12997"},"modified":"2025-12-10T20:11:09","modified_gmt":"2025-12-11T01:11:09","slug":"balon-post-parto","status":"publish","type":"product","link":"https:\/\/dolphinmedical.com\/colombia\/productos\/ginecologia\/perinatologia-obstreticia\/balon-post-parto\/","title":{"rendered":"Bal\u00f3n Post Parto"},"content":{"rendered":"","protected":false},"excerpt":{"rendered":"<p>Bal\u00f3n con sonda para taponamiento de hemorragia Post Parto.<\/p>\n<p><a class=\"button  button_size_2\" href=\"\/dolphinmedical.com\/wp-content\/uploads\/2023\/09\/BALON-POSTPARTO_100123_VF.pdf\"     target=\"_blank\"    title=\"\"><span class=\"button_label\">Ver Brochure<\/span><\/a>\n<a class=\"button  button_size_2\" href=\"\/colombia\/cotizar\/?asunto=Cotizar%20Producto&#038;mensaje=Necesito%20cotizar%20el%20producto%20Bal\u00f3n%20Post%20Parto%20REF:%2005TD0206\"     style=\"background-color:#29327d!important;\"     title=\"\"><span class=\"button_label\">Cotizar<\/span><\/a>\n<hr class=\" hr_color\" style=\"margin:0 auto 30px;\"\/>\n<br \/>\n<div class=\"accordion\"><div class=\"mfn-acc accordion_wrapper \"><div class=\"question\"><div class=\"title\"><i class=\"icon-plus acc-icon-plus\" aria-hidden=\"true\"><\/i><i class=\"icon-minus acc-icon-minus\" aria-hidden=\"true\"><\/i>Caracter\u00edsticas<\/div><div class=\"answer\"><\/p>\n<ul>\n<li>Capacidad m\u00e1xima de llenado 500ml.<\/li>\n<li>Bal\u00f3n de silicona flexible contorno a la forma interna del \u00fatero.<\/li>\n<li>Sencillo y oportuno cuando m\u00e1s se necesita.<\/li>\n<li>Varios componentes facilitan el inflado del bal\u00f3n de forma oportuna.<\/li>\n<li>Operaci\u00f3n simplificada para una sola persona.<\/li>\n<li>Permite inflar directamente desde la bolsa de fluido.<\/li>\n<li>Crea un sistema cerrado.<\/li>\n<\/ul>\n<p><\/div><\/div>\n<\/div><\/div>\n<div class=\"accordion\"><div class=\"mfn-acc accordion_wrapper \"><div class=\"question\"><div class=\"title\"><i class=\"icon-plus acc-icon-plus\" aria-hidden=\"true\"><\/i><i class=\"icon-minus acc-icon-minus\" aria-hidden=\"true\"><\/i>Indicaciones<\/div><div class=\"answer\"><br \/>\nEL Bal\u00f3n est\u00e1 destinado a proporcionar un control temporal o una reducci\u00f3n de la hemorragia uterina durante la hemorragia postparto que no responde a la terapia est\u00e1ndar, incluido el masaje y la administraci\u00f3n de oxitocina.<br \/>\n<\/div><\/div>\n<\/div><\/div>\n<div class=\"accordion\"><div class=\"mfn-acc accordion_wrapper \"><div class=\"question\"><div class=\"title\"><i class=\"icon-plus acc-icon-plus\" aria-hidden=\"true\"><\/i><i class=\"icon-minus acc-icon-minus\" aria-hidden=\"true\"><\/i>Contraindicaciones<\/div><div class=\"answer\"><\/p>\n<ul>\n<li>Infecci\u00f3n uterina activa (endometritis, sepsis).<\/li>\n<li>Ruptura uterina confirmada o sospechada.<\/li>\n<li>Retenci\u00f3n de restos placentarios no resueltos.<\/li>\n<li>Aton\u00eda uterina asociada a trauma genital no reparado.<\/li>\n<li>Hemorragia secundaria a desgarros cervicales, vaginales o perineales sin correcci\u00f3n previa.<\/li>\n<\/ul>\n<p><\/div><\/div>\n<\/div><\/div>\n<div class=\"accordion\"><div class=\"mfn-acc accordion_wrapper \"><div class=\"question\"><div class=\"title\"><i class=\"icon-plus acc-icon-plus\" aria-hidden=\"true\"><\/i><i class=\"icon-minus acc-icon-minus\" aria-hidden=\"true\"><\/i>C\u00f3digos y Medidas<\/div><div class=\"answer\"><\/p>\n<table class=\"egt\">\n<tbody>\n<tr>\n<th>C\u00f3digo<\/th>\n<th>Capacidad m\u00e1xima de llenado<\/th>\n<\/tr>\n<tr>\n<td>05TD0206<\/td>\n<td>500ml<\/td>\n<\/tr>\n<\/tbody>\n<\/table>\n<p><\/div><\/div>\n<div class=\"question\"><div class=\"title\"><i class=\"icon-plus acc-icon-plus\" aria-hidden=\"true\"><\/i><i class=\"icon-minus acc-icon-minus\" aria-hidden=\"true\"><\/i>Registro INVIMA<\/div><div class=\"answer\"><\/p>\n<p>2022DM-0025990<\/p>\n<p><\/div><\/div>\n<\/div><\/div>\n<br \/>\n<hr class=\"\" style=\"margin:0 auto 5px;\"\/>\n<\/p>\n","protected":false},"featured_media":12998,"template":"","meta":{"content-type":""},"product_brand":[],"product_cat":[21,36],"product_tag":[248,462,463],"class_list":{"0":"post-12997","1":"product","2":"type-product","3":"status-publish","4":"has-post-thumbnail","6":"product_cat-ginecologia","7":"product_cat-perinatologia-obstreticia","8":"product_tag-balon","9":"product_tag-emorragia","10":"product_tag-taponamiento","12":"first","13":"instock","14":"shipping-taxable","15":"product-type-simple"},"_links":{"self":[{"href":"https:\/\/dolphinmedical.com\/colombia\/wp-json\/wp\/v2\/product\/12997","targetHints":{"allow":["GET"]}}],"collection":[{"href":"https:\/\/dolphinmedical.com\/colombia\/wp-json\/wp\/v2\/product"}],"about":[{"href":"https:\/\/dolphinmedical.com\/colombia\/wp-json\/wp\/v2\/types\/product"}],"wp:featuredmedia":[{"embeddable":true,"href":"https:\/\/dolphinmedical.com\/colombia\/wp-json\/wp\/v2\/media\/12998"}],"wp:attachment":[{"href":"https:\/\/dolphinmedical.com\/colombia\/wp-json\/wp\/v2\/media?parent=12997"}],"wp:term":[{"taxonomy":"product_brand","embeddable":true,"href":"https:\/\/dolphinmedical.com\/colombia\/wp-json\/wp\/v2\/product_brand?post=12997"},{"taxonomy":"product_cat","embeddable":true,"href":"https:\/\/dolphinmedical.com\/colombia\/wp-json\/wp\/v2\/product_cat?post=12997"},{"taxonomy":"product_tag","embeddable":true,"href":"https:\/\/dolphinmedical.com\/colombia\/wp-json\/wp\/v2\/product_tag?post=12997"}],"curies":[{"name":"wp","href":"https:\/\/api.w.org\/{rel}","templated":true}]}}