{"id":1352,"date":"2018-08-09T14:29:13","date_gmt":"2018-08-09T18:29:13","guid":{"rendered":"https:\/\/dolphinmedical.com\/colombia\/dolphinmedical.com\/?post_type=product&#038;p=1352"},"modified":"2025-12-29T15:57:26","modified_gmt":"2025-12-29T20:57:26","slug":"tijera-parametrio","status":"publish","type":"product","link":"https:\/\/dolphinmedical.com\/colombia\/productos\/ginecologia\/histerectomia-vaginal\/tijera-parametrio\/","title":{"rendered":"Tijera Parametrio"},"content":{"rendered":"","protected":false},"excerpt":{"rendered":"<p>Tijera quir\u00fargica especializada en cirug\u00eda ginecol\u00f3gica.<\/p>\n<p><\/br><br \/>\n<a class=\"button  button_size_2\" href=\"\/colombia\/cotizar\/?asunto=Cotizar%20Producto&#038;mensaje=Necesito%20cotizar%20el%20producto%20Tijera%20Parametrio%20Ref:%20DM09505-26\"     style=\"background-color:#29327d!important;\"     title=\"\"><span class=\"button_label\">Cotizar<\/span><\/a>\n<br \/>\n<hr class=\" hr_color\" style=\"margin:0 auto 30px;\"\/>\n<br \/>\n<div class=\"accordion\"><div class=\"mfn-acc accordion_wrapper \"><div class=\"question\"><div class=\"title\"><i class=\"icon-plus acc-icon-plus\" aria-hidden=\"true\"><\/i><i class=\"icon-minus acc-icon-minus\" aria-hidden=\"true\"><\/i>Caracter\u00edsticas<\/div><div class=\"answer\"><\/p>\n<ul>\n<li>Hojas largas, delgadas y curvas, dise\u00f1adas para acceso profundo al parametrio.<\/li>\n<li>Puntas finas y precisas, facilitan la disecci\u00f3n controlada.<\/li>\n<li>Filos afilados, adecuados para corte de tejidos resistentes del parametrio.<\/li>\n<li>Fabricada en acero inoxidable grado quir\u00fargico.<\/li>\n<li>Mangos con anillos y dise\u00f1o ergon\u00f3mico.<\/li>\n<li>Articulaci\u00f3n firme que mantiene alineaci\u00f3n y precisi\u00f3n.<\/li>\n<li>Superficie satinada o mate, reduce reflejos.<\/li>\n<li>Reutilizable y esterilizable (autoclave, \u00f3xido de etileno, plasma).<\/li>\n<\/ul>\n<p><\/div><\/div>\n<\/div><\/div>\n<div class=\"accordion\"><div class=\"mfn-acc accordion_wrapper \"><div class=\"question\"><div class=\"title\"><i class=\"icon-plus acc-icon-plus\" aria-hidden=\"true\"><\/i><i class=\"icon-minus acc-icon-minus\" aria-hidden=\"true\"><\/i>Indicaciones<\/div><div class=\"answer\"><\/p>\n<ul>\n<li>Cirug\u00eda ginecol\u00f3gica, especialmente en:<\/li>\n<li>Histerectom\u00eda abdominal o vaginal.<\/li>\n<li>Cirug\u00eda p\u00e9lvica.<\/li>\n<\/ul>\n<p><\/div><\/div>\n<\/div><\/div>\n<div class=\"accordion\"><div class=\"mfn-acc accordion_wrapper \"><div class=\"question\"><div class=\"title\"><i class=\"icon-plus acc-icon-plus\" aria-hidden=\"true\"><\/i><i class=\"icon-minus acc-icon-minus\" aria-hidden=\"true\"><\/i>Contraindicaciones<\/div><div class=\"answer\"><\/p>\n<ul>\n<li>No est\u00e1 indicada para tejidos muy delicados.<\/li>\n<li>No usar para corte de suturas o materiales duros.<\/li>\n<li>No emplear en cirug\u00eda m\u00ednimamente invasiva.<\/li>\n<\/ul>\n<p><\/div><\/div>\n<\/div><\/div>\n<div class=\"accordion\"><div class=\"mfn-acc accordion_wrapper \"><div class=\"question\"><div class=\"title\"><i class=\"icon-plus acc-icon-plus\" aria-hidden=\"true\"><\/i><i class=\"icon-minus acc-icon-minus\" aria-hidden=\"true\"><\/i>C\u00f3digos y Medidas<\/div><div class=\"answer\"><\/p>\n<table class=\"egt\">\n<tbody>\n<tr>\n<th>C\u00f3digo<\/th>\n<th>Medida<\/th>\n<\/tr>\n<tr>\n<td>DM09505-26<\/td>\n<td>26 cm<\/td>\n<\/tr>\n<\/tbody>\n<\/table>\n<p><\/div><\/div>\n<div class=\"question\"><div class=\"title\"><i class=\"icon-plus acc-icon-plus\" aria-hidden=\"true\"><\/i><i class=\"icon-minus acc-icon-minus\" aria-hidden=\"true\"><\/i>Registro INVIMA<\/div><div class=\"answer\"><\/p>\n<p>2024DM-0028550<\/p>\n<p><\/div><\/div>\n<\/div><\/div>\n<br \/>\n<hr class=\"\" style=\"margin:0 auto 5px;\"\/>\n<\/p>\n","protected":false},"featured_media":1354,"template":"","meta":{"content-type":""},"product_brand":[],"product_cat":[21,33],"product_tag":[87,94],"class_list":{"0":"post-1352","1":"product","2":"type-product","3":"status-publish","4":"has-post-thumbnail","6":"product_cat-ginecologia","7":"product_cat-histerectomia-vaginal","8":"product_tag-tijera","9":"product_tag-parametrio","11":"first","12":"instock","13":"shipping-taxable","14":"product-type-simple"},"_links":{"self":[{"href":"https:\/\/dolphinmedical.com\/colombia\/wp-json\/wp\/v2\/product\/1352","targetHints":{"allow":["GET"]}}],"collection":[{"href":"https:\/\/dolphinmedical.com\/colombia\/wp-json\/wp\/v2\/product"}],"about":[{"href":"https:\/\/dolphinmedical.com\/colombia\/wp-json\/wp\/v2\/types\/product"}],"wp:featuredmedia":[{"embeddable":true,"href":"https:\/\/dolphinmedical.com\/colombia\/wp-json\/wp\/v2\/media\/1354"}],"wp:attachment":[{"href":"https:\/\/dolphinmedical.com\/colombia\/wp-json\/wp\/v2\/media?parent=1352"}],"wp:term":[{"taxonomy":"product_brand","embeddable":true,"href":"https:\/\/dolphinmedical.com\/colombia\/wp-json\/wp\/v2\/product_brand?post=1352"},{"taxonomy":"product_cat","embeddable":true,"href":"https:\/\/dolphinmedical.com\/colombia\/wp-json\/wp\/v2\/product_cat?post=1352"},{"taxonomy":"product_tag","embeddable":true,"href":"https:\/\/dolphinmedical.com\/colombia\/wp-json\/wp\/v2\/product_tag?post=1352"}],"curies":[{"name":"wp","href":"https:\/\/api.w.org\/{rel}","templated":true}]}}