{"id":1356,"date":"2018-08-09T14:42:21","date_gmt":"2018-08-09T18:42:21","guid":{"rendered":"https:\/\/dolphinmedical.com\/colombia\/dolphinmedical.com\/?post_type=product&#038;p=1356"},"modified":"2026-01-28T22:35:15","modified_gmt":"2026-01-29T03:35:15","slug":"porta-agujas-heaney","status":"publish","type":"product","link":"https:\/\/dolphinmedical.com\/colombia\/productos\/ginecologia\/histerectomia-vaginal\/porta-agujas-heaney\/","title":{"rendered":"Porta Agujas Heaney"},"content":{"rendered":"","protected":false},"excerpt":{"rendered":"<p><a class=\"button  button_size_2\" href=\"https:\/\/dolphinmedical.com\/colombia\/dolphinmedical.com\/wp-content\/uploads\/2026\/01\/porta-agujas-heaney.pdf\"     target=\"_blank\"    title=\"\"><span class=\"button_label\">Ver Brochure<\/span><\/a>\n<a class=\"button  button_size_2\" href=\"\/colombia\/cotizar\/?asunto=Cotizar%20Producto&#038;mensaje=Necesito%20cotizar%20el%20producto%20Porta%20Agujas%20Heaney%20REF:%20DM25245-26\"     style=\"background-color:#29327d!important;\"     title=\"\"><span class=\"button_label\">Cotizar<\/span><\/a>\n<br \/>\n<hr class=\" hr_color\" style=\"margin:0 auto 30px;\"\/>\n<br \/>\n<div class=\"accordion\"><div class=\"mfn-acc accordion_wrapper \"><div class=\"question\"><div class=\"title\"><i class=\"icon-plus acc-icon-plus\" aria-hidden=\"true\"><\/i><i class=\"icon-minus acc-icon-minus\" aria-hidden=\"true\"><\/i>Caracter\u00edsticas<\/div><div class=\"answer\"><\/p>\n<ul>\n<li>Instrumento dise\u00f1ado para sujetar y guiar agujas de sutura con precisi\u00f3n.<\/li>\n<li>Mand\u00edbulas cortas, robustas y estriadas, con insertos de carburo de tungsteno para mayor agarre (seg\u00fan modelo).<\/li>\n<li>Dise\u00f1o fuerte y resistente, adecuado para suturas gruesas.<\/li>\n<li>Mangos con anillos y sistema de cierre por cremallera (ratchet) seguro.<\/li>\n<li>Fabricado en acero inoxidable grado quir\u00fargico.<\/li>\n<li>Uso frecuente en cirug\u00eda ginecol\u00f3gica mayor.<\/li>\n<\/ul>\n<p><\/div><\/div>\n<\/div><\/div>\n<div class=\"accordion\"><div class=\"mfn-acc accordion_wrapper \"><div class=\"question\"><div class=\"title\"><i class=\"icon-plus acc-icon-plus\" aria-hidden=\"true\"><\/i><i class=\"icon-minus acc-icon-minus\" aria-hidden=\"true\"><\/i>Indicaciones<\/div><div class=\"answer\"><\/p>\n<ul>\n<li>Cirug\u00eda ginecol\u00f3gica, especialmente en: Histerectom\u00edas.<\/li>\n<li>Reparaciones uterinas y vaginales.<\/li>\n<li>Suturas profundas en tejidos firmes.<\/li>\n<li>Manejo de agujas curvas y de mayor calibre.<\/li>\n<li>Procedimientos que requieren fuerza y estabilidad en la sutura.<\/li>\n<li>Cirug\u00eda p\u00e9lvica y abdominal abierta.<\/li>\n<\/ul>\n<p><\/div><\/div>\n<\/div><\/div>\n<div class=\"accordion\"><div class=\"mfn-acc accordion_wrapper \"><div class=\"question\"><div class=\"title\"><i class=\"icon-plus acc-icon-plus\" aria-hidden=\"true\"><\/i><i class=\"icon-minus acc-icon-minus\" aria-hidden=\"true\"><\/i>Contraindicaciones<\/div><div class=\"answer\"><\/p>\n<ul>\n<li>No est\u00e1 indicado para suturas muy finas o microcirug\u00eda.<\/li>\n<li>No usar con agujas delicadas, puede deformarlas o romperlas.<\/li>\n<li>No emplear si presenta desgaste en las mand\u00edbulas o falla del cierre.<\/li>\n<\/ul>\n<p><\/div><\/div>\n<\/div><\/div>\n<div class=\"accordion\"><div class=\"mfn-acc accordion_wrapper \"><div class=\"question\"><div class=\"title\"><i class=\"icon-plus acc-icon-plus\" aria-hidden=\"true\"><\/i><i class=\"icon-minus acc-icon-minus\" aria-hidden=\"true\"><\/i>C\u00f3digos y Medidas<\/div><div class=\"answer\"><\/p>\n<table class=\"egt\">\n<tbody>\n<tr>\n<th>C\u00f3digo<\/th>\n<th>Medida<\/th>\n<\/tr>\n<tr>\n<td>DM25245-26<\/td>\n<td>26cm<\/td>\n<\/tr>\n<\/tbody>\n<\/table>\n<p><\/div><\/div>\n<div class=\"question\"><div class=\"title\"><i class=\"icon-plus acc-icon-plus\" aria-hidden=\"true\"><\/i><i class=\"icon-minus acc-icon-minus\" aria-hidden=\"true\"><\/i>Registro INVIMA<\/div><div class=\"answer\"><\/p>\n<p>2024DM-0028550<\/p>\n<p><\/div><\/div>\n<\/div><\/div>\n<hr class=\"\" style=\"margin:0 auto 5px;\"\/>\n<\/p>\n","protected":false},"featured_media":16652,"template":"","meta":{"content-type":""},"product_brand":[],"product_cat":[21,33],"product_tag":[329,330,343,328],"class_list":{"0":"post-1356","1":"product","2":"type-product","3":"status-publish","4":"has-post-thumbnail","6":"product_cat-ginecologia","7":"product_cat-histerectomia-vaginal","8":"product_tag-agujas","9":"product_tag-heaney","10":"product_tag-histerectomia-vaginal","11":"product_tag-porta","13":"first","14":"instock","15":"shipping-taxable","16":"product-type-simple"},"_links":{"self":[{"href":"https:\/\/dolphinmedical.com\/colombia\/wp-json\/wp\/v2\/product\/1356","targetHints":{"allow":["GET"]}}],"collection":[{"href":"https:\/\/dolphinmedical.com\/colombia\/wp-json\/wp\/v2\/product"}],"about":[{"href":"https:\/\/dolphinmedical.com\/colombia\/wp-json\/wp\/v2\/types\/product"}],"wp:featuredmedia":[{"embeddable":true,"href":"https:\/\/dolphinmedical.com\/colombia\/wp-json\/wp\/v2\/media\/16652"}],"wp:attachment":[{"href":"https:\/\/dolphinmedical.com\/colombia\/wp-json\/wp\/v2\/media?parent=1356"}],"wp:term":[{"taxonomy":"product_brand","embeddable":true,"href":"https:\/\/dolphinmedical.com\/colombia\/wp-json\/wp\/v2\/product_brand?post=1356"},{"taxonomy":"product_cat","embeddable":true,"href":"https:\/\/dolphinmedical.com\/colombia\/wp-json\/wp\/v2\/product_cat?post=1356"},{"taxonomy":"product_tag","embeddable":true,"href":"https:\/\/dolphinmedical.com\/colombia\/wp-json\/wp\/v2\/product_tag?post=1356"}],"curies":[{"name":"wp","href":"https:\/\/api.w.org\/{rel}","templated":true}]}}