{"id":1451,"date":"2018-08-11T02:26:21","date_gmt":"2018-08-11T06:26:21","guid":{"rendered":"https:\/\/dolphinmedical.com\/colombia\/dolphinmedical.com\/?post_type=product&#038;p=1451"},"modified":"2026-01-28T22:18:18","modified_gmt":"2026-01-29T03:18:18","slug":"lapiz-marcador-de-piel-dolphin","status":"publish","type":"product","link":"https:\/\/dolphinmedical.com\/colombia\/productos\/cirugia\/cirugia-general\/lapiz-marcador-de-piel-dolphin\/","title":{"rendered":"L\u00e1piz Marcador de Piel Dolphin"},"content":{"rendered":"","protected":false},"excerpt":{"rendered":"<p><a class=\"button  button_size_2\" href=\"https:\/\/dolphinmedical.com\/colombia\/dolphinmedical.com\/wp-content\/uploads\/2026\/01\/lapiz-marcador-de-piel-dolphin.pdf\"     target=\"_blank\"    title=\"\"><span class=\"button_label\">Ver Brochure<\/span><\/a>\n <a class=\"button  button_size_2\" href=\"\/colombia\/cotizar\/?asunto=Cotizar%20Producto&#038;mensaje=Necesito%20cotizar%20el%20producto%20L\u00e1piz%20Marcador%20de%20Piel%20Dolphin%20REF:%201460SRL\"     style=\"background-color:#29327d!important;\"     title=\"\"><span class=\"button_label\">Cotizar<\/span><\/a>\n<br \/>\n<hr class=\" hr_color\" style=\"margin:0 auto 30px;\"\/>\n<br \/>\n<div class=\"accordion\"><div class=\"mfn-acc accordion_wrapper \"><div class=\"question\"><div class=\"title\"><i class=\"icon-plus acc-icon-plus\" aria-hidden=\"true\"><\/i><i class=\"icon-minus acc-icon-minus\" aria-hidden=\"true\"><\/i>Caracter\u00edsticas<\/div><div class=\"answer\"><br \/>\nNuestro l\u00e1piz marcador de piel Dolphin, se caracteriza por:<\/p>\n<ul>\n<li>Tener una Punta Regular que permite delimitar de manera precisa.<\/li>\n<li>Incluye una regla graduada de 15 cms, lo que facilita la marcaci\u00f3n.<\/li>\n<li>Contiene una etiqueta autoadhesiva.<\/li>\n<li>Tinta no irritante de grado m\u00e9dico que se mantiene incluso despu\u00e9s de la preparaci\u00f3n pre-operatoria. Es resistente a la Clorhexidina.<\/li>\n<li>Es desechable y Est\u00e9ril en empaque individual.<\/li>\n<\/ul>\n<p><\/div><\/div>\n<\/div><\/div>\n<div class=\"accordion\"><div class=\"mfn-acc accordion_wrapper \"><div class=\"question\"><div class=\"title\"><i class=\"icon-plus acc-icon-plus\" aria-hidden=\"true\"><\/i><i class=\"icon-minus acc-icon-minus\" aria-hidden=\"true\"><\/i>Indicaciones<\/div><div class=\"answer\"><\/p>\n<p>Est\u00e1 indicado para todo tipo de demarcaciones de sitios de incisi\u00f3n o sitios anat\u00f3micos en el paciente, antes y durante procedimientos quir\u00fargicos.<\/p>\n<p><\/div><\/div>\n<\/div><\/div>\n<div class=\"accordion\"><div class=\"mfn-acc accordion_wrapper \"><div class=\"question\"><div class=\"title\"><i class=\"icon-plus acc-icon-plus\" aria-hidden=\"true\"><\/i><i class=\"icon-minus acc-icon-minus\" aria-hidden=\"true\"><\/i>Contraindicaciones<\/div><div class=\"answer\"><\/p>\n<ul>\n<li>Hipersensibilidad o alergia conocida a los componentes de la tinta (colorantes, alcoholes u otros aditivos).<\/li>\n<li>Uso sobre piel lesionada, abierta, quemada o con heridas activas.<\/li>\n<li>Aplicaci\u00f3n en zonas con infecci\u00f3n cut\u00e1nea activa (celulitis, abscesos, dermatitis infecciosa).<\/li>\n<\/ul>\n<p><\/div><\/div>\n<\/div><\/div>\n<div class=\"accordion\"><div class=\"mfn-acc accordion_wrapper \"><div class=\"question\"><div class=\"title\"><i class=\"icon-plus acc-icon-plus\" aria-hidden=\"true\"><\/i><i class=\"icon-minus acc-icon-minus\" aria-hidden=\"true\"><\/i>C\u00f3digos y Medidas<\/div><div class=\"answer\"><\/p>\n<table class=\"egt\">\n<tbody>\n<tr>\n<td><strong>C\u00f3digo<\/strong><\/td>\n<td><strong>Presentaci\u00f3n<\/strong><\/td>\n<\/tr>\n<tr>\n<td>1460SRL<\/td>\n<td>Caja por 50 unidades.<\/td>\n<\/tr>\n<\/tbody>\n<\/table>\n<p><\/div><\/div>\n<div class=\"question\"><div class=\"title\"><i class=\"icon-plus acc-icon-plus\" aria-hidden=\"true\"><\/i><i class=\"icon-minus acc-icon-minus\" aria-hidden=\"true\"><\/i>Registro INVIMA<\/div><div class=\"answer\"><\/p>\n<p>Consultar empaque original o contactar con el asesor comercial.<\/p>\n<p><\/div><\/div>\n<\/div><\/div>\n<br \/>\n<hr class=\"\" style=\"margin:0 auto 5px;\"\/>\n<\/p>\n","protected":false},"featured_media":1455,"template":"","meta":{"content-type":""},"product_brand":[],"product_cat":[25,26,69,70,78],"product_tag":[136,181,352],"class_list":{"0":"post-1451","1":"product","2":"type-product","3":"status-publish","4":"has-post-thumbnail","6":"product_cat-cirugia","7":"product_cat-dermatologia","8":"product_cat-cirugia-general","9":"product_cat-cirugia-plastica","10":"product_cat-lapiz-marcador","11":"product_tag-marcador","12":"product_tag-piel","13":"product_tag-lapiz","15":"first","16":"instock","17":"shipping-taxable","18":"product-type-simple"},"_links":{"self":[{"href":"https:\/\/dolphinmedical.com\/colombia\/wp-json\/wp\/v2\/product\/1451","targetHints":{"allow":["GET"]}}],"collection":[{"href":"https:\/\/dolphinmedical.com\/colombia\/wp-json\/wp\/v2\/product"}],"about":[{"href":"https:\/\/dolphinmedical.com\/colombia\/wp-json\/wp\/v2\/types\/product"}],"wp:featuredmedia":[{"embeddable":true,"href":"https:\/\/dolphinmedical.com\/colombia\/wp-json\/wp\/v2\/media\/1455"}],"wp:attachment":[{"href":"https:\/\/dolphinmedical.com\/colombia\/wp-json\/wp\/v2\/media?parent=1451"}],"wp:term":[{"taxonomy":"product_brand","embeddable":true,"href":"https:\/\/dolphinmedical.com\/colombia\/wp-json\/wp\/v2\/product_brand?post=1451"},{"taxonomy":"product_cat","embeddable":true,"href":"https:\/\/dolphinmedical.com\/colombia\/wp-json\/wp\/v2\/product_cat?post=1451"},{"taxonomy":"product_tag","embeddable":true,"href":"https:\/\/dolphinmedical.com\/colombia\/wp-json\/wp\/v2\/product_tag?post=1451"}],"curies":[{"name":"wp","href":"https:\/\/api.w.org\/{rel}","templated":true}]}}