{"id":1550,"date":"2018-09-27T14:11:53","date_gmt":"2018-09-27T17:11:53","guid":{"rendered":"https:\/\/dolphinmedical.com\/colombia\/?post_type=product&#038;p=1550"},"modified":"2026-02-26T14:32:43","modified_gmt":"2026-02-26T19:32:43","slug":"gel-anime","status":"publish","type":"product","link":"https:\/\/dolphinmedical.com\/colombia\/productos\/ginecologia\/pesarios\/gel-anime\/","title":{"rendered":"Gel Anim\u00e9"},"content":{"rendered":"","protected":false},"excerpt":{"rendered":"<p>&nbsp;<\/p>\n<p>Lubricante de uso diario para uso en dispositivos intravaginales.<\/p>\n<p><a class=\"button  button_size_2\" href=\"\/dolphinmedical.com\/wp-content\/uploads\/2020\/04\/Anime_220120.pdf\"     target=\"_blank\"    title=\"\"><span class=\"button_label\">Ver Brochure<\/span><\/a>\n<a class=\"button  button_size_2\" href=\"\/colombia\/cotizar\/?asunto=Cotizar%20Producto&#038;mensaje=Necesito%20cotizar%20el%20producto%20Gel%20ANIM\u00c9%20Ref:%20KESINGELANIME\"     style=\"background-color:#29327d!important;\"     title=\"\"><span class=\"button_label\">Cotizar<\/span><\/a>\n<br \/>\n<hr class=\" hr_color\" style=\"margin:0 auto 30px;\"\/>\n<br \/>\n<div class=\"accordion\"><div class=\"mfn-acc accordion_wrapper \"><div class=\"question\"><div class=\"title\"><i class=\"icon-plus acc-icon-plus\" aria-hidden=\"true\"><\/i><i class=\"icon-minus acc-icon-minus\" aria-hidden=\"true\"><\/i>Caracter\u00edsticas<\/div><div class=\"answer\"><\/p>\n<ul>\n<li>Libre de aroma.<\/li>\n<li>Transparente.<\/li>\n<li>Soluble en agua.<\/li>\n<li>No deja residuos.<\/li>\n<li>Libre de parabenos, silicona y sal.<\/li>\n<li>Contiene <em><strong>\u00e1cido hialur\u00f3nico<\/strong><\/em>, promoviendo la cicatrizaci\u00f3n.<\/li>\n<li>Cuida las capas superiores de la piel.<\/li>\n<li>pH: entre 3,5 a 4,5.<\/li>\n<li>Dermatol\u00f3gicamente testeado.<\/li>\n<li>Alivia la sequedad vaginal.<\/li>\n<li>Anim\u00e9 no contiene colorantes ni ingredientes de origen animal.<\/li>\n<li><strong>No tiene efecto anticonceptivo.<\/strong><\/li>\n<\/ul>\n<p><\/div><\/div>\n<\/div><\/div>\n<div class=\"accordion\"><div class=\"mfn-acc accordion_wrapper \"><div class=\"question\"><div class=\"title\"><i class=\"icon-plus acc-icon-plus\" aria-hidden=\"true\"><\/i><i class=\"icon-minus acc-icon-minus\" aria-hidden=\"true\"><\/i>Indicaciones<\/div><div class=\"answer\"><\/p>\n<ul>\n<li>Para ser usado con dispositivos vaginales: <em><strong>Pesarios, Dilatadores y Pesos Vaginales<\/strong><\/em>. Anim\u00e9 proporciona humedad y nutre las capas superiores de la piel, su composici\u00f3n que incluye <em><strong>\u00e1cido hialur\u00f3nico<\/strong><\/em>, lo hace extremadamente amigable con la piel, facilitando la colocaci\u00f3n y extracci\u00f3n de estos dispositivos.<\/li>\n<li>Para ser usado como gel \u00edntimo: mejora la lubricaci\u00f3n durante las relaciones sexuales, y al mismo tiempo cuida las capas superiores de la piel. El <em><strong>\u00e1cido hialur\u00f3nico<\/strong><\/em> ayuda a la cicatrizaci\u00f3n de las heridas y a las grietas peque\u00f1as.<\/li>\n<\/ul>\n<p><\/div><\/div>\n<\/div><\/div>\n<div class=\"accordion\"><div class=\"mfn-acc accordion_wrapper \"><div class=\"question\"><div class=\"title\"><i class=\"icon-plus acc-icon-plus\" aria-hidden=\"true\"><\/i><i class=\"icon-minus acc-icon-minus\" aria-hidden=\"true\"><\/i>Contraindicaciones<\/div><div class=\"answer\"><\/p>\n<p>En caso de infecci\u00f3n vaginal, <em><strong>consulte a su m\u00e9dico antes de usar el producto.<\/strong><\/em><\/p>\n<p><\/div><\/div>\n<\/div><\/div>\n<div class=\"accordion\"><div class=\"mfn-acc accordion_wrapper \"><div class=\"question\"><div class=\"title\"><i class=\"icon-plus acc-icon-plus\" aria-hidden=\"true\"><\/i><i class=\"icon-minus acc-icon-minus\" aria-hidden=\"true\"><\/i>C\u00f3digos y Medidas<\/div><div class=\"answer\"><\/p>\n<table class=\"egt\">\n<tbody>\n<tr>\n<th>C\u00f3digo<\/th>\n<\/tr>\n<tr>\n<td>KESINGELANIME<\/td>\n<\/tr>\n<\/tbody>\n<\/table>\n<p><\/div><\/div>\n<div class=\"question\"><div class=\"title\"><i class=\"icon-plus acc-icon-plus\" aria-hidden=\"true\"><\/i><i class=\"icon-minus acc-icon-minus\" aria-hidden=\"true\"><\/i>Registro INVIMA<\/div><div class=\"answer\"><\/p>\n<p>2022DM-0025606<\/p>\n<p><\/div><\/div>\n<\/div><\/div>\n<br \/>\n<hr class=\"\" style=\"margin:0 auto 5px;\"\/>\n<\/p>\n","protected":false},"featured_media":16991,"template":"","meta":{"content-type":""},"product_brand":[],"product_cat":[21,31],"product_tag":[303,372,491],"class_list":{"0":"post-1550","1":"product","2":"type-product","3":"status-publish","4":"has-post-thumbnail","6":"product_cat-ginecologia","7":"product_cat-pesarios","8":"product_tag-gel","9":"product_tag-lubricante","10":"product_tag-anime","12":"first","13":"instock","14":"shipping-taxable","15":"product-type-simple"},"_links":{"self":[{"href":"https:\/\/dolphinmedical.com\/colombia\/wp-json\/wp\/v2\/product\/1550","targetHints":{"allow":["GET"]}}],"collection":[{"href":"https:\/\/dolphinmedical.com\/colombia\/wp-json\/wp\/v2\/product"}],"about":[{"href":"https:\/\/dolphinmedical.com\/colombia\/wp-json\/wp\/v2\/types\/product"}],"wp:featuredmedia":[{"embeddable":true,"href":"https:\/\/dolphinmedical.com\/colombia\/wp-json\/wp\/v2\/media\/16991"}],"wp:attachment":[{"href":"https:\/\/dolphinmedical.com\/colombia\/wp-json\/wp\/v2\/media?parent=1550"}],"wp:term":[{"taxonomy":"product_brand","embeddable":true,"href":"https:\/\/dolphinmedical.com\/colombia\/wp-json\/wp\/v2\/product_brand?post=1550"},{"taxonomy":"product_cat","embeddable":true,"href":"https:\/\/dolphinmedical.com\/colombia\/wp-json\/wp\/v2\/product_cat?post=1550"},{"taxonomy":"product_tag","embeddable":true,"href":"https:\/\/dolphinmedical.com\/colombia\/wp-json\/wp\/v2\/product_tag?post=1550"}],"curies":[{"name":"wp","href":"https:\/\/api.w.org\/{rel}","templated":true}]}}