{"id":1583,"date":"2018-10-10T12:12:18","date_gmt":"2018-10-10T15:12:18","guid":{"rendered":"https:\/\/dolphinmedical.com\/colombia\/?post_type=product&#038;p=1583"},"modified":"2025-10-25T14:38:11","modified_gmt":"2025-10-25T19:38:11","slug":"vagiwell","status":"publish","type":"product","link":"https:\/\/dolphinmedical.com\/colombia\/productos\/ginecologia\/pesarios\/vagiwell\/","title":{"rendered":"Vagiwell"},"content":{"rendered":"","protected":false},"excerpt":{"rendered":"<p>&nbsp;<\/p>\n<p>Dilatadores vaginales de silicona m\u00e9dica<\/p>\n<p><a class=\"button  button_size_2\" href=\"\/dolphinmedical.com\/wp-content\/uploads\/2020\/04\/Vagiwell_300320.pdf\"     target=\"_blank\"    title=\"\"><span class=\"button_label\">Ver Brochure<\/span><\/a>\n<a class=\"button  button_size_2\" href=\"\/colombia\/cotizar\/?asunto=Cotizar%20Producto&#038;mensaje=Necesito%20cotizar%20el%20producto%20Vagiwell\"     style=\"background-color:#29327d!important;\"     title=\"\"><span class=\"button_label\">Cotizar<\/span><\/a>\n<br \/>\n<hr class=\" hr_color\" style=\"margin:0 auto 30px;\"\/>\n<br \/>\n<div class=\"accordion\"><div class=\"mfn-acc accordion_wrapper \"><div class=\"question\"><div class=\"title\"><i class=\"icon-plus acc-icon-plus\" aria-hidden=\"true\"><\/i><i class=\"icon-minus acc-icon-minus\" aria-hidden=\"true\"><\/i>Caracter\u00edsticas<\/div><div class=\"answer\"><\/p>\n<ul>\n<li>Dilatadores vaginales de silicona de grado m\u00e9dico, suave.<\/li>\n<li>Flexible, livianos y discretos.<\/li>\n<li>Ergon\u00f3micos.<\/li>\n<\/ul>\n<p><\/div><\/div>\n<\/div><\/div>\n<div class=\"accordion\"><div class=\"mfn-acc accordion_wrapper \"><div class=\"question\"><div class=\"title\"><i class=\"icon-plus acc-icon-plus\" aria-hidden=\"true\"><\/i><i class=\"icon-minus acc-icon-minus\" aria-hidden=\"true\"><\/i>Indicaciones<\/div><div class=\"answer\"><\/p>\n<p>Est\u00e1n indicados para todas las pacientes que requieren un ensanchamiento vaginal, en el caso de Vaginismo, el objetivo principal es considerarlos como un dispositivo que permita la desensibilizaci\u00f3n del canal vaginal con ejercicios para la introducci\u00f3n de un objeto en la vagina, mediante una asesor\u00eda m\u00e9dica.<\/p>\n<p><b>Indicado para:<\/b><\/p>\n<ul>\n<li>Post-parto, en el caso de haber realizado Episiotom\u00eda.<\/li>\n<li>Post-parto, en el caso de haber Desgarro perianal.<\/li>\n<li>Despu\u00e9s de un tratamiento oncol\u00f3gico prolongado con radiaci\u00f3n o quimioterapia.<\/li>\n<li>Post-quir\u00fargico, para intervenciones ginecol\u00f3gicas con estrechamiento vaginal y retracci\u00f3n cicatricial.<\/li>\n<li>Vaginismo.<\/li>\n<li>Post-quir\u00fargico para cambio de sexo de hombre a mujer.<\/li>\n<li>Dolor durante exploraciones ginecol\u00f3gicas.<\/li>\n<li>Dolor durante la introducci\u00f3n de tampones.<\/li>\n<\/ul>\n<p><\/div><\/div>\n<\/div><\/div>\n<div class=\"accordion\"><div class=\"mfn-acc accordion_wrapper \"><div class=\"question\"><div class=\"title\"><i class=\"icon-plus acc-icon-plus\" aria-hidden=\"true\"><\/i><i class=\"icon-minus acc-icon-minus\" aria-hidden=\"true\"><\/i>C\u00f3digos y Medidas<\/div><div class=\"answer\"><\/p>\n<table class=\"egt\">\n<tbody>\n<tr>\n<th>C\u00f3digo<\/th>\n<th>Descripci\u00f3n<\/th>\n<th>Contenido<\/th>\n<\/tr>\n<tr>\n<td>KESDEVAGIWELLP<\/td>\n<td>Vagiwell premium 5 piezas<\/td>\n<td>T1, T2, T3, T4 y T5<\/td>\n<\/tr>\n<tr>\n<td>KESDEVAGIWELLL<\/td>\n<td>Vagiwell L\u00a03 piezas<\/td>\n<td>T3, T4 y T5<\/td>\n<\/tr>\n<tr>\n<td>KESDEVAGIWELLS<\/td>\n<td>Vagiwell S 3 piezas<\/td>\n<td>T1, T2 y T3<\/td>\n<\/tr>\n<\/tbody>\n<\/table>\n<p><\/div><\/div>\n<div class=\"question\"><div class=\"title\"><i class=\"icon-plus acc-icon-plus\" aria-hidden=\"true\"><\/i><i class=\"icon-minus acc-icon-minus\" aria-hidden=\"true\"><\/i>Registro INVIMA<\/div><div class=\"answer\"><\/p>\n<p>2022DM-0025058<\/p>\n<p><\/div><\/div>\n<\/div><\/div>\n<hr class=\"\" style=\"margin:0 auto 5px;\"\/>\n<\/p>\n","protected":false},"featured_media":16688,"template":"","meta":{"content-type":""},"product_brand":[],"product_cat":[21,31],"product_tag":[259,356,492],"class_list":{"0":"post-1583","1":"product","2":"type-product","3":"status-publish","4":"has-post-thumbnail","6":"product_cat-ginecologia","7":"product_cat-pesarios","8":"product_tag-dilatador","9":"product_tag-silicona","10":"product_tag-dilatadores","12":"first","13":"instock","14":"shipping-taxable","15":"product-type-simple"},"_links":{"self":[{"href":"https:\/\/dolphinmedical.com\/colombia\/wp-json\/wp\/v2\/product\/1583","targetHints":{"allow":["GET"]}}],"collection":[{"href":"https:\/\/dolphinmedical.com\/colombia\/wp-json\/wp\/v2\/product"}],"about":[{"href":"https:\/\/dolphinmedical.com\/colombia\/wp-json\/wp\/v2\/types\/product"}],"wp:featuredmedia":[{"embeddable":true,"href":"https:\/\/dolphinmedical.com\/colombia\/wp-json\/wp\/v2\/media\/16688"}],"wp:attachment":[{"href":"https:\/\/dolphinmedical.com\/colombia\/wp-json\/wp\/v2\/media?parent=1583"}],"wp:term":[{"taxonomy":"product_brand","embeddable":true,"href":"https:\/\/dolphinmedical.com\/colombia\/wp-json\/wp\/v2\/product_brand?post=1583"},{"taxonomy":"product_cat","embeddable":true,"href":"https:\/\/dolphinmedical.com\/colombia\/wp-json\/wp\/v2\/product_cat?post=1583"},{"taxonomy":"product_tag","embeddable":true,"href":"https:\/\/dolphinmedical.com\/colombia\/wp-json\/wp\/v2\/product_tag?post=1583"}],"curies":[{"name":"wp","href":"https:\/\/api.w.org\/{rel}","templated":true}]}}