{"id":16740,"date":"2025-11-12T20:22:07","date_gmt":"2025-11-13T01:22:07","guid":{"rendered":"https:\/\/dolphinmedical.com\/colombia\/?post_type=product&#038;p=16740"},"modified":"2025-12-29T16:59:12","modified_gmt":"2025-12-29T21:59:12","slug":"pinza-kelly","status":"publish","type":"product","link":"https:\/\/dolphinmedical.com\/colombia\/productos\/cirugia\/cirugia-general\/pinza-kelly\/","title":{"rendered":"Pinza Kelly"},"content":{"rendered":"","protected":false},"excerpt":{"rendered":"<p>Instrumento quir\u00fargico esencial para procedimientos de hemostasia y sujeci\u00f3n de tejidos.<\/p>\n<p><a class=\"button  button_size_2\" href=\"\/colombia\/cotizar\/?asunto=Cotizar%20Producto&#038;mensaje=Necesito%20cotizar%20el%20producto%20Pinza%20Kelly\"     style=\"background-color:#29327d!important;\"     title=\"\"><span class=\"button_label\">Cotizar<\/span><\/a>\n<br \/>\n<hr class=\" hr_color\" style=\"margin:0 auto 30px;\"\/>\n<\/p>\n<div class=\"accordion\"><div class=\"mfn-acc accordion_wrapper \"><div class=\"question\"><div class=\"title\"><i class=\"icon-plus acc-icon-plus\" aria-hidden=\"true\"><\/i><i class=\"icon-minus acc-icon-minus\" aria-hidden=\"true\"><\/i>Caracter\u00edsticas<\/div><div class=\"answer\"><\/p>\n<ul>\n<li>Instrumento quir\u00fargico utilizado para clampar, sujetar y controlar sangrado.<\/li>\n<li>Fabricada en acero inoxidable grado m\u00e9dico, resistente a la corrosi\u00f3n.<\/li>\n<li>Presenta ramas rectas o curvas.<\/li>\n<li>Estr\u00edas transversales que cubren la mitad distal de las ramas (caracter\u00edstica distintiva).<\/li>\n<li>Cuenta con sistema de cremallera para bloqueo progresivo.<\/li>\n<li>Disponible en diferentes longitudes seg\u00fan el campo quir\u00fargico.<\/li>\n<\/ul>\n<p><\/div><\/div>\n<\/div><\/div>\n\n<div class=\"accordion\"><div class=\"mfn-acc accordion_wrapper \"><div class=\"question\"><div class=\"title\"><i class=\"icon-plus acc-icon-plus\" aria-hidden=\"true\"><\/i><i class=\"icon-minus acc-icon-minus\" aria-hidden=\"true\"><\/i>Indicaciones<\/div><div class=\"answer\"><\/p>\n<ul>\n<li>Hemostasia de vasos sangu\u00edneos medianos.<\/li>\n<li>Clampeo temporal de tejidos y vasos.<\/li>\n<li>Uso en cirug\u00eda general, ginecolog\u00eda y obstetricia, cirug\u00eda abdominal.<\/li>\n<\/ul>\n<p><\/div><\/div>\n<\/div><\/div>\n\n<div class=\"accordion\"><div class=\"mfn-acc accordion_wrapper \"><div class=\"question\"><div class=\"title\"><i class=\"icon-plus acc-icon-plus\" aria-hidden=\"true\"><\/i><i class=\"icon-minus acc-icon-minus\" aria-hidden=\"true\"><\/i>Contraindicaciones<\/div><div class=\"answer\"><\/p>\n<ul>\n<li>Estructuras fr\u00e1giles (nervios, intestino, vasos delicados).<\/li>\n<li>Uso prolongado en un mismo punto (riesgo de necrosis).<\/li>\n<li>Aplicaci\u00f3n con excesiva presi\u00f3n.<\/li>\n<\/ul>\n<p><\/div><\/div>\n<\/div><\/div>\n\n<div class=\"accordion\"><div class=\"mfn-acc accordion_wrapper \"><div class=\"question\"><div class=\"title\"><i class=\"icon-plus acc-icon-plus\" aria-hidden=\"true\"><\/i><i class=\"icon-minus acc-icon-minus\" aria-hidden=\"true\"><\/i>C\u00f3digos y Medidas<\/div><div class=\"answer\"><\/p>\n<table class=\"egt\">\n<tbody>\n<tr>\n<th>C\u00f3digo<\/th>\n<th>Medida<\/th>\n<\/tr>\n<tr>\n<td>DM13240-14<\/td>\n<td>14 CM<\/td>\n<\/tr>\n<tr>\n<td>DM13240-18<\/td>\n<td>18 CM<\/td>\n<\/tr>\n<\/tbody>\n<\/table>\n<p><\/div><\/div>\n<\/div><\/div>\n\n<p><div class=\"accordion\"><div class=\"mfn-acc accordion_wrapper \"><div class=\"question\"><div class=\"title\"><i class=\"icon-plus acc-icon-plus\" aria-hidden=\"true\"><\/i><i class=\"icon-minus acc-icon-minus\" aria-hidden=\"true\"><\/i>Registro INVIMA<\/div><div class=\"answer\"><\/p>\n<p>2024DM-0028550<\/p>\n<p><\/div><\/div>\n<\/div><\/div>\n<br \/>\n<hr class=\"\" style=\"margin:0 auto 5px;\"\/>\n<\/p>\n","protected":false},"featured_media":16741,"template":"","meta":{"content-type":""},"product_brand":[],"product_cat":[25,69,70],"product_tag":[92,104],"class_list":{"0":"post-16740","1":"product","2":"type-product","3":"status-publish","4":"has-post-thumbnail","6":"product_cat-cirugia","7":"product_cat-cirugia-general","8":"product_cat-cirugia-plastica","9":"product_tag-pinza","10":"product_tag-kelly","12":"first","13":"instock","14":"shipping-taxable","15":"product-type-simple"},"_links":{"self":[{"href":"https:\/\/dolphinmedical.com\/colombia\/wp-json\/wp\/v2\/product\/16740","targetHints":{"allow":["GET"]}}],"collection":[{"href":"https:\/\/dolphinmedical.com\/colombia\/wp-json\/wp\/v2\/product"}],"about":[{"href":"https:\/\/dolphinmedical.com\/colombia\/wp-json\/wp\/v2\/types\/product"}],"wp:featuredmedia":[{"embeddable":true,"href":"https:\/\/dolphinmedical.com\/colombia\/wp-json\/wp\/v2\/media\/16741"}],"wp:attachment":[{"href":"https:\/\/dolphinmedical.com\/colombia\/wp-json\/wp\/v2\/media?parent=16740"}],"wp:term":[{"taxonomy":"product_brand","embeddable":true,"href":"https:\/\/dolphinmedical.com\/colombia\/wp-json\/wp\/v2\/product_brand?post=16740"},{"taxonomy":"product_cat","embeddable":true,"href":"https:\/\/dolphinmedical.com\/colombia\/wp-json\/wp\/v2\/product_cat?post=16740"},{"taxonomy":"product_tag","embeddable":true,"href":"https:\/\/dolphinmedical.com\/colombia\/wp-json\/wp\/v2\/product_tag?post=16740"}],"curies":[{"name":"wp","href":"https:\/\/api.w.org\/{rel}","templated":true}]}}