{"id":16754,"date":"2025-11-12T20:31:19","date_gmt":"2025-11-13T01:31:19","guid":{"rendered":"https:\/\/dolphinmedical.com\/colombia\/?post_type=product&#038;p=16754"},"modified":"2025-12-29T15:45:49","modified_gmt":"2025-12-29T20:45:49","slug":"pinza-foerster","status":"publish","type":"product","link":"https:\/\/dolphinmedical.com\/colombia\/productos\/cirugia\/cirugia-general\/pinza-foerster\/","title":{"rendered":"Pinza Foerster"},"content":{"rendered":"","protected":false},"excerpt":{"rendered":"<p>Instrumento quir\u00fargico dise\u00f1ado para sujetar material quir\u00fargico y realizar asepsia del campo operatorio.<\/p>\n<p><a class=\"button  button_size_2\" href=\"\/colombia\/cotizar\/?asunto=Cotizar%20Producto&#038;mensaje=Necesito%20cotizar%20el%20producto%20Pinza%20Foerster\"     style=\"background-color:#29327d!important;\"     title=\"\"><span class=\"button_label\">Cotizar<\/span><\/a>\n<br \/>\n<hr class=\" hr_color\" style=\"margin:0 auto 30px;\"\/>\n<br \/>\n<div class=\"accordion\"><div class=\"mfn-acc accordion_wrapper \"><div class=\"question\"><div class=\"title\"><i class=\"icon-plus acc-icon-plus\" aria-hidden=\"true\"><\/i><i class=\"icon-minus acc-icon-minus\" aria-hidden=\"true\"><\/i>Caracter\u00edsticas<\/div><div class=\"answer\"><\/p>\n<ul>\n<li>Fabricada en acero inoxidable grado m\u00e9dico, resistente a la corrosi\u00f3n.<\/li>\n<li>Puntas en forma de anillo (ovalados o circulares).<\/li>\n<li>Ramas largas y rectas.<\/li>\n<li>Cuenta con sistema de cremallera para fijaci\u00f3n segura.<\/li>\n<\/ul>\n<p><\/div><\/div>\n<\/div><\/div>\n<div class=\"accordion\"><div class=\"mfn-acc accordion_wrapper \"><div class=\"question\"><div class=\"title\"><i class=\"icon-plus acc-icon-plus\" aria-hidden=\"true\"><\/i><i class=\"icon-minus acc-icon-minus\" aria-hidden=\"true\"><\/i>Indicaciones<\/div><div class=\"answer\"><\/p>\n<ul>\n<li>Sujeci\u00f3n de: Gasas, torundas o compresas.<\/li>\n<li>Limpieza y desinfecci\u00f3n del: Campo quir\u00fargico, piel del paciente.<\/li>\n<li>Aplicaci\u00f3n de: Soluciones antis\u00e9pticas, medicamentos t\u00f3picos.<\/li>\n<li>Manipulaci\u00f3n de tejidos delicados sin presi\u00f3n directa.<\/li>\n<li>Uso en: Cirug\u00eda general, ginecolog\u00eda y obstetricia, urolog\u00eda, cirug\u00eda pl\u00e1stica.<\/li>\n<\/ul>\n<p><\/div><\/div>\n<\/div><\/div>\n<div class=\"accordion\"><div class=\"mfn-acc accordion_wrapper \"><div class=\"question\"><div class=\"title\"><i class=\"icon-plus acc-icon-plus\" aria-hidden=\"true\"><\/i><i class=\"icon-minus acc-icon-minus\" aria-hidden=\"true\"><\/i>Contraindicaciones<\/div><div class=\"answer\"><\/p>\n<ul>\n<li>No indicada para prensi\u00f3n firme de tejidos (no proporciona sujeci\u00f3n segura).<\/li>\n<li>Tracci\u00f3n o disecci\u00f3n de tejidos.<\/li>\n<li>Uso en tejidos gruesos o resistentes.<\/li>\n<\/ul>\n<p><\/div><\/div>\n<\/div><\/div>\n<div class=\"accordion\"><div class=\"mfn-acc accordion_wrapper \"><div class=\"question\"><div class=\"title\"><i class=\"icon-plus acc-icon-plus\" aria-hidden=\"true\"><\/i><i class=\"icon-minus acc-icon-minus\" aria-hidden=\"true\"><\/i>C\u00f3digos y Medidas<\/div><div class=\"answer\"><\/p>\n<table class=\"egt\">\n<tbody>\n<tr>\n<th>C\u00f3digo<\/th>\n<th>Medida<\/th>\n<\/tr>\n<tr>\n<td>DM17170-25<\/td>\n<td>25 CM<\/td>\n<\/tr>\n<tr>\n<td>DM17171-25<\/td>\n<td>25 CM<\/td>\n<\/tr>\n<\/tbody>\n<\/table>\n<p><\/div><\/div>\n<div class=\"question\"><div class=\"title\"><i class=\"icon-plus acc-icon-plus\" aria-hidden=\"true\"><\/i><i class=\"icon-minus acc-icon-minus\" aria-hidden=\"true\"><\/i>Registro INVIMA<\/div><div class=\"answer\"><\/p>\n<p>2024DM-0028550<\/p>\n<p><\/div><\/div>\n<\/div><\/div>\n<br \/>\n<hr class=\"\" style=\"margin:0 auto 5px;\"\/>\n<\/p>\n","protected":false},"featured_media":16755,"template":"","meta":{"content-type":""},"product_brand":[],"product_cat":[25,69],"product_tag":[92,518],"class_list":{"0":"post-16754","1":"product","2":"type-product","3":"status-publish","4":"has-post-thumbnail","6":"product_cat-cirugia","7":"product_cat-cirugia-general","8":"product_tag-pinza","9":"product_tag-foerster","11":"first","12":"instock","13":"shipping-taxable","14":"product-type-simple"},"_links":{"self":[{"href":"https:\/\/dolphinmedical.com\/colombia\/wp-json\/wp\/v2\/product\/16754","targetHints":{"allow":["GET"]}}],"collection":[{"href":"https:\/\/dolphinmedical.com\/colombia\/wp-json\/wp\/v2\/product"}],"about":[{"href":"https:\/\/dolphinmedical.com\/colombia\/wp-json\/wp\/v2\/types\/product"}],"wp:featuredmedia":[{"embeddable":true,"href":"https:\/\/dolphinmedical.com\/colombia\/wp-json\/wp\/v2\/media\/16755"}],"wp:attachment":[{"href":"https:\/\/dolphinmedical.com\/colombia\/wp-json\/wp\/v2\/media?parent=16754"}],"wp:term":[{"taxonomy":"product_brand","embeddable":true,"href":"https:\/\/dolphinmedical.com\/colombia\/wp-json\/wp\/v2\/product_brand?post=16754"},{"taxonomy":"product_cat","embeddable":true,"href":"https:\/\/dolphinmedical.com\/colombia\/wp-json\/wp\/v2\/product_cat?post=16754"},{"taxonomy":"product_tag","embeddable":true,"href":"https:\/\/dolphinmedical.com\/colombia\/wp-json\/wp\/v2\/product_tag?post=16754"}],"curies":[{"name":"wp","href":"https:\/\/api.w.org\/{rel}","templated":true}]}}