{"id":16756,"date":"2025-11-12T20:32:55","date_gmt":"2025-11-13T01:32:55","guid":{"rendered":"https:\/\/dolphinmedical.com\/colombia\/?post_type=product&#038;p=16756"},"modified":"2026-01-28T22:32:47","modified_gmt":"2026-01-29T03:32:47","slug":"pinzas-pratt","status":"publish","type":"product","link":"https:\/\/dolphinmedical.com\/colombia\/productos\/ginecologia\/histerectomia-vaginal\/pinzas-pratt\/","title":{"rendered":"Pinzas Pratt"},"content":{"rendered":"","protected":false},"excerpt":{"rendered":"<p><a class=\"button  button_size_2\" href=\"https:\/\/dolphinmedical.com\/colombia\/dolphinmedical.com\/wp-content\/uploads\/2026\/01\/pinzas-pratt.pdf\"     target=\"_blank\"    title=\"\"><span class=\"button_label\">Ver Brochure<\/span><\/a>\n<a class=\"button  button_size_2\" href=\"\/colombia\/cotizar\/?asunto=Cotizar%20Producto&#038;mensaje=Necesito%20cotizar%20el%20producto%20Ref:%20DM13360-15\"     style=\"background-color:#29327d!important;\"     title=\"\"><span class=\"button_label\">Cotizar<\/span><\/a>\n<br \/>\n<hr class=\" hr_color\" style=\"margin:0 auto 30px;\"\/>\n<br \/>\n<div class=\"accordion\"><div class=\"mfn-acc accordion_wrapper \"><div class=\"question\"><div class=\"title\"><i class=\"icon-plus acc-icon-plus\" aria-hidden=\"true\"><\/i><i class=\"icon-minus acc-icon-minus\" aria-hidden=\"true\"><\/i>Caracter\u00edsticas<\/div><div class=\"answer\"><\/p>\n<ul>\n<li>Instrumento atraum\u00e1tico para oclusi\u00f3n temporal de estructuras.<\/li>\n<li>Mand\u00edbulas largas y delgadas, rectas o ligeramente curvas (seg\u00fan modelo).<\/li>\n<li>Superficie interna lisa o con estr\u00edas finas, reduce el da\u00f1o tisular.<\/li>\n<li>Fabricada en acero inoxidable grado quir\u00fargico, resistente a la corrosi\u00f3n.<\/li>\n<li>Mangos con anillos y sistema de cierre por cremallera (ratchet) preciso.<\/li>\n<li>Presi\u00f3n de cierre controlada, evita aplastamiento excesivo.<\/li>\n<li>Reutilizable y esterilizable (autoclave, \u00f3xido de etileno, plasma).<\/li>\n<\/ul>\n<p><\/div><\/div>\n<\/div><\/div>\n<div class=\"accordion\"><div class=\"mfn-acc accordion_wrapper \"><div class=\"question\"><div class=\"title\"><i class=\"icon-plus acc-icon-plus\" aria-hidden=\"true\"><\/i><i class=\"icon-minus acc-icon-minus\" aria-hidden=\"true\"><\/i>Indicaciones<\/div><div class=\"answer\"><\/p>\n<ul>\n<li>Cirug\u00eda general.<\/li>\n<li>Oclusi\u00f3n temporal de vasos sangu\u00edneos.<\/li>\n<li>Control de flujo durante anastomosis.<\/li>\n<li>Cirug\u00eda ginecol\u00f3gica, para pinzamiento atraum\u00e1tico de tejidos.<\/li>\n<li>Manipulaci\u00f3n y sujeci\u00f3n temporal de estructuras delicadas.<\/li>\n<\/ul>\n<p><\/div><\/div>\n<\/div><\/div>\n<div class=\"accordion\"><div class=\"mfn-acc accordion_wrapper \"><div class=\"question\"><div class=\"title\"><i class=\"icon-plus acc-icon-plus\" aria-hidden=\"true\"><\/i><i class=\"icon-minus acc-icon-minus\" aria-hidden=\"true\"><\/i>Contraindicaciones<\/div><div class=\"answer\"><\/p>\n<ul>\n<li>No indicada para tejidos gruesos o muy resistentes.<\/li>\n<li>No usar para tracci\u00f3n fuerte o permanente.<\/li>\n<li>No emplear en tejidos fr\u00e1giles con cierre excesivo.<\/li>\n<li>No utilizar si el mecanismo de cierre est\u00e1 defectuoso.<\/li>\n<\/ul>\n<p><\/div><\/div>\n<\/div><\/div>\n<div class=\"accordion\"><div class=\"mfn-acc accordion_wrapper \"><div class=\"question\"><div class=\"title\"><i class=\"icon-plus acc-icon-plus\" aria-hidden=\"true\"><\/i><i class=\"icon-minus acc-icon-minus\" aria-hidden=\"true\"><\/i>C\u00f3digos y Medidas<\/div><div class=\"answer\"><\/p>\n<table class=\"egt\">\n<tbody>\n<tr>\n<th>C\u00f3digo<\/th>\n<th>Medida<\/th>\n<\/tr>\n<tr>\n<td>DM13360-15<\/td>\n<td>15cm<\/td>\n<\/tr>\n<\/tbody>\n<\/table>\n<p><\/div><\/div>\n<div class=\"question\"><div class=\"title\"><i class=\"icon-plus acc-icon-plus\" aria-hidden=\"true\"><\/i><i class=\"icon-minus acc-icon-minus\" aria-hidden=\"true\"><\/i>Registro INVIMA<\/div><div class=\"answer\"><\/p>\n<p>2024DM-0028550<\/p>\n<p><\/div><\/div>\n<\/div><\/div>\n<br \/>\n<hr class=\"\" style=\"margin:0 auto 5px;\"\/>\n<\/p>\n","protected":false},"featured_media":16757,"template":"","meta":{"content-type":""},"product_brand":[],"product_cat":[21,25,33,69],"product_tag":[92,519],"class_list":{"0":"post-16756","1":"product","2":"type-product","3":"status-publish","4":"has-post-thumbnail","6":"product_cat-ginecologia","7":"product_cat-cirugia","8":"product_cat-histerectomia-vaginal","9":"product_cat-cirugia-general","10":"product_tag-pinza","11":"product_tag-pratt","13":"first","14":"instock","15":"shipping-taxable","16":"product-type-simple"},"_links":{"self":[{"href":"https:\/\/dolphinmedical.com\/colombia\/wp-json\/wp\/v2\/product\/16756","targetHints":{"allow":["GET"]}}],"collection":[{"href":"https:\/\/dolphinmedical.com\/colombia\/wp-json\/wp\/v2\/product"}],"about":[{"href":"https:\/\/dolphinmedical.com\/colombia\/wp-json\/wp\/v2\/types\/product"}],"wp:featuredmedia":[{"embeddable":true,"href":"https:\/\/dolphinmedical.com\/colombia\/wp-json\/wp\/v2\/media\/16757"}],"wp:attachment":[{"href":"https:\/\/dolphinmedical.com\/colombia\/wp-json\/wp\/v2\/media?parent=16756"}],"wp:term":[{"taxonomy":"product_brand","embeddable":true,"href":"https:\/\/dolphinmedical.com\/colombia\/wp-json\/wp\/v2\/product_brand?post=16756"},{"taxonomy":"product_cat","embeddable":true,"href":"https:\/\/dolphinmedical.com\/colombia\/wp-json\/wp\/v2\/product_cat?post=16756"},{"taxonomy":"product_tag","embeddable":true,"href":"https:\/\/dolphinmedical.com\/colombia\/wp-json\/wp\/v2\/product_tag?post=16756"}],"curies":[{"name":"wp","href":"https:\/\/api.w.org\/{rel}","templated":true}]}}