{"id":16758,"date":"2025-11-12T20:34:27","date_gmt":"2025-11-13T01:34:27","guid":{"rendered":"https:\/\/dolphinmedical.com\/colombia\/?post_type=product&#038;p=16758"},"modified":"2026-01-28T23:48:06","modified_gmt":"2026-01-29T04:48:06","slug":"valva-de-peso-steiner","status":"publish","type":"product","link":"https:\/\/dolphinmedical.com\/colombia\/productos\/ginecologia\/histerectomia-vaginal\/valva-de-peso-steiner\/","title":{"rendered":"Valva de peso Steiner"},"content":{"rendered":"","protected":false},"excerpt":{"rendered":"<p><a class=\"button  button_size_2\" href=\"https:\/\/dolphinmedical.com\/colombia\/dolphinmedical.com\/wp-content\/uploads\/2026\/01\/valva-de-peso-steiner.pdf\"     target=\"_blank\"    title=\"\"><span class=\"button_label\">Ver Brochure<\/span><\/a>\n<a class=\"button  button_size_2\" href=\"\/colombia\/cotizar\/?asunto=Cotizar%20Producto&#038;mensaje=Necesito%20cotizar%20el%20producto%20Valva%20Auvard%20con%20Peso%20Steiner\"     style=\"background-color:#29327d!important;\"     title=\"\"><span class=\"button_label\">Cotizar<\/span><\/a>\n<br \/>\n<hr class=\" hr_color\" style=\"margin:0 auto 30px;\"\/>\n<br \/>\n<div class=\"accordion\"><div class=\"mfn-acc accordion_wrapper \"><div class=\"question\"><div class=\"title\"><i class=\"icon-plus acc-icon-plus\" aria-hidden=\"true\"><\/i><i class=\"icon-minus acc-icon-minus\" aria-hidden=\"true\"><\/i>Caracter\u00edsticas<\/div><div class=\"answer\"><\/p>\n<ul>\n<li>Instrumento vaginal autoest\u00e1tico por contrapeso.<\/li>\n<li>Hoja curva y ancha, dise\u00f1ada para retraer la pared vaginal posterior.<\/li>\n<li>Peso Steiner que mantiene la valva en posici\u00f3n estable sin asistencia manual.<\/li>\n<li>Fabricada en acero inoxidable grado quir\u00fargico de alta durabilidad.<\/li>\n<li>Bordes romos y atraum\u00e1ticos, reducen el riesgo de lesi\u00f3n.<\/li>\n<li>Superficie satinada o mate, disminuye reflejos.<\/li>\n<li>Permite la exposici\u00f3n clara del c\u00e9rvix y fondo vaginal.<\/li>\n<li>Reutilizable y esterilizable (autoclave, \u00f3xido de etileno, plasma).<\/li>\n<\/ul>\n<p><\/div><\/div>\n<\/div><\/div>\n<div class=\"accordion\"><div class=\"mfn-acc accordion_wrapper \"><div class=\"question\"><div class=\"title\"><i class=\"icon-plus acc-icon-plus\" aria-hidden=\"true\"><\/i><i class=\"icon-minus acc-icon-minus\" aria-hidden=\"true\"><\/i>Indicaciones<\/div><div class=\"answer\"><\/p>\n<ul>\n<li>Cirug\u00eda ginecol\u00f3gica vaginal, como: Histerectom\u00eda vaginal, Reparaciones del suelo p\u00e9lvico.<\/li>\n<li>Exploraci\u00f3n ginecol\u00f3gica que requiere exposici\u00f3n sostenida.<\/li>\n<li>Separaci\u00f3n y retracci\u00f3n de la pared vaginal posterior.<\/li>\n<li>Procedimientos donde se necesita campo operatorio estable.<\/li>\n<\/ul>\n<p><\/div><\/div>\n<\/div><\/div>\n<div class=\"accordion\"><div class=\"mfn-acc accordion_wrapper \"><div class=\"question\"><div class=\"title\"><i class=\"icon-plus acc-icon-plus\" aria-hidden=\"true\"><\/i><i class=\"icon-minus acc-icon-minus\" aria-hidden=\"true\"><\/i>Contraindicaciones<\/div><div class=\"answer\"><\/p>\n<ul>\n<li>No indicada en estenosis vaginal severa.<\/li>\n<li>No usar en pacientes pedi\u00e1tricos.<\/li>\n<li>No indicada en tejidos vaginales fr\u00e1giles o muy inflamados sin precauci\u00f3n.<\/li>\n<li>No utilizar si el instrumento est\u00e1 da\u00f1ado o corro\u00eddo.<\/li>\n<li>No sustituye retractores manuales cuando se requiere ajuste continuo.<\/li>\n<\/ul>\n<p><\/div><\/div>\n<\/div><\/div>\n<div class=\"accordion\"><div class=\"mfn-acc accordion_wrapper \"><div class=\"question\"><div class=\"title\"><i class=\"icon-plus acc-icon-plus\" aria-hidden=\"true\"><\/i><i class=\"icon-minus acc-icon-minus\" aria-hidden=\"true\"><\/i>C\u00f3digos y Medidas<\/div><div class=\"answer\"><\/p>\n<table class=\"egt\">\n<tbody>\n<tr>\n<th>C\u00f3digo<\/th>\n<th>Medida<\/th>\n<\/tr>\n<tr>\n<td>050-120<\/td>\n<td>14.5cm\/5.75in<\/td>\n<\/tr>\n<tr>\n<td>050-124<\/td>\n<td>17cm\/6.75in<\/td>\n<\/tr>\n<tr>\n<td>050-128<\/td>\n<td>23cm\/9in<\/td>\n<\/tr>\n<\/tbody>\n<\/table>\n<p><\/div><\/div>\n<div class=\"question\"><div class=\"title\"><i class=\"icon-plus acc-icon-plus\" aria-hidden=\"true\"><\/i><i class=\"icon-minus acc-icon-minus\" aria-hidden=\"true\"><\/i>Registro INVIMA<\/div><div class=\"answer\"><\/p>\n<p>2024DM-0028550<\/p>\n<p><\/div><\/div>\n<\/div><\/div>\n<hr class=\"\" style=\"margin:0 auto 5px;\"\/>\n<\/p>\n","protected":false},"featured_media":16759,"template":"","meta":{"content-type":""},"product_brand":[],"product_cat":[21,25,33,69],"product_tag":[98,520,97],"class_list":{"0":"post-16758","1":"product","2":"type-product","3":"status-publish","4":"has-post-thumbnail","6":"product_cat-ginecologia","7":"product_cat-cirugia","8":"product_cat-histerectomia-vaginal","9":"product_cat-cirugia-general","10":"product_tag-peso","11":"product_tag-steiner","12":"product_tag-valva","14":"first","15":"instock","16":"shipping-taxable","17":"product-type-simple"},"_links":{"self":[{"href":"https:\/\/dolphinmedical.com\/colombia\/wp-json\/wp\/v2\/product\/16758","targetHints":{"allow":["GET"]}}],"collection":[{"href":"https:\/\/dolphinmedical.com\/colombia\/wp-json\/wp\/v2\/product"}],"about":[{"href":"https:\/\/dolphinmedical.com\/colombia\/wp-json\/wp\/v2\/types\/product"}],"wp:featuredmedia":[{"embeddable":true,"href":"https:\/\/dolphinmedical.com\/colombia\/wp-json\/wp\/v2\/media\/16759"}],"wp:attachment":[{"href":"https:\/\/dolphinmedical.com\/colombia\/wp-json\/wp\/v2\/media?parent=16758"}],"wp:term":[{"taxonomy":"product_brand","embeddable":true,"href":"https:\/\/dolphinmedical.com\/colombia\/wp-json\/wp\/v2\/product_brand?post=16758"},{"taxonomy":"product_cat","embeddable":true,"href":"https:\/\/dolphinmedical.com\/colombia\/wp-json\/wp\/v2\/product_cat?post=16758"},{"taxonomy":"product_tag","embeddable":true,"href":"https:\/\/dolphinmedical.com\/colombia\/wp-json\/wp\/v2\/product_tag?post=16758"}],"curies":[{"name":"wp","href":"https:\/\/api.w.org\/{rel}","templated":true}]}}