{"id":16768,"date":"2025-11-12T20:40:33","date_gmt":"2025-11-13T01:40:33","guid":{"rendered":"https:\/\/dolphinmedical.com\/colombia\/?post_type=product&#038;p=16768"},"modified":"2025-12-10T18:55:37","modified_gmt":"2025-12-10T23:55:37","slug":"tenaculo-pozzi","status":"publish","type":"product","link":"https:\/\/dolphinmedical.com\/colombia\/productos\/ginecologia\/patologia-cervical\/tenaculo-pozzi\/","title":{"rendered":"Ten\u00e1culo Pozzi"},"content":{"rendered":"","protected":false},"excerpt":{"rendered":"<p>Instrumento ginecol\u00f3gico utilizado para prensar, estabilizar y traccionar el cuello uterino durante procedimientos diagn\u00f3sticos y terap\u00e9uticos.<\/p>\n<p><a class=\"button  button_size_2\" href=\"\/colombia\/cotizar\/?asunto=Cotizar%20Producto&#038;mensaje=Necesito%20cotizar%20el%20producto%20Ten\u00e1culo%20Pozzi\"     style=\"background-color:#29327d!important;\"     title=\"\"><span class=\"button_label\">Cotizar<\/span><\/a>\n<br \/>\n<hr class=\" hr_color\" style=\"margin:0 auto 30px;\"\/>\n<br \/>\n<div class=\"accordion\"><div class=\"mfn-acc accordion_wrapper \"><div class=\"question\"><div class=\"title\"><i class=\"icon-plus acc-icon-plus\" aria-hidden=\"true\"><\/i><i class=\"icon-minus acc-icon-minus\" aria-hidden=\"true\"><\/i>Caracter\u00edsticas<\/div><div class=\"answer\"><\/p>\n<ul>\n<li>Pinza de una o dos puntas, largas y finas.<\/li>\n<li>Sistema de traba o cremallera para mantener la presi\u00f3n controlada.<\/li>\n<li>Longitud aproximada: 22\u201325 cm.<\/li>\n<li>Fabricado en acero inoxidable grado quir\u00fargico.<\/li>\n<li>Resistente a autoclave y esterilizaci\u00f3n repetida.<\/li>\n<\/ul>\n<p><\/div><\/div>\n<\/div><\/div>\n<div class=\"accordion\"><div class=\"mfn-acc accordion_wrapper \"><div class=\"question\"><div class=\"title\"><i class=\"icon-plus acc-icon-plus\" aria-hidden=\"true\"><\/i><i class=\"icon-minus acc-icon-minus\" aria-hidden=\"true\"><\/i>Indicaciones<\/div><div class=\"answer\"><br \/>\nEl ten\u00e1culo Pozzi se utiliza para sujetar el c\u00e9rvix y mantenerlo estable en procedimientos como:<\/p>\n<ul>\n<li>Toma de biopsia cervical.<\/li>\n<li>Colocaci\u00f3n de hister\u00f3metro.<\/li>\n<li>Histeroscopia diagn\u00f3stica.<\/li>\n<li>Toma de muestras endocervicales o endometriales.<\/li>\n<li>Colposcopia cuando requiere estabilizaci\u00f3n cervical.<\/li>\n<\/ul>\n<p><\/div><\/div>\n<\/div><\/div>\n<div class=\"accordion\"><div class=\"mfn-acc accordion_wrapper \"><div class=\"question\"><div class=\"title\"><i class=\"icon-plus acc-icon-plus\" aria-hidden=\"true\"><\/i><i class=\"icon-minus acc-icon-minus\" aria-hidden=\"true\"><\/i>Contraindicaciones<\/div><div class=\"answer\"><\/p>\n<ul>\n<li>Infecci\u00f3n cervical o vaginal activa (cervicitis purulenta, EPI).<\/li>\n<li>C\u00e9rvix friable, ulcerado o con lesiones que puedan sangrar excesivamente.<\/li>\n<li>Sospecha de c\u00e1ncer cervical avanzado, por riesgo de desgarro o hemorragia.<\/li>\n<\/ul>\n<p><\/div><\/div>\n<\/div><\/div>\n<div class=\"accordion\"><div class=\"mfn-acc accordion_wrapper \"><div class=\"question\"><div class=\"title\"><i class=\"icon-plus acc-icon-plus\" aria-hidden=\"true\"><\/i><i class=\"icon-minus acc-icon-minus\" aria-hidden=\"true\"><\/i>C\u00f3digos y Medidas<\/div><div class=\"answer\"><\/p>\n<table class=\"egt\">\n<tbody>\n<tr>\n<th>C\u00f3digo<\/th>\n<th>Medida<\/th>\n<\/tr>\n<tr>\n<td>DM71502-25<\/td>\n<td>25cm<\/td>\n<\/tr>\n<\/tbody>\n<\/table>\n<p><\/div><\/div>\n<div class=\"question\"><div class=\"title\"><i class=\"icon-plus acc-icon-plus\" aria-hidden=\"true\"><\/i><i class=\"icon-minus acc-icon-minus\" aria-hidden=\"true\"><\/i>Registro INVIMA<\/div><div class=\"answer\"><\/p>\n<p><\/div><\/div>\n<\/div><\/div>\n<hr class=\"\" style=\"margin:0 auto 5px;\"\/>\n<\/p>\n","protected":false},"featured_media":16769,"template":"","meta":{"content-type":""},"product_brand":[],"product_cat":[21,25,32,69],"product_tag":[523,522],"class_list":{"0":"post-16768","1":"product","2":"type-product","3":"status-publish","4":"has-post-thumbnail","6":"product_cat-ginecologia","7":"product_cat-cirugia","8":"product_cat-patologia-cervical","9":"product_cat-cirugia-general","10":"product_tag-pozzi","11":"product_tag-tenaculo","13":"first","14":"instock","15":"shipping-taxable","16":"product-type-simple"},"_links":{"self":[{"href":"https:\/\/dolphinmedical.com\/colombia\/wp-json\/wp\/v2\/product\/16768","targetHints":{"allow":["GET"]}}],"collection":[{"href":"https:\/\/dolphinmedical.com\/colombia\/wp-json\/wp\/v2\/product"}],"about":[{"href":"https:\/\/dolphinmedical.com\/colombia\/wp-json\/wp\/v2\/types\/product"}],"wp:featuredmedia":[{"embeddable":true,"href":"https:\/\/dolphinmedical.com\/colombia\/wp-json\/wp\/v2\/media\/16769"}],"wp:attachment":[{"href":"https:\/\/dolphinmedical.com\/colombia\/wp-json\/wp\/v2\/media?parent=16768"}],"wp:term":[{"taxonomy":"product_brand","embeddable":true,"href":"https:\/\/dolphinmedical.com\/colombia\/wp-json\/wp\/v2\/product_brand?post=16768"},{"taxonomy":"product_cat","embeddable":true,"href":"https:\/\/dolphinmedical.com\/colombia\/wp-json\/wp\/v2\/product_cat?post=16768"},{"taxonomy":"product_tag","embeddable":true,"href":"https:\/\/dolphinmedical.com\/colombia\/wp-json\/wp\/v2\/product_tag?post=16768"}],"curies":[{"name":"wp","href":"https:\/\/api.w.org\/{rel}","templated":true}]}}