{"id":16772,"date":"2025-11-12T20:43:07","date_gmt":"2025-11-13T01:43:07","guid":{"rendered":"https:\/\/dolphinmedical.com\/colombia\/?post_type=product&#038;p=16772"},"modified":"2026-01-28T22:49:44","modified_gmt":"2026-01-29T03:49:44","slug":"retractor-breisky","status":"publish","type":"product","link":"https:\/\/dolphinmedical.com\/colombia\/productos\/ginecologia\/histerectomia-vaginal\/retractor-breisky\/","title":{"rendered":"Retractor Breisky"},"content":{"rendered":"","protected":false},"excerpt":{"rendered":"<p><a class=\"button  button_size_2\" href=\"https:\/\/dolphinmedical.com\/colombia\/dolphinmedical.com\/wp-content\/uploads\/2026\/01\/retractor-breasky.pdf\"     target=\"_blank\"    title=\"\"><span class=\"button_label\">Ver Brochure<\/span><\/a>\n<a class=\"button  button_size_2\" href=\"\/colombia\/cotizar\/?asunto=Cotizar%20Producto&#038;mensaje=Necesito%20cotizar%20el%20producto%20Instrumento%20manual%20de%20separaci\u00f3n\"     style=\"background-color:#29327d!important;\"     title=\"\"><span class=\"button_label\">Cotizar<\/span><\/a>\n<br \/>\n<hr class=\" hr_color\" style=\"margin:0 auto 30px;\"\/>\n<br \/>\n<div class=\"accordion\"><div class=\"mfn-acc accordion_wrapper \"><div class=\"question\"><div class=\"title\"><i class=\"icon-plus acc-icon-plus\" aria-hidden=\"true\"><\/i><i class=\"icon-minus acc-icon-minus\" aria-hidden=\"true\"><\/i>Caracter\u00edsticas<\/div><div class=\"answer\"><\/p>\n<ul>\n<li>Instrumento manual de separaci\u00f3n y exposici\u00f3n.<\/li>\n<li>Hoja ancha, plana y curva, dise\u00f1ada para retraer tejidos de forma eficaz.<\/li>\n<li>Bordes romos y atraum\u00e1ticos, disminuyen el riesgo de lesi\u00f3n.<\/li>\n<li>Fabricado en acero inoxidable grado quir\u00fargico, resistente a la corrosi\u00f3n.<\/li>\n<li>Mango s\u00f3lido y ergon\u00f3mico, permite control y estabilidad.<\/li>\n<li>Superficie satinada o mate, reduce reflejos en el campo operatorio.<\/li>\n<li>Disponible en differentes tama\u00f1os y longitudes.<\/li>\n<li>Reutilizable y esterilizable (autoclave, \u00f3xido de etileno, plasma).<\/li>\n<li>Uso frecuente en ginecolog\u00eda y obstetricia.<\/li>\n<\/ul>\n<p><\/div><\/div>\n<\/div><\/div>\n<div class=\"accordion\"><div class=\"mfn-acc accordion_wrapper \"><div class=\"question\"><div class=\"title\"><i class=\"icon-plus acc-icon-plus\" aria-hidden=\"true\"><\/i><i class=\"icon-minus acc-icon-minus\" aria-hidden=\"true\"><\/i>Indicaciones<\/div><div class=\"answer\"><\/p>\n<ul>\n<li>Cirug\u00eda ginecol\u00f3gica vaginal, para: Exposici\u00f3n del canal vaginal y visualizaci\u00f3n del c\u00e9rvix y fondos vaginales.<\/li>\n<li>Procedimientos como: Histerectom\u00eda vaginal, Reparaciones vaginales, Colocaci\u00f3n o retiro de dispositivos.<\/li>\n<li>Separaci\u00f3n y protecci\u00f3n de tejidos blandos durante el acto quir\u00fargico.<\/li>\n<li>Facilitar la visualizaci\u00f3n y el acceso al campo operatorio.<\/li>\n<\/ul>\n<p><\/div><\/div>\n<\/div><\/div>\n<div class=\"accordion\"><div class=\"mfn-acc accordion_wrapper \"><div class=\"question\"><div class=\"title\"><i class=\"icon-plus acc-icon-plus\" aria-hidden=\"true\"><\/i><i class=\"icon-minus acc-icon-minus\" aria-hidden=\"true\"><\/i>Contraindicaciones<\/div><div class=\"answer\"><\/p>\n<ul>\n<li>No indicado para tracci\u00f3n fuerte o prolongada sin alternancia, por riesgo de lesi\u00f3n tisular.<\/li>\n<li>No usar en tejidos inflamados o extremadamente fr\u00e1giles sin precauci\u00f3n.<\/li>\n<li>No sustituye retractores autoest\u00e1ticos cuando estos son necesarios.<\/li>\n<li>No utilizar si presenta bordes da\u00f1ados, deformaciones o corrosi\u00f3n.<\/li>\n<\/ul>\n<p><\/div><\/div>\n<\/div><\/div>\n<div class=\"accordion\"><div class=\"mfn-acc accordion_wrapper \"><div class=\"question\"><div class=\"title\"><i class=\"icon-plus acc-icon-plus\" aria-hidden=\"true\"><\/i><i class=\"icon-minus acc-icon-minus\" aria-hidden=\"true\"><\/i>C\u00f3digos y Medidas<\/div><div class=\"answer\"><\/p>\n<table class=\"egt\">\n<tbody>\n<tr>\n<th>C\u00f3digo<\/th>\n<th>Medidas<\/th>\n<\/tr>\n<tr>\n<td>DM71310-35<\/td>\n<td>28cm<\/td>\n<\/tr>\n<tr>\n<td>DM71313-20<\/td>\n<td>28 cm<\/td>\n<\/tr>\n<tr>\n<td>DM71313-30<\/td>\n<td>33cm<\/td>\n<\/tr>\n<tr>\n<td>DM71313-40<\/td>\n<td>35cm<\/td>\n<\/tr>\n<\/tbody>\n<\/table>\n<p><\/div><\/div>\n<div class=\"question\"><div class=\"title\"><i class=\"icon-plus acc-icon-plus\" aria-hidden=\"true\"><\/i><i class=\"icon-minus acc-icon-minus\" aria-hidden=\"true\"><\/i>Registro INVIMA<\/div><div class=\"answer\"><\/p>\n<p>2024DM-0028550<\/p>\n<p><\/div><\/div>\n<\/div><\/div>\n<br \/>\n<hr class=\"\" style=\"margin:0 auto 5px;\"\/>\n<\/p>\n","protected":false},"featured_media":16771,"template":"","meta":{"content-type":""},"product_brand":[],"product_cat":[21,25,33,69],"product_tag":[328,329,330],"class_list":{"0":"post-16772","1":"product","2":"type-product","3":"status-publish","4":"has-post-thumbnail","6":"product_cat-ginecologia","7":"product_cat-cirugia","8":"product_cat-histerectomia-vaginal","9":"product_cat-cirugia-general","10":"product_tag-porta","11":"product_tag-agujas","12":"product_tag-heaney","14":"first","15":"instock","16":"shipping-taxable","17":"product-type-simple"},"_links":{"self":[{"href":"https:\/\/dolphinmedical.com\/colombia\/wp-json\/wp\/v2\/product\/16772","targetHints":{"allow":["GET"]}}],"collection":[{"href":"https:\/\/dolphinmedical.com\/colombia\/wp-json\/wp\/v2\/product"}],"about":[{"href":"https:\/\/dolphinmedical.com\/colombia\/wp-json\/wp\/v2\/types\/product"}],"wp:featuredmedia":[{"embeddable":true,"href":"https:\/\/dolphinmedical.com\/colombia\/wp-json\/wp\/v2\/media\/16771"}],"wp:attachment":[{"href":"https:\/\/dolphinmedical.com\/colombia\/wp-json\/wp\/v2\/media?parent=16772"}],"wp:term":[{"taxonomy":"product_brand","embeddable":true,"href":"https:\/\/dolphinmedical.com\/colombia\/wp-json\/wp\/v2\/product_brand?post=16772"},{"taxonomy":"product_cat","embeddable":true,"href":"https:\/\/dolphinmedical.com\/colombia\/wp-json\/wp\/v2\/product_cat?post=16772"},{"taxonomy":"product_tag","embeddable":true,"href":"https:\/\/dolphinmedical.com\/colombia\/wp-json\/wp\/v2\/product_tag?post=16772"}],"curies":[{"name":"wp","href":"https:\/\/api.w.org\/{rel}","templated":true}]}}