{"id":359,"date":"2017-12-28T18:23:21","date_gmt":"2017-12-28T21:23:21","guid":{"rendered":"https:\/\/dolphinmedical.com\/colombia\/dolphinmedical.com\/?post_type=product&#038;p=359"},"modified":"2025-10-25T14:50:30","modified_gmt":"2025-10-25T19:50:30","slug":"pesario-gellhorn","status":"publish","type":"product","link":"https:\/\/dolphinmedical.com\/colombia\/productos\/ginecologia\/pesarios\/pesario-gellhorn\/","title":{"rendered":"Pesario Gellhorn"},"content":{"rendered":"","protected":false},"excerpt":{"rendered":"<p>El pesario Gellhorn con drenaje se usa para aliviar los s\u00edntomas de cistocele o rectocele. El v\u00e1stago de este pesario se pliega f\u00e1cilmente para facilitar la inserci\u00f3n y la extracci\u00f3n.<\/p>\n<p><a class=\"button  button_size_2\" href=\"\/dolphinmedical.com\/wp-content\/uploads\/2021\/01\/GELLHORN-CON-VASTAGO-LARGO_21012021_VF.pdf\"     target=\"_blank\"    title=\"\"><span class=\"button_label\">Ver Brochure<\/span><\/a>\n<a class=\"button  button_size_2\" href=\"\/colombia\/cotizar\/?asunto=Cotizar%20Producto&#038;mensaje=Necesito%20cotizar%20el%20producto%20Pesario%20Gellhorn\"     style=\"background-color:#29327d!important;\"     title=\"\"><span class=\"button_label\">Cotizar<\/span><\/a>\n<br \/>\n<hr class=\" hr_color\" style=\"margin:0 auto 30px;\"\/>\n<br \/>\n<div class=\"accordion\"><div class=\"mfn-acc accordion_wrapper \"><div class=\"question\"><div class=\"title\"><i class=\"icon-plus acc-icon-plus\" aria-hidden=\"true\"><\/i><i class=\"icon-minus acc-icon-minus\" aria-hidden=\"true\"><\/i>Descripci\u00f3n<\/div><div class=\"answer\"><\/p>\n<p>El pesario Gellhorn con v\u00e1stago largo es un dispositivo confeccionado de 100% silicona blanca quir\u00fargica de alta calidad, libre de l\u00e1tex, cuya densidad comprende entre 1,12 &#8211; 1,19 g\/sqcm.<br \/>\nDebido a su tama\u00f1o y diferentes formas, el peso de cada uno varia, no siendo un valor significativo que afecte el uso adecuado.<br \/>\nF\u00e1cil de insertar, remover y limpiar, aprobados por la FDA.<\/p>\n<p><\/div><\/div>\n<\/div><\/div>\n<div class=\"accordion\"><div class=\"mfn-acc accordion_wrapper \"><div class=\"question\"><div class=\"title\"><i class=\"icon-plus acc-icon-plus\" aria-hidden=\"true\"><\/i><i class=\"icon-minus acc-icon-minus\" aria-hidden=\"true\"><\/i>Caracter\u00edsticas T\u00e9cnicas<\/div><div class=\"answer\"><\/p>\n<ul>\n<li style=\"list-style-type: none;\">\n<ul>\n<li>100% Silicona blanca quir\u00fargica<\/li>\n<li>Libre de <strong>L\u00c1TEX<\/strong><\/li>\n<li>Color: Blanco (NO Autoclavable)<\/li>\n<\/ul>\n<\/li>\n<\/ul>\n<p><\/div><\/div>\n<\/div><\/div>\n<div class=\"accordion\"><div class=\"mfn-acc accordion_wrapper \"><div class=\"question\"><div class=\"title\"><i class=\"icon-plus acc-icon-plus\" aria-hidden=\"true\"><\/i><i class=\"icon-minus acc-icon-minus\" aria-hidden=\"true\"><\/i>Contraindicaciones<\/div><div class=\"answer\"><\/p>\n<p>El <strong>Pesario Gellhorn<\/strong> no debe ser usado en caso de infecciones agudas del tracto genital, infecciones p\u00e9lvicas, o si \u00e9ste causa incomodidad en la paciente<\/p>\n<p><\/div><\/div>\n<\/div><\/div>\n<div class=\"accordion\"><div class=\"mfn-acc accordion_wrapper \"><div class=\"question\"><div class=\"title\"><i class=\"icon-plus acc-icon-plus\" aria-hidden=\"true\"><\/i><i class=\"icon-minus acc-icon-minus\" aria-hidden=\"true\"><\/i>C\u00f3digos y Medidas<\/div><div class=\"answer\"><\/p>\n<table class=\"egt\">\n<tbody>\n<tr>\n<th>C\u00f3digo<\/th>\n<th>Numero<\/th>\n<th>Medida<\/th>\n<\/tr>\n<tr>\n<td>G1.50<\/td>\n<td>#0<\/td>\n<td>3.80m<\/td>\n<\/tr>\n<tr>\n<td>G1.75<\/td>\n<td>#1<\/td>\n<td>4.45cm<\/td>\n<\/tr>\n<tr>\n<td>G2.00<\/td>\n<td>#2<\/td>\n<td>5.08cm<\/td>\n<\/tr>\n<tr>\n<td>G2.25<\/td>\n<td>#3<\/td>\n<td>5.72cm<\/td>\n<\/tr>\n<tr>\n<td>G2.50<\/td>\n<td>#4<\/td>\n<td>6.35cm<\/td>\n<\/tr>\n<tr>\n<td>G2.75<\/td>\n<td>#5<\/td>\n<td>7.00cm<\/td>\n<\/tr>\n<tr>\n<td>G3.00<\/td>\n<td>#6<\/td>\n<td>7.62cm<\/td>\n<\/tr>\n<tr>\n<td>G3.25<\/td>\n<td>#7<\/td>\n<td>8.25cm<\/td>\n<\/tr>\n<tr>\n<td>G3.50<\/td>\n<td>#8<\/td>\n<td>8.90cm<\/td>\n<\/tr>\n<\/tbody>\n<\/table>\n<p><\/div><\/div>\n<div class=\"question\"><div class=\"title\"><i class=\"icon-plus acc-icon-plus\" aria-hidden=\"true\"><\/i><i class=\"icon-minus acc-icon-minus\" aria-hidden=\"true\"><\/i>Registro INVIMA<\/div><div class=\"answer\"><\/p>\n<p>2023DM-0027085<\/p>\n<p><\/div><\/div>\n<\/div><\/div>\n<hr class=\"\" style=\"margin:0 auto 5px;\"\/>\n<\/p>\n","protected":false},"featured_media":16689,"template":"","meta":{"content-type":""},"product_brand":[],"product_cat":[21,31],"product_tag":[207,27,64,206],"class_list":{"0":"post-359","1":"product","2":"type-product","3":"status-publish","4":"has-post-thumbnail","6":"product_cat-ginecologia","7":"product_cat-pesarios","8":"product_tag-prolapso","9":"product_tag-pesario","10":"product_tag-gellhorn","11":"product_tag-incontinencia","13":"first","14":"instock","15":"shipping-taxable","16":"product-type-simple"},"_links":{"self":[{"href":"https:\/\/dolphinmedical.com\/colombia\/wp-json\/wp\/v2\/product\/359","targetHints":{"allow":["GET"]}}],"collection":[{"href":"https:\/\/dolphinmedical.com\/colombia\/wp-json\/wp\/v2\/product"}],"about":[{"href":"https:\/\/dolphinmedical.com\/colombia\/wp-json\/wp\/v2\/types\/product"}],"wp:featuredmedia":[{"embeddable":true,"href":"https:\/\/dolphinmedical.com\/colombia\/wp-json\/wp\/v2\/media\/16689"}],"wp:attachment":[{"href":"https:\/\/dolphinmedical.com\/colombia\/wp-json\/wp\/v2\/media?parent=359"}],"wp:term":[{"taxonomy":"product_brand","embeddable":true,"href":"https:\/\/dolphinmedical.com\/colombia\/wp-json\/wp\/v2\/product_brand?post=359"},{"taxonomy":"product_cat","embeddable":true,"href":"https:\/\/dolphinmedical.com\/colombia\/wp-json\/wp\/v2\/product_cat?post=359"},{"taxonomy":"product_tag","embeddable":true,"href":"https:\/\/dolphinmedical.com\/colombia\/wp-json\/wp\/v2\/product_tag?post=359"}],"curies":[{"name":"wp","href":"https:\/\/api.w.org\/{rel}","templated":true}]}}