{"id":495,"date":"2018-01-08T18:10:41","date_gmt":"2018-01-08T21:10:41","guid":{"rendered":"https:\/\/dolphinmedical.com\/colombia\/dolphinmedical.com\/?post_type=product&#038;p=495"},"modified":"2026-01-28T23:51:24","modified_gmt":"2026-01-29T04:51:24","slug":"pinza-parametrio","status":"publish","type":"product","link":"https:\/\/dolphinmedical.com\/colombia\/productos\/ginecologia\/histerectomia-vaginal\/pinza-parametrio\/","title":{"rendered":"Clamp Parametrio Curva Suave"},"content":{"rendered":"","protected":false},"excerpt":{"rendered":"<p><a class=\"button  button_size_2\" href=\"https:\/\/dolphinmedical.com\/colombia\/dolphinmedical.com\/wp-content\/uploads\/2026\/01\/clamp-para-metrio-curva-suave.pdf\"     target=\"_blank\"    title=\"\"><span class=\"button_label\">Ver Brochure<\/span><\/a>\n<a class=\"button  button_size_2\" href=\"\/colombia\/cotizar\/?asunto=Cotizar%20Producto&#038;mensaje=Necesito%20cotizar%20el%20producto%20Pinza%20Parametrio%20Dolphin%20Ref:%20DM13621-24\"     style=\"background-color:#29327d!important;\"     title=\"\"><span class=\"button_label\">Cotizar<\/span><\/a>\n<br \/>\n<hr class=\" hr_color\" style=\"margin:0 auto 30px;\"\/>\n<br \/>\n<div class=\"accordion\"><div class=\"mfn-acc accordion_wrapper \"><div class=\"question\"><div class=\"title\"><i class=\"icon-plus acc-icon-plus\" aria-hidden=\"true\"><\/i><i class=\"icon-minus acc-icon-minus\" aria-hidden=\"true\"><\/i>Caracter\u00edsticas<\/div><div class=\"answer\"><\/p>\n<ul>\n<li>Curvatura ligera (curva suave) que facilita el acceso controlado al parametrio sin excesiva angulaci\u00f3n.<\/li>\n<li>Fabricado en acero inoxidable grado quir\u00fargico, de alta durabilidad y resistencia a la corrosi\u00f3n.<\/li>\n<li>Mand\u00edbulas largas y delgadas, adecuadas para disecci\u00f3n y pinzamiento preciso.<\/li>\n<li>Estr\u00edas internas transversales, proporcionan sujeci\u00f3n firme del tejido.<\/li>\n<li>Sistema de cierre con cremallera (ratchet) seguro y de f\u00e1cil liberaci\u00f3n.<\/li>\n<\/ul>\n<p><\/div><\/div>\n<\/div><\/div>\n<div class=\"accordion\"><div class=\"mfn-acc accordion_wrapper \"><div class=\"question\"><div class=\"title\"><i class=\"icon-plus acc-icon-plus\" aria-hidden=\"true\"><\/i><i class=\"icon-minus acc-icon-minus\" aria-hidden=\"true\"><\/i>Indicaciones<\/div><div class=\"answer\"><\/p>\n<ul>\n<li>Cirug\u00eda ginecol\u00f3gica, especialmente en: Histerectom\u00eda abdominal o vaginal.<\/li>\n<li>Procedimientos de cirug\u00eda p\u00e9lvica.<\/li>\n<li>Sujeci\u00f3n y disecci\u00f3n controlada de tejidos parametriales.<\/li>\n<li>Uso cuando se requiere mayor precisi\u00f3n y menor agresividad que la curva fuerte.<\/li>\n<\/ul>\n<p><\/div><\/div>\n<\/div><\/div>\n<div class=\"accordion\"><div class=\"mfn-acc accordion_wrapper \"><div class=\"question\"><div class=\"title\"><i class=\"icon-plus acc-icon-plus\" aria-hidden=\"true\"><\/i><i class=\"icon-minus acc-icon-minus\" aria-hidden=\"true\"><\/i>Contraindicaciones<\/div><div class=\"answer\"><\/p>\n<ul>\n<li>No indicada para tejidos muy gruesos o resistentes que requieran pinzamiento fuerte.<\/li>\n<li>No usar en cirug\u00eda m\u00ednimamente invasiva (laparosc\u00f3pica\/histerosc\u00f3pica).<\/li>\n<li>No emplear sobre estructuras no identificadas (ur\u00e9ter, nervios, grandes vasos).<\/li>\n<li>No utilizar si el instrumento presenta da\u00f1o, desalineaci\u00f3n o falla en el cierre.<\/li>\n<\/ul>\n<p><\/div><\/div>\n<\/div><\/div>\n<div class=\"accordion\"><div class=\"mfn-acc accordion_wrapper \"><div class=\"question\"><div class=\"title\"><i class=\"icon-plus acc-icon-plus\" aria-hidden=\"true\"><\/i><i class=\"icon-minus acc-icon-minus\" aria-hidden=\"true\"><\/i>C\u00f3digos y Medidas<\/div><div class=\"answer\"><\/p>\n<table class=\"egt\">\n<tbody>\n<tr>\n<th>C\u00f3digo<\/th>\n<th>Medida<\/th>\n<\/tr>\n<tr>\n<td>DM13621-24<\/td>\n<td>24cm<\/td>\n<\/tr>\n<\/tbody>\n<\/table>\n<p><\/div><\/div>\n<div class=\"question\"><div class=\"title\"><i class=\"icon-plus acc-icon-plus\" aria-hidden=\"true\"><\/i><i class=\"icon-minus acc-icon-minus\" aria-hidden=\"true\"><\/i>Registro INVIMA<\/div><div class=\"answer\"><\/p>\n<p>2024DM-0028550<\/p>\n<p><\/div><\/div>\n<\/div><\/div>\n<br \/>\n<hr class=\"\" style=\"margin:0 auto 5px;\"\/>\n<\/p>\n","protected":false},"featured_media":16663,"template":"","meta":{"content-type":""},"product_brand":[],"product_cat":[21,33],"product_tag":[92,94,95],"class_list":{"0":"post-495","1":"product","2":"type-product","3":"status-publish","4":"has-post-thumbnail","6":"product_cat-ginecologia","7":"product_cat-histerectomia-vaginal","8":"product_tag-pinza","9":"product_tag-parametrio","10":"product_tag-clamp","12":"first","13":"instock","14":"shipping-taxable","15":"product-type-simple"},"_links":{"self":[{"href":"https:\/\/dolphinmedical.com\/colombia\/wp-json\/wp\/v2\/product\/495","targetHints":{"allow":["GET"]}}],"collection":[{"href":"https:\/\/dolphinmedical.com\/colombia\/wp-json\/wp\/v2\/product"}],"about":[{"href":"https:\/\/dolphinmedical.com\/colombia\/wp-json\/wp\/v2\/types\/product"}],"wp:featuredmedia":[{"embeddable":true,"href":"https:\/\/dolphinmedical.com\/colombia\/wp-json\/wp\/v2\/media\/16663"}],"wp:attachment":[{"href":"https:\/\/dolphinmedical.com\/colombia\/wp-json\/wp\/v2\/media?parent=495"}],"wp:term":[{"taxonomy":"product_brand","embeddable":true,"href":"https:\/\/dolphinmedical.com\/colombia\/wp-json\/wp\/v2\/product_brand?post=495"},{"taxonomy":"product_cat","embeddable":true,"href":"https:\/\/dolphinmedical.com\/colombia\/wp-json\/wp\/v2\/product_cat?post=495"},{"taxonomy":"product_tag","embeddable":true,"href":"https:\/\/dolphinmedical.com\/colombia\/wp-json\/wp\/v2\/product_tag?post=495"}],"curies":[{"name":"wp","href":"https:\/\/api.w.org\/{rel}","templated":true}]}}