{"id":511,"date":"2018-01-08T18:33:12","date_gmt":"2018-01-08T21:33:12","guid":{"rendered":"https:\/\/dolphinmedical.com\/colombia\/dolphinmedical.com\/?post_type=product&#038;p=511"},"modified":"2026-01-28T23:40:29","modified_gmt":"2026-01-29T04:40:29","slug":"valva-de-peso-auvard","status":"publish","type":"product","link":"https:\/\/dolphinmedical.com\/colombia\/productos\/ginecologia\/histerectomia-vaginal\/valva-de-peso-auvard\/","title":{"rendered":"Valva de Peso Auvard"},"content":{"rendered":"","protected":false},"excerpt":{"rendered":"<p><a class=\"button  button_size_2\" href=\"https:\/\/dolphinmedical.com\/colombia\/dolphinmedical.com\/wp-content\/uploads\/2026\/01\/valva-de-peso-auvard.pdf\"     target=\"_blank\"    title=\"\"><span class=\"button_label\">Ver Brochure<\/span><\/a>\n<a class=\"button  button_size_2\" href=\"\/colombia\/cotizar\/?asunto=Cotizar%20Producto&#038;mensaje=Necesito%20cotizar%20el%20producto%20Valva%20de%20peso%20Auvard%20REF:%20DM301438\"     style=\"background-color:#29327d!important;\"     title=\"\"><span class=\"button_label\">Cotizar<\/span><\/a>\n<br \/>\n<hr class=\" hr_color\" style=\"margin:0 auto 30px;\"\/>\n<br \/>\n<div class=\"accordion\"><div class=\"mfn-acc accordion_wrapper \"><div class=\"question\"><div class=\"title\"><i class=\"icon-plus acc-icon-plus\" aria-hidden=\"true\"><\/i><i class=\"icon-minus acc-icon-minus\" aria-hidden=\"true\"><\/i>Caracter\u00edsticas<\/div><div class=\"answer\"><\/p>\n<ul>\n<li>Instrumento vaginal autoest\u00e1tico por efecto de peso.<\/li>\n<li>Hoja ancha y curva, dise\u00f1ada para retraer la pared vaginal posterior.<\/li>\n<li>Sistema de contrapeso (peso Auvard) que mantiene la valva en posici\u00f3n sin asistencia manual.<\/li>\n<li>Fabricada en acero inoxidable grado quir\u00fargico de alta resistencia.<\/li>\n<li>Bordes romos y atraum\u00e1ticos, minimizan lesiones tisulares.<\/li>\n<li>Superficie satinada o mate, reduce reflejos en el campo operatorio.<\/li>\n<li>Permite excelente exposici\u00f3n del c\u00e9rvix y fondo vaginal.<\/li>\n<\/ul>\n<p><\/div><\/div>\n<\/div><\/div>\n<div class=\"accordion\"><div class=\"mfn-acc accordion_wrapper \"><div class=\"question\"><div class=\"title\"><i class=\"icon-plus acc-icon-plus\" aria-hidden=\"true\"><\/i><i class=\"icon-minus acc-icon-minus\" aria-hidden=\"true\"><\/i>Indicaciones<\/div><div class=\"answer\"><\/p>\n<ul>\n<li>Cirug\u00eda ginecol\u00f3gica vaginal, especialmente: Histerectom\u00eda vaginal.<\/li>\n<li>Reparaciones vaginales.<\/li>\n<li>Exploraci\u00f3n ginecol\u00f3gica con necesidad de exposici\u00f3n sostenida.<\/li>\n<li>Separaci\u00f3n y retracci\u00f3n de la pared vaginal posterior.<\/li>\n<li>Procedimientos donde se requiere campo quir\u00fargico estable sin asistente.<\/li>\n<\/ul>\n<p><\/div><\/div>\n<\/div><\/div>\n<div class=\"accordion\"><div class=\"mfn-acc accordion_wrapper \"><div class=\"question\"><div class=\"title\"><i class=\"icon-plus acc-icon-plus\" aria-hidden=\"true\"><\/i><i class=\"icon-minus acc-icon-minus\" aria-hidden=\"true\"><\/i>Contraindicaciones<\/div><div class=\"answer\"><\/p>\n<ul>\n<li>No usar en tejidos muy fr\u00e1giles o inflamados sin extrema precauci\u00f3n.<\/li>\n<li>No indicada en pacientes pedi\u00e1tricos.<\/li>\n<li>No utilizar si presenta bordes da\u00f1ados o corrosi\u00f3n.<\/li>\n<li>No sustituye retractores manuales cuando se requiere ajuste din\u00e1mico.<\/li>\n<\/ul>\n<p><\/div><\/div>\n<\/div><\/div>\n<div class=\"accordion\"><div class=\"mfn-acc accordion_wrapper \"><div class=\"question\"><div class=\"title\"><i class=\"icon-plus acc-icon-plus\" aria-hidden=\"true\"><\/i><i class=\"icon-minus acc-icon-minus\" aria-hidden=\"true\"><\/i>C\u00f3digos y Medidas<\/div><div class=\"answer\"><\/p>\n<table class=\"egt\">\n<tbody>\n<tr>\n<th>C\u00f3digo<\/th>\n<th>Medida<\/th>\n<th>Peso<\/th>\n<\/tr>\n<tr>\n<td>DM301438<\/td>\n<td>105x38Cm<\/td>\n<td>1,4Kg<\/td>\n<\/tr>\n<\/tbody>\n<\/table>\n<p><\/div><\/div>\n<div class=\"question\"><div class=\"title\"><i class=\"icon-plus acc-icon-plus\" aria-hidden=\"true\"><\/i><i class=\"icon-minus acc-icon-minus\" aria-hidden=\"true\"><\/i>Registro INVIMA<\/div><div class=\"answer\"><\/p>\n<p>2024DM-0028550<\/p>\n<p><\/div><\/div>\n<\/div><\/div>\n<hr class=\"\" style=\"margin:0 auto 5px;\"\/>\n<\/p>\n","protected":false},"featured_media":16653,"template":"","meta":{"content-type":""},"product_brand":[],"product_cat":[21,25,33,69],"product_tag":[97,98,99],"class_list":{"0":"post-511","1":"product","2":"type-product","3":"status-publish","4":"has-post-thumbnail","6":"product_cat-ginecologia","7":"product_cat-cirugia","8":"product_cat-histerectomia-vaginal","9":"product_cat-cirugia-general","10":"product_tag-valva","11":"product_tag-peso","12":"product_tag-auvard","14":"first","15":"instock","16":"shipping-taxable","17":"product-type-simple"},"_links":{"self":[{"href":"https:\/\/dolphinmedical.com\/colombia\/wp-json\/wp\/v2\/product\/511","targetHints":{"allow":["GET"]}}],"collection":[{"href":"https:\/\/dolphinmedical.com\/colombia\/wp-json\/wp\/v2\/product"}],"about":[{"href":"https:\/\/dolphinmedical.com\/colombia\/wp-json\/wp\/v2\/types\/product"}],"wp:featuredmedia":[{"embeddable":true,"href":"https:\/\/dolphinmedical.com\/colombia\/wp-json\/wp\/v2\/media\/16653"}],"wp:attachment":[{"href":"https:\/\/dolphinmedical.com\/colombia\/wp-json\/wp\/v2\/media?parent=511"}],"wp:term":[{"taxonomy":"product_brand","embeddable":true,"href":"https:\/\/dolphinmedical.com\/colombia\/wp-json\/wp\/v2\/product_brand?post=511"},{"taxonomy":"product_cat","embeddable":true,"href":"https:\/\/dolphinmedical.com\/colombia\/wp-json\/wp\/v2\/product_cat?post=511"},{"taxonomy":"product_tag","embeddable":true,"href":"https:\/\/dolphinmedical.com\/colombia\/wp-json\/wp\/v2\/product_tag?post=511"}],"curies":[{"name":"wp","href":"https:\/\/api.w.org\/{rel}","templated":true}]}}