{"id":5456,"date":"2021-03-03T19:49:30","date_gmt":"2021-03-03T22:49:30","guid":{"rendered":"https:\/\/dolphinmedical.com\/colombia\/?post_type=product&#038;p=5456"},"modified":"2026-01-22T13:06:17","modified_gmt":"2026-01-22T18:06:17","slug":"generador-electroquirurgico-hv300","status":"publish","type":"product","link":"https:\/\/dolphinmedical.com\/colombia\/productos\/ginecologia\/patologia-cervical\/generador-electroquirurgico-hv300\/","title":{"rendered":"Generador Electroquir\u00fargico HV300"},"content":{"rendered":"","protected":false},"excerpt":{"rendered":"<p>Bal\u00f3n con sonda para taponamiento de hemorragia Post Parto.<\/p>\n<p><a class=\"button  button_size_2\" href=\"\/dolphinmedical.com\/wp-content\/uploads\/2021\/03\/GENERADOR-ELECTROQUIRURGICO-HV300_030321_VF.pdf\"     target=\"_blank\"    title=\"\"><span class=\"button_label\">Ver Brochure<\/span><\/a>\n<a class=\"button  button_size_2\" href=\"\/colombia\/cotizar\/?asunto=Cotizar%20Producto&#038;mensaje=Necesito%20cotizar%20el%20producto%20Generador%20electroquir\u00fargico%20HV300%20REF:%20HV-300\"     style=\"background-color:#29327d!important;\"     title=\"\"><span class=\"button_label\">Cotizar<\/span><\/a>\n<hr class=\" hr_color\" style=\"margin:0 auto 30px;\"\/>\n<div class=\"accordion\"><div class=\"mfn-acc accordion_wrapper \"><div class=\"question\"><div class=\"title\"><i class=\"icon-plus acc-icon-plus\" aria-hidden=\"true\"><\/i><i class=\"icon-minus acc-icon-minus\" aria-hidden=\"true\"><\/i>Descripci\u00f3n del Dispositivo<\/div><div class=\"answer\">El dise\u00f1o intuitivo y la configuraci\u00f3n f\u00e1cil de usar del generador electroquir\u00fargico HV300 (diatermia) para nosotros en la sala de operaciones moderna, presenta funciones monopolares y bipolares para satisfacer todas las demandas de las cirug\u00edas con seguridad, flexibilidad, confiabilidad y conveniencia.<\/div><\/div>\n<\/div><\/div>\n<div class=\"accordion\"><div class=\"mfn-acc accordion_wrapper \"><div class=\"question\"><div class=\"title\"><i class=\"icon-plus acc-icon-plus\" aria-hidden=\"true\"><\/i><i class=\"icon-minus acc-icon-minus\" aria-hidden=\"true\"><\/i>Caracter\u00edsticas<\/div><div class=\"answer\">Unidad electroquir\u00fargica controlada por microprocesador dise\u00f1ada para procedimientos electroquir\u00fargicos convencionales con la capacidad de ajuste autom\u00e1tico, dise\u00f1ada para diversas operaciones. <strong>Opci\u00f3n de activaci\u00f3n:<\/strong><br \/>\nDise\u00f1ado para realizar corte y coagulaci\u00f3n durante procedimientos quir\u00fargicos, salida activada por interruptor de mano o pedal.<\/p>\n<p><strong>REM (monitorizaci\u00f3n del electrodo de retorno)<\/strong><br \/>\nElectrodo de retorno (para Monopolar) con sistema de control de calidad (REM).<br \/>\nEste sistema REM monitorea continuamente los niveles de impedancia del paciente y desactiva el generador si se detecta una falla en el contacto del electrodo de retorno \/ paciente, al mismo tiempo con alarmas audibles y visuales.<\/p>\n<p><strong>Autocomprobaci\u00f3n autom\u00e1tica<\/strong><br \/>\nCuando encienda la m\u00e1quina, comenzar\u00e1 autom\u00e1ticamente la rutina de autoprueba antes de la operaci\u00f3n.<\/p>\n<p><strong>Corte monopolar<\/strong><br \/>\n-Salida monopolar m\u00faltiple, salidas de 3 pines (4 mm) y salida de cabezal de micr\u00f3fono laparosc\u00f3pico (4 mm, 8 mm)<\/p>\n<p>Diferentes efectos para los modos de corte, corte puro para disecci\u00f3n r\u00e1pida del tejido, mientras que corte combinado con un ligero efecto de coagulaci\u00f3n.<\/p>\n<p><strong>Coagulaci\u00f3n monopolar<\/strong><br \/>\nLos diferentes modos de coagulaci\u00f3n proporcionan efectos de coagulaci\u00f3n sin contacto precisos, moderados, mejorados<br \/>\nPosibilidad de coagulaci\u00f3n con plasma de arg\u00f3n<\/p>\n<p><strong>Bipolar<\/strong><br \/>\nCoagulaci\u00f3n con f\u00f3rceps para coagulaci\u00f3n por contacto sin chispas<\/p>\n<p><strong>Compatible con otros equipos<\/strong><br \/>\nM\u00f3dulo de gas arg\u00f3n.<br \/>\nSistema de evacuaci\u00f3n de humo \u00f3ptimo.<br \/>\n<\/div><\/div>\n<\/div><\/div>\n<!--[accordion title=\"\" open1st=\"0\" openAll=\"0\" style=\"\"][accordion_item title=\"Indicaciones\"]BT-Cath\u00ae est\u00e1 destinado a proporcionar un control temporal o una reducci\u00f3n de la hemorragia uterina durante la hemorragia postparto que no responde a la terapia est\u00e1ndar, incluido el masaje y la administraci\u00f3n de oxitocina. [\/accordion_item][\/accordion]--><div class=\"accordion\"><div class=\"mfn-acc accordion_wrapper \"><\/div><\/div>\n<div class=\"accordion\"><div class=\"mfn-acc accordion_wrapper \"><div class=\"question\"><div class=\"title\"><i class=\"icon-plus acc-icon-plus\" aria-hidden=\"true\"><\/i><i class=\"icon-minus acc-icon-minus\" aria-hidden=\"true\"><\/i>C\u00f3digos y Medidas<\/div><div class=\"answer\"><\/p>\n<table class=\"egt\">\n<tbody>\n<tr>\n<th>C\u00f3digo<\/th>\n<th>Descripci\u00f3n<\/th>\n<\/tr>\n<tr>\n<td>HV-300<\/td>\n<td>Generador Electroquir\u00fargico HV-300<\/td>\n<\/tr>\n<\/tbody>\n<\/table>\n<p><\/div><\/div>\n<\/div><\/div>\n<br \/>\n<hr class=\"\" style=\"margin:0 auto 5px;\"\/>\n<\/p>\n","protected":false},"featured_media":5457,"template":"","meta":{"content-type":""},"product_brand":[],"product_cat":[32],"product_tag":[112,464,465],"class_list":{"0":"post-5456","1":"product","2":"type-product","3":"status-publish","4":"has-post-thumbnail","6":"product_cat-patologia-cervical","7":"product_tag-electrocirugia","8":"product_tag-generador","9":"product_tag-electroquirurgico","11":"first","12":"instock","13":"shipping-taxable","14":"product-type-simple"},"_links":{"self":[{"href":"https:\/\/dolphinmedical.com\/colombia\/wp-json\/wp\/v2\/product\/5456","targetHints":{"allow":["GET"]}}],"collection":[{"href":"https:\/\/dolphinmedical.com\/colombia\/wp-json\/wp\/v2\/product"}],"about":[{"href":"https:\/\/dolphinmedical.com\/colombia\/wp-json\/wp\/v2\/types\/product"}],"wp:featuredmedia":[{"embeddable":true,"href":"https:\/\/dolphinmedical.com\/colombia\/wp-json\/wp\/v2\/media\/5457"}],"wp:attachment":[{"href":"https:\/\/dolphinmedical.com\/colombia\/wp-json\/wp\/v2\/media?parent=5456"}],"wp:term":[{"taxonomy":"product_brand","embeddable":true,"href":"https:\/\/dolphinmedical.com\/colombia\/wp-json\/wp\/v2\/product_brand?post=5456"},{"taxonomy":"product_cat","embeddable":true,"href":"https:\/\/dolphinmedical.com\/colombia\/wp-json\/wp\/v2\/product_cat?post=5456"},{"taxonomy":"product_tag","embeddable":true,"href":"https:\/\/dolphinmedical.com\/colombia\/wp-json\/wp\/v2\/product_tag?post=5456"}],"curies":[{"name":"wp","href":"https:\/\/api.w.org\/{rel}","templated":true}]}}