{"id":6025,"date":"2021-06-01T16:43:43","date_gmt":"2021-06-01T20:43:43","guid":{"rendered":"https:\/\/dolphinmedical.com\/colombia\/?post_type=product&#038;p=6025"},"modified":"2026-01-28T23:26:56","modified_gmt":"2026-01-29T04:26:56","slug":"sonda-de-aspiracion-endouterina","status":"publish","type":"product","link":"https:\/\/dolphinmedical.com\/colombia\/productos\/ginecologia\/perinatologia-obstreticia\/sonda-de-aspiracion-endouterina\/","title":{"rendered":"Sonda de Aspiraci\u00f3n Dolphin Medical Endouterina"},"content":{"rendered":"","protected":false},"excerpt":{"rendered":"<p><a class=\"button  button_size_2\" href=\"https:\/\/dolphinmedical.com\/colombia\/dolphinmedical.com\/wp-content\/uploads\/2026\/01\/sonda-de-aspiracion-dolphin-medical-endouterina.pdf\"     target=\"_blank\"    title=\"\"><span class=\"button_label\">Ver Brochure<\/span><\/a>\n<a class=\"button  button_size_2\" href=\"\/colombia\/cotizar\/?asunto=Cotizar%20Producto&#038;mensaje=Necesito%20cotizar%20el%20producto%20%20%20Sondas%20de%20aspiraci\u00f3n%20endouterina%20.\"     style=\"background-color:#29327d!important;\"     title=\"\"><span class=\"button_label\">Cotizar<\/span><\/a>\n<\/p>\n<p><hr class=\" hr_color\" style=\"margin:0 auto 30px;\"\/>\n<br \/>\n<div class=\"accordion\"><div class=\"mfn-acc accordion_wrapper \"><div class=\"question\"><div class=\"title\"><i class=\"icon-plus acc-icon-plus\" aria-hidden=\"true\"><\/i><i class=\"icon-minus acc-icon-minus\" aria-hidden=\"true\"><\/i>Caracter\u00edsticas<\/div><div class=\"answer\"><\/p>\n<ul>\n<li>Generalmente fabricadas en pl\u00e1stico grado m\u00e9dico, PVC o polietileno flexible y resistente.<\/li>\n<li>No t\u00f3xicas, libres de DEHP y l\u00e1tex.<\/li>\n<li>Tubulares, con punta atraum\u00e1tica redondeada para evitar da\u00f1o cervical o uterino.<\/li>\n<li>Orificios laterales dise\u00f1ados para maximizar la aspiraci\u00f3n y minimizar el riesgo de perforaci\u00f3n.<\/li>\n<li>Varios calibres disponibles (4 a 12 mm) para adaptarse a indicaciones ginecol\u00f3gicas espec\u00edficas.<\/li>\n<li>Cuerpo r\u00edgido-flexible que permite maniobrabilidad sin colapsar durante la aspiraci\u00f3n.<\/li>\n<\/ul>\n<p><\/div><\/div>\n<\/div><\/div>\n<div class=\"accordion\"><div class=\"mfn-acc accordion_wrapper \"><div class=\"question\"><div class=\"title\"><i class=\"icon-plus acc-icon-plus\" aria-hidden=\"true\"><\/i><i class=\"icon-minus acc-icon-minus\" aria-hidden=\"true\"><\/i>Indicaciones<\/div><div class=\"answer\"><br \/>\nEficaz y seguro para la evacuaci\u00f3n uterina en el tratamiento de un aborto incompleto y para la biopsia endometrial.<br \/>\n<\/div><\/div>\n<\/div><\/div>\n<div class=\"accordion\"><div class=\"mfn-acc accordion_wrapper \"><div class=\"question\"><div class=\"title\"><i class=\"icon-plus acc-icon-plus\" aria-hidden=\"true\"><\/i><i class=\"icon-minus acc-icon-minus\" aria-hidden=\"true\"><\/i>Contraindicaciones<\/div><div class=\"answer\"><br \/>\nLa sonda de aspiraci\u00f3n endouterina NO est\u00e1 indicada en los siguientes casos:<\/p>\n<ul>\n<li>Embarazo ect\u00f3pico confirmado o sospechado.<\/li>\n<li>Infecci\u00f3n p\u00e9lvica activa (endometritis, enfermedad inflamatoria p\u00e9lvica).<\/li>\n<li>Sepsis o compromiso sist\u00e9mico grave.<\/li>\n<li>Perforaci\u00f3n uterina confirmada o sospechada.<\/li>\n<li>Gestaciones avanzadas fuera del rango indicado para AMEU.<\/li>\n<\/ul>\n<p><\/div><\/div>\n<\/div><\/div>\n<div class=\"accordion\"><div class=\"mfn-acc accordion_wrapper \"><div class=\"question\"><div class=\"title\"><i class=\"icon-plus acc-icon-plus\" aria-hidden=\"true\"><\/i><i class=\"icon-minus acc-icon-minus\" aria-hidden=\"true\"><\/i>C\u00f3digos y Medidas<\/div><div class=\"answer\"><\/p>\n<table class=\"egt\" style=\"height: 252px;\" width=\"383\">\n<tbody>\n<tr>\n<th>C\u00f3digo<\/th>\n<th>Descripci\u00f3n<\/th>\n<th>Medida<\/th>\n<\/tr>\n<tr>\n<td>208-04<\/td>\n<td>Sonda de Aspiraci\u00f3n Dolphin Medical Endouterina<\/td>\n<td>4mm.<\/td>\n<\/tr>\n<tr>\n<td>208-05<\/td>\n<td>Sonda de Aspiraci\u00f3n Dolphin Medical Endouterina<\/td>\n<td>5mm.<\/td>\n<\/tr>\n<tr>\n<td>208-06<\/td>\n<td>Sonda de Aspiraci\u00f3n Dolphin Medical Endouterina<\/td>\n<td>6mm.<\/td>\n<\/tr>\n<tr>\n<td>208-07<\/td>\n<td>Sonda de Aspiraci\u00f3n Dolphin Medical Endouterina<\/td>\n<td>7mm.<\/td>\n<\/tr>\n<tr>\n<td>208-08<\/td>\n<td>Sonda de Aspiraci\u00f3n Dolphin Medical Endouterina<\/td>\n<td>8mm.<\/td>\n<\/tr>\n<tr>\n<td>208-09<\/td>\n<td>Sonda de Aspiraci\u00f3n Dolphin Medical Endouterina<\/td>\n<td>9mm.<\/td>\n<\/tr>\n<tr>\n<td>208-10<\/td>\n<td>Sonda de Aspiraci\u00f3n Dolphin Medical Endouterina<\/td>\n<td>10mm.<\/td>\n<\/tr>\n<tr>\n<td>208-12<\/td>\n<td>Sonda de Aspiraci\u00f3n Dolphin Medical Endouterina<\/td>\n<td>12mm.<\/td>\n<\/tr>\n<\/tbody>\n<\/table>\n<p><\/div><\/div>\n<div class=\"question\"><div class=\"title\"><i class=\"icon-plus acc-icon-plus\" aria-hidden=\"true\"><\/i><i class=\"icon-minus acc-icon-minus\" aria-hidden=\"true\"><\/i>Registro INVIMA<\/div><div class=\"answer\"><\/p>\n<p>2022DM-0026005<\/p>\n<p><\/div><\/div>\n<\/div><\/div>\n<br \/>\n<hr class=\"\" style=\"margin:0 auto 5px;\"\/>\n<\/p>\n","protected":false},"featured_media":6008,"template":"","meta":{"content-type":""},"product_brand":[],"product_cat":[36,21,32],"product_tag":[225,467],"class_list":{"0":"post-6025","1":"product","2":"type-product","3":"status-publish","4":"has-post-thumbnail","6":"product_cat-perinatologia-obstreticia","7":"product_cat-ginecologia","8":"product_cat-patologia-cervical","9":"product_tag-ameu","10":"product_tag-canulas","12":"first","13":"instock","14":"shipping-taxable","15":"product-type-simple"},"_links":{"self":[{"href":"https:\/\/dolphinmedical.com\/colombia\/wp-json\/wp\/v2\/product\/6025","targetHints":{"allow":["GET"]}}],"collection":[{"href":"https:\/\/dolphinmedical.com\/colombia\/wp-json\/wp\/v2\/product"}],"about":[{"href":"https:\/\/dolphinmedical.com\/colombia\/wp-json\/wp\/v2\/types\/product"}],"wp:featuredmedia":[{"embeddable":true,"href":"https:\/\/dolphinmedical.com\/colombia\/wp-json\/wp\/v2\/media\/6008"}],"wp:attachment":[{"href":"https:\/\/dolphinmedical.com\/colombia\/wp-json\/wp\/v2\/media?parent=6025"}],"wp:term":[{"taxonomy":"product_brand","embeddable":true,"href":"https:\/\/dolphinmedical.com\/colombia\/wp-json\/wp\/v2\/product_brand?post=6025"},{"taxonomy":"product_cat","embeddable":true,"href":"https:\/\/dolphinmedical.com\/colombia\/wp-json\/wp\/v2\/product_cat?post=6025"},{"taxonomy":"product_tag","embeddable":true,"href":"https:\/\/dolphinmedical.com\/colombia\/wp-json\/wp\/v2\/product_tag?post=6025"}],"curies":[{"name":"wp","href":"https:\/\/api.w.org\/{rel}","templated":true}]}}