{"id":6196,"date":"2021-06-24T12:16:05","date_gmt":"2021-06-24T16:16:05","guid":{"rendered":"https:\/\/dolphinmedical.com\/colombia\/?post_type=product&#038;p=6196"},"modified":"2026-01-29T18:22:47","modified_gmt":"2026-01-29T23:22:47","slug":"lapiz-electrobisturi-stingray-punta-paleta-larga","status":"publish","type":"product","link":"https:\/\/dolphinmedical.com\/colombia\/productos\/ginecologia\/patologia-cervical\/lapiz-electrobisturi-stingray-punta-paleta-larga\/","title":{"rendered":"Electrodo Punta Paleta Larga"},"content":{"rendered":"","protected":false},"excerpt":{"rendered":"<p>L\u00e1piz electrobistur\u00ed Dolphin Medical Stingray Punta Paleta Larga.<\/p>\n<p><a class=\"button  button_size_2\" href=\"\/dolphinmedical.com\/wp-content\/uploads\/2022\/05\/ELECTRODOS-CONVENIO-MARCO_041021_VF.pdf\"     target=\"_blank\"    title=\"\"><span class=\"button_label\">Ver Brochure<\/span><\/a>\n<a class=\"button  button_size_2\" href=\"\/colombia\/cotizar\/?asunto=Cotizar%20Producto&#038;mensaje=Necesito%20cotizar%20el%20producto%20L\u00e1piz%20electrobistur\u00ed%20Stingray%20Punta%20Paleta%20Larga.%20REF:%20DM4150107\"     style=\"background-color:#29327d!important;\"     title=\"\"><span class=\"button_label\">Cotizar<\/span><\/a>\n<br \/>\n<hr class=\" hr_color\" style=\"margin:0 auto 30px;\"\/>\n<br \/>\n<div class=\"accordion\"><div class=\"mfn-acc accordion_wrapper \"><div class=\"question\"><div class=\"title\"><i class=\"icon-plus acc-icon-plus\" aria-hidden=\"true\"><\/i><i class=\"icon-minus acc-icon-minus\" aria-hidden=\"true\"><\/i>Caracter\u00edsticas<\/div><div class=\"answer\"><\/p>\n<ul>\n<li>Acero inoxidable, lo que garantiza alta resistencia, durabilidad y transmisi\u00f3n el\u00e9ctrica eficiente.<\/li>\n<li>Conexi\u00f3n universal para l\u00e1pices de electro bistur\u00ed.<\/li>\n<li>Aptos para procedimientos de alta y baja frecuencia, lo que aumenta su versatilidad en cirug\u00eda.<\/li>\n<\/ul>\n<p><\/div><\/div>\n<\/div><\/div>\n<div class=\"accordion\"><div class=\"mfn-acc accordion_wrapper \"><div class=\"question\"><div class=\"title\"><i class=\"icon-plus acc-icon-plus\" aria-hidden=\"true\"><\/i><i class=\"icon-minus acc-icon-minus\" aria-hidden=\"true\"><\/i>Indicaciones<\/div><div class=\"answer\"><\/p>\n<p>El electrodo punta paleta corta indicado para coagulaci\u00f3n superficial, disecci\u00f3n con mayor superficie de contacto, corte controlado en tejidos m\u00e1s gruesos, resecciones moderadas.<\/p>\n<p><\/div><\/div>\n<\/div><\/div>\n<div class=\"accordion\"><div class=\"mfn-acc accordion_wrapper \"><div class=\"question\"><div class=\"title\"><i class=\"icon-plus acc-icon-plus\" aria-hidden=\"true\"><\/i><i class=\"icon-minus acc-icon-minus\" aria-hidden=\"true\"><\/i>Contraindicaciones<\/div><div class=\"answer\"><\/p>\n<ul>\n<li>Pacientes con dispositivos electro m\u00e9dicos sin protecci\u00f3n adecuada, como marcapasos o desfibriladores antiguos.<\/li>\n<li>Uso en \u00e1reas con presencia de gases inflamables o combustibles (p. ej., anestesia con \u00e9ter).<\/li>\n<li>No utilizar si el electrodo est\u00e1 da\u00f1ado, doblado o con contaminaci\u00f3n visible.<\/li>\n<\/ul>\n<p><\/div><\/div>\n<\/div><\/div>\n<div class=\"accordion\"><div class=\"mfn-acc accordion_wrapper \"><div class=\"question\"><div class=\"title\"><i class=\"icon-plus acc-icon-plus\" aria-hidden=\"true\"><\/i><i class=\"icon-minus acc-icon-minus\" aria-hidden=\"true\"><\/i>C\u00f3digos y Medidas<\/div><div class=\"answer\"><\/p>\n<table class=\"egt\">\n<tbody>\n<tr>\n<th>C\u00f3digo<\/th>\n<th>Medidas<\/th>\n<\/tr>\n<tr>\n<td>DM4150107<\/td>\n<td>Punta para l\u00e1piz electro bistur\u00ed punta paleta 15 cm<\/td>\n<\/tr>\n<\/tbody>\n<\/table>\n<p><\/div><\/div>\n<\/div><\/div>\n<div class=\"accordion\"><div class=\"mfn-acc accordion_wrapper \"><div class=\"question\"><div class=\"title\"><i class=\"icon-plus acc-icon-plus\" aria-hidden=\"true\"><\/i><i class=\"icon-minus acc-icon-minus\" aria-hidden=\"true\"><\/i>Registro INVIMA<\/div><div class=\"answer\"><\/p>\n<p><\/div><\/div>\n<\/div><\/div>\n<br \/>\n<hr class=\"\" style=\"margin:0 auto 5px;\"\/>\n<\/p>\n","protected":false},"featured_media":6235,"template":"","meta":{"content-type":""},"product_brand":[],"product_cat":[26,32,75],"product_tag":[223,297,353,364,408,472],"class_list":{"0":"post-6196","1":"product","2":"type-product","3":"status-publish","4":"has-post-thumbnail","6":"product_cat-dermatologia","7":"product_cat-patologia-cervical","8":"product_cat-electrocirugia","9":"product_tag-electrodo","10":"product_tag-punta","11":"product_tag-paleta","12":"product_tag-larga","13":"product_tag-stingray","14":"product_tag-largo","16":"first","17":"instock","18":"shipping-taxable","19":"product-type-simple"},"_links":{"self":[{"href":"https:\/\/dolphinmedical.com\/colombia\/wp-json\/wp\/v2\/product\/6196","targetHints":{"allow":["GET"]}}],"collection":[{"href":"https:\/\/dolphinmedical.com\/colombia\/wp-json\/wp\/v2\/product"}],"about":[{"href":"https:\/\/dolphinmedical.com\/colombia\/wp-json\/wp\/v2\/types\/product"}],"wp:featuredmedia":[{"embeddable":true,"href":"https:\/\/dolphinmedical.com\/colombia\/wp-json\/wp\/v2\/media\/6235"}],"wp:attachment":[{"href":"https:\/\/dolphinmedical.com\/colombia\/wp-json\/wp\/v2\/media?parent=6196"}],"wp:term":[{"taxonomy":"product_brand","embeddable":true,"href":"https:\/\/dolphinmedical.com\/colombia\/wp-json\/wp\/v2\/product_brand?post=6196"},{"taxonomy":"product_cat","embeddable":true,"href":"https:\/\/dolphinmedical.com\/colombia\/wp-json\/wp\/v2\/product_cat?post=6196"},{"taxonomy":"product_tag","embeddable":true,"href":"https:\/\/dolphinmedical.com\/colombia\/wp-json\/wp\/v2\/product_tag?post=6196"}],"curies":[{"name":"wp","href":"https:\/\/api.w.org\/{rel}","templated":true}]}}