{"id":6909,"date":"2021-09-27T16:24:25","date_gmt":"2021-09-27T19:24:25","guid":{"rendered":"https:\/\/dolphinmedical.com\/colombia\/?post_type=product&#038;p=6909"},"modified":"2026-01-28T21:55:01","modified_gmt":"2026-01-29T02:55:01","slug":"pesario-gellhorn-con-vastago-corto","status":"publish","type":"product","link":"https:\/\/dolphinmedical.com\/colombia\/productos\/ginecologia\/pesarios\/pesario-gellhorn-con-vastago-corto\/","title":{"rendered":"Pesario Gellhorn con V\u00e1stago Corto"},"content":{"rendered":"","protected":false},"excerpt":{"rendered":"<p>El pesario \u201cGellhorn Dolphin\u201d con drenajes se usa para aliviar los s\u00edntomas de cistocele o ret\u00f3cele. El v\u00e1stago de este pesario se pliega f\u00e1cilmente para facilitar la inserci\u00f3n y la extracci\u00f3n.<\/p>\n<p><a class=\"button  button_size_2\" href=\"https:\/\/dolphinmedical.com\/colombia\/dolphinmedical.com\/wp-content\/uploads\/2026\/01\/gellhorn-vastago-corto.pdf\"     target=\"_blank\"    title=\"\"><span class=\"button_label\">Ver Brochure<\/span><\/a>\n<a class=\"button  button_size_2\" href=\"\/colombia\/cotizar\/?asunto=Cotizar%20Producto&#038;mensaje=Necesito%20cotizar%20el%20producto%20Pesario%20Gellhorn%20con%20V\u00e1stago%20Corto\"     style=\"background-color:#29327d!important;\"     title=\"\"><span class=\"button_label\">Cotizar<\/span><\/a>\n<br \/>\n<hr class=\" hr_color\" style=\"margin:0 auto 30px;\"\/>\n<br \/>\n<div class=\"accordion\"><div class=\"mfn-acc accordion_wrapper \"><div class=\"question\"><div class=\"title\"><i class=\"icon-plus acc-icon-plus\" aria-hidden=\"true\"><\/i><i class=\"icon-minus acc-icon-minus\" aria-hidden=\"true\"><\/i>Caracter\u00edsticas<\/div><div class=\"answer\"><br \/>\nEl pesario \u201cGellhorn Dolphin\u201d con drenajes se usa para aliviar los s\u00edntomas de cistocele o ret\u00f3cele. El v\u00e1stago de este pesario se pliega f\u00e1cilmente para facilitar la inserci\u00f3n y la extracci\u00f3n.<\/p>\n<p>&#8211; 100% Silicona quir\u00fargica blanca<br \/>\n&#8211; Libre de <strong>L\u00c1TEX<\/strong><br \/>\n&#8211; Color: Blanco (NO Autoclavable)<br \/>\n<\/div><\/div>\n<\/div><\/div>\n<div class=\"accordion\"><div class=\"mfn-acc accordion_wrapper \"><div class=\"question\"><div class=\"title\"><i class=\"icon-plus acc-icon-plus\" aria-hidden=\"true\"><\/i><i class=\"icon-minus acc-icon-minus\" aria-hidden=\"true\"><\/i>Indicaciones<\/div><div class=\"answer\"><br \/>\n\u00datil para prolapso uterino de segundo y tercer grado, tambi\u00e9n es \u00fatil en incontinencia.<br \/>\n<\/div><\/div>\n<\/div><\/div>\n<div class=\"accordion\"><div class=\"mfn-acc accordion_wrapper \"><div class=\"question\"><div class=\"title\"><i class=\"icon-plus acc-icon-plus\" aria-hidden=\"true\"><\/i><i class=\"icon-minus acc-icon-minus\" aria-hidden=\"true\"><\/i>Contraindicaciones<\/div><div class=\"answer\"><br \/>\nEl <strong>Pesario Gellhorn<\/strong> no debe ser usado en caso de infecciones agudas del tracto genital, infecciones p\u00e9lvicas, o si \u00e9ste causa incomodidad en el paciente.<br \/>\n<\/div><\/div>\n<\/div><\/div>\n<div class=\"accordion\"><div class=\"mfn-acc accordion_wrapper \"><div class=\"question\"><div class=\"title\"><i class=\"icon-plus acc-icon-plus\" aria-hidden=\"true\"><\/i><i class=\"icon-minus acc-icon-minus\" aria-hidden=\"true\"><\/i>C\u00f3digos y Medidas<\/div><div class=\"answer\"><\/p>\n<table class=\"egt\">\n<tbody>\n<tr>\n<th>C\u00f3digo<\/th>\n<th>Numero<\/th>\n<th>Medida<\/th>\n<\/tr>\n<tr>\n<td>&#8212;<\/td>\n<td>&#8212;<\/td>\n<td>&#8212;<\/td>\n<\/tr>\n<\/tbody>\n<\/table>\n<p><\/div><\/div>\n<div class=\"question\"><div class=\"title\"><i class=\"icon-plus acc-icon-plus\" aria-hidden=\"true\"><\/i><i class=\"icon-minus acc-icon-minus\" aria-hidden=\"true\"><\/i>Registro INVIMA<\/div><div class=\"answer\"><\/p>\n<p>2023DM-0027085<\/p>\n<p><\/div><\/div>\n<\/div><\/div>\n<br \/>\n<hr class=\"\" style=\"margin:0 auto 5px;\"\/>\n<\/p>\n","protected":false},"featured_media":16703,"template":"","meta":{"content-type":""},"product_brand":[],"product_cat":[21,31],"product_tag":[27,29,45,64,206,207,362],"class_list":{"0":"post-6909","1":"product","2":"type-product","3":"status-publish","4":"has-post-thumbnail","6":"product_cat-ginecologia","7":"product_cat-pesarios","8":"product_tag-pesario","9":"product_tag-anillo","10":"product_tag-membrana","11":"product_tag-gellhorn","12":"product_tag-incontinencia","13":"product_tag-prolapso","14":"product_tag-corto","16":"first","17":"instock","18":"sold-individually","19":"shipping-taxable","20":"product-type-simple"},"_links":{"self":[{"href":"https:\/\/dolphinmedical.com\/colombia\/wp-json\/wp\/v2\/product\/6909","targetHints":{"allow":["GET"]}}],"collection":[{"href":"https:\/\/dolphinmedical.com\/colombia\/wp-json\/wp\/v2\/product"}],"about":[{"href":"https:\/\/dolphinmedical.com\/colombia\/wp-json\/wp\/v2\/types\/product"}],"wp:featuredmedia":[{"embeddable":true,"href":"https:\/\/dolphinmedical.com\/colombia\/wp-json\/wp\/v2\/media\/16703"}],"wp:attachment":[{"href":"https:\/\/dolphinmedical.com\/colombia\/wp-json\/wp\/v2\/media?parent=6909"}],"wp:term":[{"taxonomy":"product_brand","embeddable":true,"href":"https:\/\/dolphinmedical.com\/colombia\/wp-json\/wp\/v2\/product_brand?post=6909"},{"taxonomy":"product_cat","embeddable":true,"href":"https:\/\/dolphinmedical.com\/colombia\/wp-json\/wp\/v2\/product_cat?post=6909"},{"taxonomy":"product_tag","embeddable":true,"href":"https:\/\/dolphinmedical.com\/colombia\/wp-json\/wp\/v2\/product_tag?post=6909"}],"curies":[{"name":"wp","href":"https:\/\/api.w.org\/{rel}","templated":true}]}}