{"id":728,"date":"2018-03-15T12:44:57","date_gmt":"2018-03-15T15:44:57","guid":{"rendered":"https:\/\/dolphinmedical.com\/colombia\/dolphinmedical.com\/?post_type=product&#038;p=728"},"modified":"2025-10-25T14:23:17","modified_gmt":"2025-10-25T19:23:17","slug":"manipulador-inyector-uterino-dolphin","status":"publish","type":"product","link":"https:\/\/dolphinmedical.com\/colombia\/productos\/ginecologia\/manipulador-inyector-uterino-dolphin\/","title":{"rendered":"Manipulador e Inyector Uterino (Con Jeringa) Dolphin"},"content":{"rendered":"","protected":false},"excerpt":{"rendered":"<p>&nbsp;<\/p>\n<p>El Manipulador e Inyector Uterino Dolphin es un dispositivo simple, seguro y eficaz para emplear en la laparoscop\u00eda diagn\u00f3stica, mini laparotom\u00eda ex\u00e1menes de fertilidad y salpingoplast\u00eda. Tambien ayuda al sellado del orificio cervical al inflar el bal\u00f3n o cuff con aire o medio l\u00edquido.<\/p>\n<p><a class=\"button  button_size_2\" href=\"\/dolphinmedical.com\/wp-content\/uploads\/2019\/06\/MANIPULADOR-UTERINO_070619.pdf\"     target=\"_blank\"    title=\"\"><span class=\"button_label\">Ver Brochure<\/span><\/a>\n<a class=\"button  button_size_2\" href=\"\/colombia\/cotizar\/?asunto=Cotizar%20Producto&#038;mensaje=Necesito%20cotizar%20el%20producto%20Manipulador%20e%20Inyector%20Uterino%20Dolphin%20REF:%20DMUMI\"     style=\"background-color:#29327d!important;\"     title=\"\"><span class=\"button_label\">Cotizar<\/span><\/a>\n<br \/>\n<hr class=\" hr_color\" style=\"margin:0 auto 30px;\"\/>\n<br \/>\n<div class=\"accordion\"><div class=\"mfn-acc accordion_wrapper \"><div class=\"question\"><div class=\"title\"><i class=\"icon-plus acc-icon-plus\" aria-hidden=\"true\"><\/i><i class=\"icon-minus acc-icon-minus\" aria-hidden=\"true\"><\/i>Indicaciones<\/div><div class=\"answer\"><\/p>\n<p>El uso del Manipulador e Inyector Uterino Dolphin se indica en laparoscop\u00eda diagn\u00f3stica, mini laparotom\u00eda, ex\u00e1menes de fertilidad y los procedimientos salpingopl\u00e1sticos donde se requiera la manipulaci\u00f3n del \u00fatero.<\/p>\n<p><\/div><\/div>\n<\/div><\/div>\n<div class=\"accordion\"><div class=\"mfn-acc accordion_wrapper \"><div class=\"question\"><div class=\"title\"><i class=\"icon-plus acc-icon-plus\" aria-hidden=\"true\"><\/i><i class=\"icon-minus acc-icon-minus\" aria-hidden=\"true\"><\/i>Advertencias<\/div><div class=\"answer\"><\/p>\n<ul>\n<li>Asegure los cat\u00e9teres fijados al mango, es posible que el mango pueda ser aflojado durante el transporte, encaje de nuevo en la marca de los 6cm antes de su uso<\/li>\n<li>Incluye la JERINGA EST\u00c9RIL con la cual debe inflar el bal\u00f3n o cuff antes de la manipulaci\u00f3n es esencial para evitar cualquier trauma del \u00fatero.<\/li>\n<li>Inserte el manipulador a lo largo del eje adecuado para evitar el trauma uterino.<\/li>\n<\/ul>\n<p><\/div><\/div>\n<\/div><\/div>\n<div class=\"accordion\"><div class=\"mfn-acc accordion_wrapper \"><div class=\"question\"><div class=\"title\"><i class=\"icon-plus acc-icon-plus\" aria-hidden=\"true\"><\/i><i class=\"icon-minus acc-icon-minus\" aria-hidden=\"true\"><\/i>Reacciones Adversas<\/div><div class=\"answer\"><\/p>\n<ul>\n<li>Probar el bal\u00f3n o cuff inflable antes de la inserci\u00f3n, por una posible fuga.<\/li>\n<li>Lubricar el cat\u00e9ter antes de su uso.<\/li>\n<li>Comprobar si hay necesidad de dilatar el cuello del \u00fatero antes de la inserci\u00f3n para evitar que se rompa el bal\u00f3n inflable.<\/li>\n<li>Si utiliza material l\u00edquido, aseg\u00farese de seguir las instrucciones del fabricante.<\/li>\n<li>Despu\u00e9s de la inserci\u00f3n y la inflaci\u00f3n asegurar que el bal\u00f3n se infla correctamente (exprimir bal\u00f3n piloto y comprobar su tirantez)<\/li>\n<li>Un bal\u00f3n desinflado puede causar lesiones y traumas al \u00fatero.<\/li>\n<li>Inspeccionar el dispositivo, despu\u00e9s de su uso para asegurar que no haya quedado ninguna pieza en el interior.<\/li>\n<\/ul>\n<p><\/div><\/div>\n<\/div><\/div>\n<div class=\"accordion\"><div class=\"mfn-acc accordion_wrapper \"><div class=\"question\"><div class=\"title\"><i class=\"icon-plus acc-icon-plus\" aria-hidden=\"true\"><\/i><i class=\"icon-minus acc-icon-minus\" aria-hidden=\"true\"><\/i>Precauciones<\/div><div class=\"answer\"><\/p>\n<ul>\n<li>Perforaciones de la pared uterina<\/li>\n<li>Calambres<\/li>\n<li>Infecci\u00f3n<\/li>\n<\/ul>\n<p><\/div><\/div>\n<\/div><\/div>\n<div class=\"accordion\"><div class=\"mfn-acc accordion_wrapper \"><div class=\"question\"><div class=\"title\"><i class=\"icon-plus acc-icon-plus\" aria-hidden=\"true\"><\/i><i class=\"icon-minus acc-icon-minus\" aria-hidden=\"true\"><\/i>C\u00f3digos y Medidas<\/div><div class=\"answer\"><\/p>\n<table class=\"egt\">\n<tbody>\n<tr>\n<th>C\u00f3digo<\/th>\n<th>Medida<\/th>\n<\/tr>\n<tr>\n<td>DMUMI<\/td>\n<td>33.7cm<\/td>\n<\/tr>\n<\/tbody>\n<\/table>\n<p><\/div><\/div>\n<\/div><\/div>\n<br \/>\n<hr class=\"\" style=\"margin:0 auto 5px;\"\/>\n<\/p>\n","protected":false},"featured_media":16687,"template":"","meta":{"content-type":""},"product_brand":[],"product_cat":[21,22],"product_tag":[164,165,166,167,195,196],"class_list":{"0":"post-728","1":"product","2":"type-product","3":"status-publish","4":"has-post-thumbnail","6":"product_cat-ginecologia","7":"product_cat-laparoscopia","8":"product_tag-manipulador","9":"product_tag-inyector","10":"product_tag-uterino","11":"product_tag-umi","12":"product_tag-zumi","13":"product_tag-zinnanti","15":"first","16":"instock","17":"shipping-taxable","18":"product-type-simple"},"_links":{"self":[{"href":"https:\/\/dolphinmedical.com\/colombia\/wp-json\/wp\/v2\/product\/728","targetHints":{"allow":["GET"]}}],"collection":[{"href":"https:\/\/dolphinmedical.com\/colombia\/wp-json\/wp\/v2\/product"}],"about":[{"href":"https:\/\/dolphinmedical.com\/colombia\/wp-json\/wp\/v2\/types\/product"}],"wp:featuredmedia":[{"embeddable":true,"href":"https:\/\/dolphinmedical.com\/colombia\/wp-json\/wp\/v2\/media\/16687"}],"wp:attachment":[{"href":"https:\/\/dolphinmedical.com\/colombia\/wp-json\/wp\/v2\/media?parent=728"}],"wp:term":[{"taxonomy":"product_brand","embeddable":true,"href":"https:\/\/dolphinmedical.com\/colombia\/wp-json\/wp\/v2\/product_brand?post=728"},{"taxonomy":"product_cat","embeddable":true,"href":"https:\/\/dolphinmedical.com\/colombia\/wp-json\/wp\/v2\/product_cat?post=728"},{"taxonomy":"product_tag","embeddable":true,"href":"https:\/\/dolphinmedical.com\/colombia\/wp-json\/wp\/v2\/product_tag?post=728"}],"curies":[{"name":"wp","href":"https:\/\/api.w.org\/{rel}","templated":true}]}}