{"id":742,"date":"2018-03-15T17:17:33","date_gmt":"2018-03-15T20:17:33","guid":{"rendered":"https:\/\/dolphinmedical.com\/colombia\/dolphinmedical.com\/?post_type=product&#038;p=742"},"modified":"2025-12-10T20:19:00","modified_gmt":"2025-12-11T01:19:00","slug":"derma-punch","status":"publish","type":"product","link":"https:\/\/dolphinmedical.com\/colombia\/productos\/dermatologia\/biopsia\/derma-punch\/","title":{"rendered":"Derma-Punch&reg;"},"content":{"rendered":"","protected":false},"excerpt":{"rendered":"<p>Escalpelo mango de bistur\u00ed  para biopsia d\u00e9rmica.<\/p>\n<p><a class=\"button  button_size_2\" href=\"\/dolphinmedical.com\/wp-content\/uploads\/2020\/02\/DERMA_PUNCH_240120.pdf\"     target=\"_blank\"    title=\"\"><span class=\"button_label\">Ver Brochure<\/span><\/a>\n<a class=\"button  button_size_2\" href=\"\/colombia\/cotizar\/?asunto=Cotizar%20Producto&#038;mensaje=Necesito%20cotizar%20el%20producto%20Derma-Punch\"     style=\"background-color:#29327d!important;\"     title=\"\"><span class=\"button_label\">Cotizar<\/span><\/a>\n<br \/>\n<hr class=\" hr_color\" style=\"margin:0 auto 30px;\"\/>\n<br \/>\n<div class=\"accordion\"><div class=\"mfn-acc accordion_wrapper \"><div class=\"question\"><div class=\"title\"><i class=\"icon-plus acc-icon-plus\" aria-hidden=\"true\"><\/i><i class=\"icon-minus acc-icon-minus\" aria-hidden=\"true\"><\/i>Caracter\u00edsticas<\/div><div class=\"answer\"><\/p>\n<ul>\n<li>Punz\u00f3n de biopsia empaquetado individualmente sellado y est\u00e9ril.<\/li>\n<li>Punta cil\u00edndrica de acero al carbono afilada que proporciona un esp\u00e9cimen m\u00e1s preciso.<\/li>\n<li>Hoja de acero inoxidable de gran n\u00edtidez sin fisuras para incisiones exactas con filo interno y externo.<\/li>\n<li>Dise\u00f1o de mango ergon\u00f3mico para un control superior, material de pl\u00e1stico r\u00edgido, esterilizado en \u00d3xido de etileno (OE).<\/li>\n<li>Empaque individual.<\/li>\n<li>Indicador de di\u00e1metro en el mango para una r\u00e1pida identificaci\u00f3n.<\/li>\n<li>Mango concavo proporciona una f\u00e1cil recuperaci\u00f3n de muestras.<\/li>\n<li>Presentaci\u00f3n 25 unidades x caja.<\/li>\n<\/ul>\n<p><\/div><\/div>\n<\/div><\/div>\n<div class=\"accordion\"><div class=\"mfn-acc accordion_wrapper \"><div class=\"question\"><div class=\"title\"><i class=\"icon-plus acc-icon-plus\" aria-hidden=\"true\"><\/i><i class=\"icon-minus acc-icon-minus\" aria-hidden=\"true\"><\/i>Indicaciones<\/div><div class=\"answer\"><\/p>\n<p>El Derma Punch se utiliza para la obtenci\u00f3n de muestras de piel con fines diagn\u00f3sticos y terap\u00e9uticos.<\/p>\n<p><\/div><\/div>\n<\/div><\/div>\n<div class=\"accordion\"><div class=\"mfn-acc accordion_wrapper \"><div class=\"question\"><div class=\"title\"><i class=\"icon-plus acc-icon-plus\" aria-hidden=\"true\"><\/i><i class=\"icon-minus acc-icon-minus\" aria-hidden=\"true\"><\/i>Contraindicaciones<\/div><div class=\"answer\"><\/p>\n<p>El Derma Punch NO est\u00e1 indicado en los siguientes casos:<\/p>\n<ul>\n<li>Trastornos de la coagulaci\u00f3n no controlados.<\/li>\n<li>Infecci\u00f3n activa en el sitio de punci\u00f3n.<\/li>\n<li>Lesiones muy grandes que requieren escisi\u00f3n quir\u00fargica amplia.<\/li>\n<li>Lesiones con alta sospecha de melanoma (usar t\u00e9cnica excisional seg\u00fan criterio m\u00e9dico).<\/li>\n<\/ul>\n<p><\/div><\/div>\n<\/div><\/div>\n<div class=\"accordion\"><div class=\"mfn-acc accordion_wrapper \"><div class=\"question\"><div class=\"title\"><i class=\"icon-plus acc-icon-plus\" aria-hidden=\"true\"><\/i><i class=\"icon-minus acc-icon-minus\" aria-hidden=\"true\"><\/i>C\u00f3digos y Medidas<\/div><div class=\"answer\"><\/p>\n<table class=\"egt\">\n<tbody>\n<tr>\n<th>C\u00f3digo<\/th>\n<th>Medida<\/th>\n<\/tr>\n<tr>\n<td>DM0802510<\/td>\n<td>1mm<\/td>\n<\/tr>\n<tr>\n<td>DM0802515<\/td>\n<td>1.5mm<\/td>\n<\/tr>\n<tr>\n<td>DM0802520<\/td>\n<td>2mm<\/td>\n<\/tr>\n<tr>\n<td>DM0802525<\/td>\n<td>2.5mm<\/td>\n<\/tr>\n<tr>\n<td>DM0802530<\/td>\n<td>3mm<\/td>\n<\/tr>\n<tr>\n<td>DM0802535<\/td>\n<td>3.5mm<\/td>\n<\/tr>\n<tr>\n<td>DM0802540<\/td>\n<td>4mm<\/td>\n<\/tr>\n<tr>\n<td>DM0802550<\/td>\n<td>5mm<\/td>\n<\/tr>\n<tr>\n<td>DM0802560<\/td>\n<td>6mm<\/td>\n<\/tr>\n<tr>\n<td>DM0802570<\/td>\n<td>7mm<\/td>\n<\/tr>\n<tr>\n<td>DM0802580<\/td>\n<td>8mm<\/td>\n<\/tr>\n<tr>\n<td>DM0802500<\/td>\n<td>Surtido (5 de cada medida 2, 3, 4, 5 y 6mm)<\/td>\n<\/tr>\n<\/tbody>\n<\/table>\n<p><\/div><\/div>\n<div class=\"question\"><div class=\"title\"><i class=\"icon-plus acc-icon-plus\" aria-hidden=\"true\"><\/i><i class=\"icon-minus acc-icon-minus\" aria-hidden=\"true\"><\/i>Registro INVIMA<\/div><div class=\"answer\"><\/p>\n<p>2019DM-0020414<\/p>\n<p><\/div><\/div>\n<\/div><\/div>\n<br \/>\n<hr class=\"\" style=\"margin:0 auto 5px;\"\/>\n<\/p>\n","protected":false},"featured_media":16804,"template":"","meta":{"content-type":""},"product_brand":[],"product_cat":[26,73],"product_tag":[116,172,176,177,178,194],"class_list":{"0":"post-742","1":"product","2":"type-product","3":"status-publish","4":"has-post-thumbnail","6":"product_cat-dermatologia","7":"product_cat-biopsia","8":"product_tag-bisturi","9":"product_tag-biopsia","10":"product_tag-punch","11":"product_tag-dermica","12":"product_tag-punzon","13":"product_tag-sacabocado","15":"first","16":"instock","17":"shipping-taxable","18":"product-type-simple"},"_links":{"self":[{"href":"https:\/\/dolphinmedical.com\/colombia\/wp-json\/wp\/v2\/product\/742","targetHints":{"allow":["GET"]}}],"collection":[{"href":"https:\/\/dolphinmedical.com\/colombia\/wp-json\/wp\/v2\/product"}],"about":[{"href":"https:\/\/dolphinmedical.com\/colombia\/wp-json\/wp\/v2\/types\/product"}],"wp:featuredmedia":[{"embeddable":true,"href":"https:\/\/dolphinmedical.com\/colombia\/wp-json\/wp\/v2\/media\/16804"}],"wp:attachment":[{"href":"https:\/\/dolphinmedical.com\/colombia\/wp-json\/wp\/v2\/media?parent=742"}],"wp:term":[{"taxonomy":"product_brand","embeddable":true,"href":"https:\/\/dolphinmedical.com\/colombia\/wp-json\/wp\/v2\/product_brand?post=742"},{"taxonomy":"product_cat","embeddable":true,"href":"https:\/\/dolphinmedical.com\/colombia\/wp-json\/wp\/v2\/product_cat?post=742"},{"taxonomy":"product_tag","embeddable":true,"href":"https:\/\/dolphinmedical.com\/colombia\/wp-json\/wp\/v2\/product_tag?post=742"}],"curies":[{"name":"wp","href":"https:\/\/api.w.org\/{rel}","templated":true}]}}