{"id":938,"date":"2018-06-20T13:13:55","date_gmt":"2018-06-20T17:13:55","guid":{"rendered":"https:\/\/dolphinmedical.com\/colombia\/dolphinmedical.com\/?post_type=product&#038;p=938"},"modified":"2025-10-20T19:54:40","modified_gmt":"2025-10-21T00:54:40","slug":"pesario-cubo-con-drenaje","status":"publish","type":"product","link":"https:\/\/dolphinmedical.com\/colombia\/productos\/ginecologia\/pesarios\/pesario-cubo-con-drenaje\/","title":{"rendered":"Pesario Cubo con Drenaje"},"content":{"rendered":"","protected":false},"excerpt":{"rendered":"<p>&nbsp;<\/p>\n<p>Silicona suave en forma de CUBO, para Prolapso de 3er grado.<\/p>\n<p><a class=\"button  button_size_2\" href=\"\/dolphinmedical.com\/wp-content\/uploads\/2021\/01\/CUBO-CON-DRENAJE_21012021_VF.pdf\"     target=\"_blank\"    title=\"\"><span class=\"button_label\">Ver Brochure<\/span><\/a>\n<a class=\"button  button_size_2\" href=\"\/colombia\/cotizar\/?asunto=Cotizar%20Producto&#038;mensaje=Necesito%20cotizar%20el%20producto%20Pesario%20Cubo%20con%20drenaje\"     style=\"background-color:#29327d!important;\"     title=\"\"><span class=\"button_label\">Cotizar<\/span><\/a>\n<br \/>\n<hr class=\" hr_color\" style=\"margin:0 auto 30px;\"\/>\n<br \/>\n<div class=\"accordion\"><div class=\"mfn-acc accordion_wrapper \"><div class=\"question\"><div class=\"title\"><i class=\"icon-plus acc-icon-plus\" aria-hidden=\"true\"><\/i><i class=\"icon-minus acc-icon-minus\" aria-hidden=\"true\"><\/i>Indicaciones<\/div><div class=\"answer\"><\/p>\n<p>Indicado para prolapso de la pared vaginal ya que evita que la pared colapse gracias a sus seis puntos de apoyo. Puede ser usado por un atleta y removido luego del ejercicio. La mucosa se moldea en las cavidades creando una presi\u00f3n negativa. El m\u00e9dico debe determinar si el paciente requiere de una terapia de estr\u00f3geno antes de la prescripci\u00f3n de un pesario. \u00datil para prolapso de 3er grado, cistocele, rectocele con o sin tono vaginal adecuado. Frecuentemente es la \u00fanica opci\u00f3n de apoyo satisfactoria para mujeres con un prolapso completo.<\/p>\n<p><\/div><\/div>\n<\/div><\/div>\n<div class=\"accordion\"><div class=\"mfn-acc accordion_wrapper \"><div class=\"question\"><div class=\"title\"><i class=\"icon-plus acc-icon-plus\" aria-hidden=\"true\"><\/i><i class=\"icon-minus acc-icon-minus\" aria-hidden=\"true\"><\/i>Caracter\u00edsticas T\u00e9cnicas<\/div><div class=\"answer\"><\/p>\n<ul>\n<li>100% Silicona quir\u00fargica blanca<\/li>\n<li>Libre de <strong>L\u00c1TEX<\/strong><\/li>\n<li>Color: Blanco (NO Autoclavable)<\/li>\n<li>Su densidad comprende entre 1,12 &#8211; 1,19 g\/sqcm. Debido a su tama\u00f1o y diferentes formas, el peso de cada uno var\u00eda, no siendo significativas.<\/li>\n<li>Disponibles con y sin drenaje.<\/li>\n<\/ul>\n<p><\/div><\/div>\n<\/div><\/div>\n<div class=\"accordion\"><div class=\"mfn-acc accordion_wrapper \"><div class=\"question\"><div class=\"title\"><i class=\"icon-plus acc-icon-plus\" aria-hidden=\"true\"><\/i><i class=\"icon-minus acc-icon-minus\" aria-hidden=\"true\"><\/i>Contraindicaciones<\/div><div class=\"answer\"><\/p>\n<p>El <strong>Pesario Cubo<\/strong>\u00a0no debe ser usado en caso de infecciones agudas del tracto genital, infecciones p\u00e9lvicas, o si \u00e9ste causa incomodidad en la paciente<\/p>\n<p><\/div><\/div>\n<\/div><\/div>\n<div class=\"accordion\"><div class=\"mfn-acc accordion_wrapper \"><div class=\"question\"><div class=\"title\"><i class=\"icon-plus acc-icon-plus\" aria-hidden=\"true\"><\/i><i class=\"icon-minus acc-icon-minus\" aria-hidden=\"true\"><\/i>C\u00f3digos y Medidas<\/div><div class=\"answer\"><\/p>\n<table class=\"egt\">\n<tbody>\n<tr>\n<th>C\u00f3digo<\/th>\n<th>Numero<\/th>\n<th>Medida<\/th>\n<\/tr>\n<tr>\n<td>CU25D<\/td>\n<td>#0<\/td>\n<td>2.50cm<\/td>\n<\/tr>\n<tr>\n<td>CU29D<\/td>\n<td>#1<\/td>\n<td>2.90cm<\/td>\n<\/tr>\n<tr>\n<td>CU33D<\/td>\n<td>#2<\/td>\n<td>3.30cm<\/td>\n<\/tr>\n<tr>\n<td>CU37D<\/td>\n<td>#3<\/td>\n<td>3.70cm<\/td>\n<\/tr>\n<tr>\n<td>CU41D<\/td>\n<td>#4<\/td>\n<td>4.10cm<\/td>\n<\/tr>\n<tr>\n<td>CU45D<\/td>\n<td>#5<\/td>\n<td>4.50cm<\/td>\n<\/tr>\n<tr>\n<td>CU50D<\/td>\n<td>#6<\/td>\n<td>5.00cm<\/td>\n<\/tr>\n<tr>\n<td>CU56D<\/td>\n<td>#7<\/td>\n<td>5.60cm<\/td>\n<\/tr>\n<tr>\n<td>CU63D<\/td>\n<td>#8<\/td>\n<td>6.30cm<\/td>\n<\/tr>\n<tr>\n<td>CU70D<\/td>\n<td>#9<\/td>\n<td>7.00cm<\/td>\n<\/tr>\n<tr>\n<td>CU75D<\/td>\n<td>#10<\/td>\n<td>7.50cm<\/td>\n<\/tr>\n<\/tbody>\n<\/table>\n<p><\/div><\/div>\n<\/div><\/div>\n<br \/>\n<hr class=\"\" style=\"margin:0 auto 5px;\"\/>\n<\/p>\n","protected":false},"featured_media":939,"template":"","meta":{"content-type":""},"product_brand":[],"product_cat":[21,31],"product_tag":[27,207,230],"class_list":{"0":"post-938","1":"product","2":"type-product","3":"status-publish","4":"has-post-thumbnail","6":"product_cat-ginecologia","7":"product_cat-pesarios","8":"product_tag-pesario","9":"product_tag-prolapso","10":"product_tag-cubo","12":"first","13":"instock","14":"sold-individually","15":"shipping-taxable","16":"product-type-simple"},"_links":{"self":[{"href":"https:\/\/dolphinmedical.com\/colombia\/wp-json\/wp\/v2\/product\/938","targetHints":{"allow":["GET"]}}],"collection":[{"href":"https:\/\/dolphinmedical.com\/colombia\/wp-json\/wp\/v2\/product"}],"about":[{"href":"https:\/\/dolphinmedical.com\/colombia\/wp-json\/wp\/v2\/types\/product"}],"wp:featuredmedia":[{"embeddable":true,"href":"https:\/\/dolphinmedical.com\/colombia\/wp-json\/wp\/v2\/media\/939"}],"wp:attachment":[{"href":"https:\/\/dolphinmedical.com\/colombia\/wp-json\/wp\/v2\/media?parent=938"}],"wp:term":[{"taxonomy":"product_brand","embeddable":true,"href":"https:\/\/dolphinmedical.com\/colombia\/wp-json\/wp\/v2\/product_brand?post=938"},{"taxonomy":"product_cat","embeddable":true,"href":"https:\/\/dolphinmedical.com\/colombia\/wp-json\/wp\/v2\/product_cat?post=938"},{"taxonomy":"product_tag","embeddable":true,"href":"https:\/\/dolphinmedical.com\/colombia\/wp-json\/wp\/v2\/product_tag?post=938"}],"curies":[{"name":"wp","href":"https:\/\/api.w.org\/{rel}","templated":true}]}}