{"id":961,"date":"2018-06-21T09:51:01","date_gmt":"2018-06-21T13:51:01","guid":{"rendered":"https:\/\/dolphinmedical.com\/colombia\/dolphinmedical.com\/?post_type=product&#038;p=961"},"modified":"2026-01-29T00:08:36","modified_gmt":"2026-01-29T05:08:36","slug":"cureta-de-succion-endometrial","status":"publish","type":"product","link":"https:\/\/dolphinmedical.com\/colombia\/productos\/ginecologia\/patologia-cervical\/cureta-de-succion-endometrial\/","title":{"rendered":"Cureta de succi\u00f3n endometrial"},"content":{"rendered":"","protected":false},"excerpt":{"rendered":"<p>Cureta de succi\u00f3n endometrial sin jeringa.<\/p>\n<p><a class=\"button  button_size_2\" href=\"https:\/\/dolphinmedical.com\/colombia\/dolphinmedical.com\/wp-content\/uploads\/2026\/01\/cureta-de-succion-endometrial.pdf\"     target=\"_blank\"    title=\"\"><span class=\"button_label\">Ver Brochure<\/span><\/a>\n<a class=\"button  button_size_2\" href=\"\/colombia\/cotizar\/?asunto=Cotizar%20Producto&#038;mensaje=Necesito%20cotizar%20el%20producto%20Cureta%20de%20succi\u00f3n%20endometrial.%20REF:%20M0014\"     style=\"background-color:#29327d!important;\"     title=\"\"><span class=\"button_label\">Cotizar<\/span><\/a>\n<\/p>\n<p><hr class=\" hr_color\" style=\"margin:0 auto 30px;\"\/>\n<br \/>\n<div class=\"accordion\"><div class=\"mfn-acc accordion_wrapper \"><div class=\"question\"><div class=\"title\"><i class=\"icon-plus acc-icon-plus\" aria-hidden=\"true\"><\/i><i class=\"icon-minus acc-icon-minus\" aria-hidden=\"true\"><\/i>Caracter\u00edsticas<\/div><div class=\"answer\"><\/p>\n<ul>\n<li>C\u00e1nula de succi\u00f3n de 3 o 3,6mm (di\u00e1metro externo).<\/li>\n<li>Producto est\u00e9ril.<\/li>\n<li>Desechable.<\/li>\n<\/ul>\n<p><\/div><\/div>\n<\/div><\/div>\n<div class=\"accordion\"><div class=\"mfn-acc accordion_wrapper \"><div class=\"question\"><div class=\"title\"><i class=\"icon-plus acc-icon-plus\" aria-hidden=\"true\"><\/i><i class=\"icon-minus acc-icon-minus\" aria-hidden=\"true\"><\/i>Indicaciones<\/div><div class=\"answer\"><\/p>\n<p>Dispositivo indicado para extraer muestras de materia del \u00fatero y de la mucosa uterina mediante el raspado o la succi\u00f3n al vac\u00edo. Estos dispositivos obtienen muestras h\u00edsticas para biopsias de detecci\u00f3n temprana del c\u00e1ncer o pueden utilizarse para extracciones menstruales.<\/p>\n<p><\/div><\/div>\n<\/div><\/div>\n<div class=\"accordion\"><div class=\"mfn-acc accordion_wrapper \"><div class=\"question\"><div class=\"title\"><i class=\"icon-plus acc-icon-plus\" aria-hidden=\"true\"><\/i><i class=\"icon-minus acc-icon-minus\" aria-hidden=\"true\"><\/i>Contraindicaciones<\/div><div class=\"answer\"><\/p>\n<p>El procedimiento est\u00e1 contraindicado en casos de sospecha de embarazo o en mujeres con infecciones p\u00e9lvicas agudas. Tambi\u00e9n est\u00e1 contraindicado para mujeres con infecciones cr\u00f3nicas del cuello uterino o para cualquier condici\u00f3n que desaconseje un procedimiento quir\u00fargico.<\/p>\n<p><\/div><\/div>\n<\/div><\/div>\n<div class=\"accordion\"><div class=\"mfn-acc accordion_wrapper \"><div class=\"question\"><div class=\"title\"><i class=\"icon-plus acc-icon-plus\" aria-hidden=\"true\"><\/i><i class=\"icon-minus acc-icon-minus\" aria-hidden=\"true\"><\/i>C\u00f3digos y Medidas<\/div><div class=\"answer\"><\/p>\n<table class=\"egt\">\n<tbody>\n<tr>\n<th>C\u00f3digo<\/th>\n<th>Medida<\/th>\n<\/tr>\n<tr>\n<td>M0014<\/td>\n<td>3mm<\/td>\n<\/tr>\n<\/tbody>\n<\/table>\n<p><\/div><\/div>\n<div class=\"question\"><div class=\"title\"><i class=\"icon-plus acc-icon-plus\" aria-hidden=\"true\"><\/i><i class=\"icon-minus acc-icon-minus\" aria-hidden=\"true\"><\/i>Registro INVIMA<\/div><div class=\"answer\"><\/p>\n<p>2022DM-0026005<\/p>\n<p><\/div><\/div>\n<\/div><\/div>\n<br \/>\n<hr class=\"\" style=\"margin:0 auto 5px;\"\/>\n<\/p>\n","protected":false},"featured_media":964,"template":"","meta":{"content-type":""},"product_brand":[],"product_cat":[21,32],"product_tag":[235,400,140,157,173,233,234],"class_list":{"0":"post-961","1":"product","2":"type-product","3":"status-publish","4":"has-post-thumbnail","6":"product_cat-ginecologia","7":"product_cat-patologia-cervical","8":"product_tag-endometrial","9":"product_tag-sonda","10":"product_tag-succion","11":"product_tag-canula","12":"product_tag-aspiracion","13":"product_tag-endosampler","14":"product_tag-cureta","16":"first","17":"instock","18":"shipping-taxable","19":"product-type-simple"},"_links":{"self":[{"href":"https:\/\/dolphinmedical.com\/colombia\/wp-json\/wp\/v2\/product\/961","targetHints":{"allow":["GET"]}}],"collection":[{"href":"https:\/\/dolphinmedical.com\/colombia\/wp-json\/wp\/v2\/product"}],"about":[{"href":"https:\/\/dolphinmedical.com\/colombia\/wp-json\/wp\/v2\/types\/product"}],"wp:featuredmedia":[{"embeddable":true,"href":"https:\/\/dolphinmedical.com\/colombia\/wp-json\/wp\/v2\/media\/964"}],"wp:attachment":[{"href":"https:\/\/dolphinmedical.com\/colombia\/wp-json\/wp\/v2\/media?parent=961"}],"wp:term":[{"taxonomy":"product_brand","embeddable":true,"href":"https:\/\/dolphinmedical.com\/colombia\/wp-json\/wp\/v2\/product_brand?post=961"},{"taxonomy":"product_cat","embeddable":true,"href":"https:\/\/dolphinmedical.com\/colombia\/wp-json\/wp\/v2\/product_cat?post=961"},{"taxonomy":"product_tag","embeddable":true,"href":"https:\/\/dolphinmedical.com\/colombia\/wp-json\/wp\/v2\/product_tag?post=961"}],"curies":[{"name":"wp","href":"https:\/\/api.w.org\/{rel}","templated":true}]}}