{"id":1004,"date":"2025-08-18T01:23:02","date_gmt":"2025-08-18T04:23:02","guid":{"rendered":"https:\/\/dolphinmedical.com\/mydolphincare\/?page_id=1004"},"modified":"2025-08-18T01:24:05","modified_gmt":"2025-08-18T04:24:05","slug":"pesarios-beneficios-y-caracteristicas","status":"publish","type":"page","link":"https:\/\/dolphinmedical.com\/mydolphincare\/pesarios-beneficios-y-caracteristicas\/","title":{"rendered":"Pesarios: Beneficios y caracter\u00edsticas"},"content":{"rendered":"<style>.kb-row-layout-wrap.wp-block-kadence-rowlayout.kb-row-layout-id1004_66b149-b5{margin-top:-100px;margin-bottom:50px;}.kb-row-layout-id1004_66b149-b5 > .kt-row-column-wrap{align-content:start;}:where(.kb-row-layout-id1004_66b149-b5 > .kt-row-column-wrap) > .wp-block-kadence-column{justify-content:start;}.kb-row-layout-id1004_66b149-b5 > .kt-row-column-wrap{column-gap:var(--global-kb-gap-md, 2rem);row-gap:var(--global-kb-gap-md, 2rem);max-width:var( --global-content-width, 1290px );padding-left:var(--global-content-edge-padding);padding-right:var(--global-content-edge-padding);padding-top:var(--global-kb-spacing-xl, 4rem);padding-bottom:var(--global-kb-spacing-xl, 4rem);grid-template-columns:minmax(0, 1fr);}.kb-row-layout-id1004_66b149-b5 > .kt-row-layout-overlay{opacity:0.00;}@media all and (max-width: 1024px){.kb-row-layout-id1004_66b149-b5 > .kt-row-column-wrap{grid-template-columns:minmax(0, 1fr);}}@media all and (max-width: 767px){.kb-row-layout-id1004_66b149-b5 > .kt-row-column-wrap{grid-template-columns:minmax(0, 1fr);}}<\/style><div class=\"kb-row-layout-wrap kb-row-layout-id1004_66b149-b5 alignfull has-theme-palette7-background-color kt-row-has-bg wp-block-kadence-rowlayout\"><div class=\"kt-row-column-wrap kt-has-1-columns kt-row-layout-equal kt-tab-layout-inherit kt-mobile-layout-row kt-row-valign-top kb-theme-content-width\">\n<style>.kadence-column1004_d457d8-32 > .kt-inside-inner-col,.kadence-column1004_d457d8-32 > .kt-inside-inner-col:before{border-top-left-radius:0px;border-top-right-radius:0px;border-bottom-right-radius:0px;border-bottom-left-radius:0px;}.kadence-column1004_d457d8-32 > .kt-inside-inner-col{column-gap:var(--global-kb-gap-sm, 1rem);}.kadence-column1004_d457d8-32 > .kt-inside-inner-col{flex-direction:column;}.kadence-column1004_d457d8-32 > .kt-inside-inner-col > .aligncenter{width:100%;}.kadence-column1004_d457d8-32 > .kt-inside-inner-col:before{opacity:0.3;}.kadence-column1004_d457d8-32{position:relative;}@media all and (max-width: 1024px){.kadence-column1004_d457d8-32 > .kt-inside-inner-col{flex-direction:column;justify-content:center;}}@media all and (max-width: 767px){.kadence-column1004_d457d8-32 > .kt-inside-inner-col{padding-right:0px;padding-left:0px;flex-direction:column;justify-content:center;}}<\/style>\n<div class=\"wp-block-kadence-column kadence-column1004_d457d8-32 inner-column-1\"><div class=\"kt-inside-inner-col\"><style>.wp-block-kadence-advancedheading.kt-adv-heading1004_830ab5-a4, .wp-block-kadence-advancedheading.kt-adv-heading1004_830ab5-a4[data-kb-block=\"kb-adv-heading1004_830ab5-a4\"]{max-width:800px;margin-right:auto;margin-left:auto;margin-top:0px;margin-bottom:0px;text-align:center;font-size:70px;line-height:1.1;font-style:normal;letter-spacing:-1px;}.wp-block-kadence-advancedheading.kt-adv-heading1004_830ab5-a4 mark.kt-highlight, .wp-block-kadence-advancedheading.kt-adv-heading1004_830ab5-a4[data-kb-block=\"kb-adv-heading1004_830ab5-a4\"] mark.kt-highlight{font-style:normal;color:#f76a0c;-webkit-box-decoration-break:clone;box-decoration-break:clone;padding-top:0px;padding-right:0px;padding-bottom:0px;padding-left:0px;}.wp-block-kadence-advancedheading.kt-adv-heading1004_830ab5-a4 img.kb-inline-image, .wp-block-kadence-advancedheading.kt-adv-heading1004_830ab5-a4[data-kb-block=\"kb-adv-heading1004_830ab5-a4\"] img.kb-inline-image{width:150px;vertical-align:baseline;}@media all and (max-width: 767px){.wp-block-kadence-advancedheading.kt-adv-heading1004_830ab5-a4, .wp-block-kadence-advancedheading.kt-adv-heading1004_830ab5-a4[data-kb-block=\"kb-adv-heading1004_830ab5-a4\"]{font-size:55px;}}<\/style>\n<h2 class=\"kt-adv-heading1004_830ab5-a4 wp-block-kadence-advancedheading has-theme-palette-3-color has-text-color\" data-kb-block=\"kb-adv-heading1004_830ab5-a4\">Pesarios: Beneficios y caracter\u00edsticas<\/h2>\n<\/div><\/div>\n\n<\/div><\/div>\n\n<style>.kb-row-layout-wrap.wp-block-kadence-rowlayout.kb-row-layout-id1004_28aed6-7f{margin-top:-50px;margin-bottom:0px;}.kb-row-layout-id1004_28aed6-7f > .kt-row-column-wrap{align-content:start;}:where(.kb-row-layout-id1004_28aed6-7f > .kt-row-column-wrap) > .wp-block-kadence-column{justify-content:start;}.kb-row-layout-id1004_28aed6-7f > .kt-row-column-wrap{column-gap:var(--global-kb-gap-md, 2rem);row-gap:var(--global-kb-gap-md, 2rem);max-width:var( --global-content-width, 1290px );padding-left:var(--global-content-edge-padding);padding-right:var(--global-content-edge-padding);padding-top:0px;padding-right:0px;padding-bottom:0px;padding-left:0px;grid-template-columns:minmax(0, 1fr);}.kb-row-layout-id1004_28aed6-7f > .kt-row-layout-overlay{opacity:0.00;}@media all and (max-width: 1024px){.kb-row-layout-id1004_28aed6-7f > .kt-row-column-wrap{grid-template-columns:minmax(0, 1fr);}}@media all and (max-width: 767px){.kb-row-layout-id1004_28aed6-7f > .kt-row-column-wrap{grid-template-columns:minmax(0, 1fr);}}<\/style><div class=\"kb-row-layout-wrap kb-row-layout-id1004_28aed6-7f alignfull has-theme-palette8-background-color kt-row-has-bg wp-block-kadence-rowlayout\"><div class=\"kt-row-column-wrap kt-has-1-columns kt-row-layout-equal kt-tab-layout-inherit kt-mobile-layout-row kt-row-valign-top kb-theme-content-width\">\n<style>.kadence-column1004_226f3f-c6 > .kt-inside-inner-col{padding-right:var(--global-kb-spacing-4xl, 8rem);padding-left:var(--global-kb-spacing-4xl, 8rem);}.kadence-column1004_226f3f-c6 > .kt-inside-inner-col,.kadence-column1004_226f3f-c6 > .kt-inside-inner-col:before{border-top-left-radius:0px;border-top-right-radius:0px;border-bottom-right-radius:0px;border-bottom-left-radius:0px;}.kadence-column1004_226f3f-c6 > .kt-inside-inner-col{column-gap:var(--global-kb-gap-sm, 1rem);}.kadence-column1004_226f3f-c6 > .kt-inside-inner-col{flex-direction:column;}.kadence-column1004_226f3f-c6 > .kt-inside-inner-col > .aligncenter{width:100%;}.kadence-column1004_226f3f-c6 > .kt-inside-inner-col{background-color:var(--global-palette8, #F7FAFC);}.kadence-column1004_226f3f-c6 > .kt-inside-inner-col:before{opacity:0.3;}.kadence-column1004_226f3f-c6{position:relative;}@media all and (max-width: 1024px){.kadence-column1004_226f3f-c6 > .kt-inside-inner-col{flex-direction:column;justify-content:center;}}@media all and (max-width: 767px){.kadence-column1004_226f3f-c6 > .kt-inside-inner-col{padding-right:0px;padding-left:0px;flex-direction:column;justify-content:center;}}<\/style>\n<div class=\"wp-block-kadence-column kadence-column1004_226f3f-c6 inner-column-1\"><div class=\"kt-inside-inner-col\">\n<div style=\"height:50px\" aria-hidden=\"true\" class=\"wp-block-spacer\"><\/div>\n<\/div><\/div>\n\n\n<style>.kadence-column1004_929a0d-8e > .kt-inside-inner-col,.kadence-column1004_929a0d-8e > .kt-inside-inner-col:before{border-top-left-radius:0px;border-top-right-radius:0px;border-bottom-right-radius:0px;border-bottom-left-radius:0px;}.kadence-column1004_929a0d-8e > .kt-inside-inner-col{column-gap:var(--global-kb-gap-sm, 1rem);}.kadence-column1004_929a0d-8e > .kt-inside-inner-col{flex-direction:column;}.kadence-column1004_929a0d-8e > .kt-inside-inner-col > .aligncenter{width:100%;}.kadence-column1004_929a0d-8e{position:relative;}@media all and (max-width: 1024px){.kadence-column1004_929a0d-8e > .kt-inside-inner-col{flex-direction:column;justify-content:center;}}@media all and (max-width: 767px){.kadence-column1004_929a0d-8e > .kt-inside-inner-col{flex-direction:column;justify-content:center;}}<\/style>\n<div class=\"wp-block-kadence-column kadence-column1004_929a0d-8e\"><div class=\"kt-inside-inner-col\"><style>.kb-row-layout-id1004_1d6969-ff > .kt-row-column-wrap{align-content:start;}:where(.kb-row-layout-id1004_1d6969-ff > .kt-row-column-wrap) > .wp-block-kadence-column{justify-content:start;}.kb-row-layout-id1004_1d6969-ff > .kt-row-column-wrap{column-gap:var(--global-kb-gap-md, 2rem);row-gap:var(--global-kb-gap-md, 2rem);padding-top:var(--global-kb-spacing-sm, 1.5rem);padding-bottom:var(--global-kb-spacing-sm, 1.5rem);grid-template-columns:minmax(0, 1fr);}.kb-row-layout-id1004_1d6969-ff > .kt-row-layout-overlay{opacity:0.30;}@media all and (max-width: 1024px){.kb-row-layout-id1004_1d6969-ff > .kt-row-column-wrap{grid-template-columns:minmax(0, 1fr);}}@media all and (max-width: 767px){.kb-row-layout-id1004_1d6969-ff > .kt-row-column-wrap{grid-template-columns:minmax(0, 1fr);}}<\/style><div class=\"kb-row-layout-wrap kb-row-layout-id1004_1d6969-ff alignnone has-theme-palette9-background-color kt-row-has-bg wp-block-kadence-rowlayout\"><div class=\"kt-row-column-wrap kt-has-1-columns kt-row-layout-equal kt-tab-layout-inherit kt-mobile-layout-row kt-row-valign-top\">\n<style>.kadence-column1004_5f223c-de > .kt-inside-inner-col,.kadence-column1004_5f223c-de > .kt-inside-inner-col:before{border-top-left-radius:0px;border-top-right-radius:0px;border-bottom-right-radius:0px;border-bottom-left-radius:0px;}.kadence-column1004_5f223c-de > .kt-inside-inner-col{column-gap:var(--global-kb-gap-sm, 1rem);}.kadence-column1004_5f223c-de > .kt-inside-inner-col{flex-direction:column;}.kadence-column1004_5f223c-de > .kt-inside-inner-col > .aligncenter{width:100%;}.kadence-column1004_5f223c-de > .kt-inside-inner-col:before{opacity:0.3;}.kadence-column1004_5f223c-de{position:relative;}@media all and (max-width: 1024px){.kadence-column1004_5f223c-de > .kt-inside-inner-col{flex-direction:column;justify-content:center;}}@media all and (max-width: 767px){.kadence-column1004_5f223c-de > .kt-inside-inner-col{flex-direction:column;justify-content:center;}}<\/style>\n<div class=\"wp-block-kadence-column kadence-column1004_5f223c-de\"><div class=\"kt-inside-inner-col\"><style>.wp-block-kadence-advancedheading.kt-adv-heading1004_f8658a-7d, .wp-block-kadence-advancedheading.kt-adv-heading1004_f8658a-7d[data-kb-block=\"kb-adv-heading1004_f8658a-7d\"]{font-style:normal;}.wp-block-kadence-advancedheading.kt-adv-heading1004_f8658a-7d mark.kt-highlight, .wp-block-kadence-advancedheading.kt-adv-heading1004_f8658a-7d[data-kb-block=\"kb-adv-heading1004_f8658a-7d\"] mark.kt-highlight{font-style:normal;color:#f76a0c;-webkit-box-decoration-break:clone;box-decoration-break:clone;padding-top:0px;padding-right:0px;padding-bottom:0px;padding-left:0px;}.wp-block-kadence-advancedheading.kt-adv-heading1004_f8658a-7d img.kb-inline-image, .wp-block-kadence-advancedheading.kt-adv-heading1004_f8658a-7d[data-kb-block=\"kb-adv-heading1004_f8658a-7d\"] img.kb-inline-image{width:150px;vertical-align:baseline;}<\/style>\n<h2 class=\"kt-adv-heading1004_f8658a-7d wp-block-kadence-advancedheading\" data-kb-block=\"kb-adv-heading1004_f8658a-7d\">\u00bfPor qu\u00e9 es importante para el bienestar femenino?<\/h2>\n\n\n\n<p><strong>1. Recupera la comodidad en el d\u00eda a d\u00eda<\/strong><\/p>\n\n\n\n<p>El pesario ayuda a aliviar la sensaci\u00f3n de <strong>peso, presi\u00f3n o bulto<\/strong> en la vagina, permitiendo caminar, trabajar, hacer deporte o actividades cotidianas sin molestias.<\/p>\n\n\n\n<p><strong>2. Previene que el prolapso empeore<\/strong><\/p>\n\n\n\n<p>Al dar soporte a la vejiga, \u00fatero o recto, reduce la tensi\u00f3n sobre los tejidos y puede <strong>evitar que el prolapso avance<\/strong>.<\/p>\n\n\n\n<p><strong>3. Mejora el control urinario<\/strong><\/p>\n\n\n\n<p>Algunos modelos est\u00e1n dise\u00f1ados para <strong>evitar escapes de orina<\/strong> durante esfuerzos como toser, re\u00edr o hacer ejercicio.<\/p>\n\n\n\n<p><strong>4. Evita o retrasa cirug\u00edas<\/strong><\/p>\n\n\n\n<p>Es una <strong>alternativa conservadora<\/strong> para mujeres que no desean o no pueden operarse, o que quieren postergar la cirug\u00eda hasta el momento adecuado.<\/p>\n\n\n\n<p><strong>5. Acompa\u00f1a la recuperaci\u00f3n muscular<\/strong><\/p>\n\n\n\n<p>El pesario se puede usar mientras se realizan <strong>ejercicios de piso p\u00e9lvico<\/strong>, facilitando el proceso de fortalecimiento y rehabilitaci\u00f3n.<\/p>\n\n\n\n<p><strong>6. Seguridad y reversibilidad<\/strong><\/p>\n\n\n\n<p>No implica un cambio permanente en tu cuerpo. Si no te sienta bien, se retira y se ajusta o se cambia el tipo.<\/p>\n<\/div><\/div>\n\n<\/div><\/div><\/div><\/div>\n\n\n<style>.kadence-column1004_f25d88-5d > .kt-inside-inner-col{padding-right:var(--global-kb-spacing-4xl, 8rem);padding-left:var(--global-kb-spacing-4xl, 8rem);}.kadence-column1004_f25d88-5d > .kt-inside-inner-col,.kadence-column1004_f25d88-5d > .kt-inside-inner-col:before{border-top-left-radius:0px;border-top-right-radius:0px;border-bottom-right-radius:0px;border-bottom-left-radius:0px;}.kadence-column1004_f25d88-5d > .kt-inside-inner-col{column-gap:var(--global-kb-gap-sm, 1rem);}.kadence-column1004_f25d88-5d > .kt-inside-inner-col{flex-direction:column;}.kadence-column1004_f25d88-5d > .kt-inside-inner-col > .aligncenter{width:100%;}.kadence-column1004_f25d88-5d > .kt-inside-inner-col{background-color:var(--global-palette8, #F7FAFC);}.kadence-column1004_f25d88-5d > .kt-inside-inner-col:before{opacity:0.3;}.kadence-column1004_f25d88-5d{position:relative;}.kadence-column1004_f25d88-5d, .kt-inside-inner-col > .kadence-column1004_f25d88-5d:not(.specificity){margin-bottom:-50px;}@media all and (max-width: 1024px){.kadence-column1004_f25d88-5d > .kt-inside-inner-col{flex-direction:column;justify-content:center;}}@media all and (max-width: 767px){.kadence-column1004_f25d88-5d > .kt-inside-inner-col{padding-right:0px;padding-left:0px;flex-direction:column;justify-content:center;}}<\/style>\n<div class=\"wp-block-kadence-column kadence-column1004_f25d88-5d inner-column-1\"><div class=\"kt-inside-inner-col\">\n<div style=\"height:50px\" aria-hidden=\"true\" class=\"wp-block-spacer\"><\/div>\n<\/div><\/div>\n\n<\/div><\/div>","protected":false},"excerpt":{"rendered":"<p>Pesarios: Beneficios y caracter\u00edsticas \u00bfPor qu\u00e9 es importante para el bienestar femenino? 1. Recupera la comodidad en el d\u00eda a d\u00eda El pesario ayuda a aliviar la sensaci\u00f3n de peso, presi\u00f3n o bulto en la vagina, permitiendo caminar, trabajar, hacer deporte o actividades cotidianas sin molestias. 2. Previene que el prolapso empeore Al dar soporte&#8230;<\/p>\n","protected":false},"author":1,"featured_media":0,"parent":0,"menu_order":0,"comment_status":"closed","ping_status":"closed","template":"","meta":{"_kad_blocks_custom_css":"","_kad_blocks_head_custom_js":"","_kad_blocks_body_custom_js":"","_kad_blocks_footer_custom_js":"","_kadence_starter_templates_imported_post":false,"_kad_post_transparent":"","_kad_post_title":"hide","_kad_post_layout":"","_kad_post_sidebar_id":"","_kad_post_content_style":"","_kad_post_vertical_padding":"","_kad_post_feature":"","_kad_post_feature_position":"","_kad_post_header":false,"_kad_post_footer":false,"_kad_post_classname":"","footnotes":""},"class_list":["post-1004","page","type-page","status-publish","hentry"],"yoast_head":"<!-- This site is optimized with the Yoast SEO plugin v27.3 - https:\/\/yoast.com\/product\/yoast-seo-wordpress\/ -->\n<title>Pesarios: Beneficios y caracter\u00edsticas - My Dolphin Care<\/title>\n<meta name=\"robots\" content=\"index, follow, max-snippet:-1, max-image-preview:large, max-video-preview:-1\" \/>\n<link rel=\"canonical\" href=\"https:\/\/dolphinmedical.com\/mydolphincare\/pesarios-beneficios-y-caracteristicas\/\" \/>\n<meta property=\"og:locale\" content=\"es_ES\" \/>\n<meta property=\"og:type\" content=\"article\" \/>\n<meta property=\"og:title\" content=\"Pesarios: Beneficios y caracter\u00edsticas - My Dolphin Care\" \/>\n<meta property=\"og:description\" content=\"Pesarios: Beneficios y caracter\u00edsticas \u00bfPor qu\u00e9 es importante para el bienestar femenino? 1. Recupera la comodidad en el d\u00eda a d\u00eda El pesario ayuda a aliviar la sensaci\u00f3n de peso, presi\u00f3n o bulto en la vagina, permitiendo caminar, trabajar, hacer deporte o actividades cotidianas sin molestias. 2. Previene que el prolapso empeore Al dar soporte...\" \/>\n<meta property=\"og:url\" content=\"https:\/\/dolphinmedical.com\/mydolphincare\/pesarios-beneficios-y-caracteristicas\/\" \/>\n<meta property=\"og:site_name\" content=\"My Dolphin Care\" \/>\n<meta property=\"article:modified_time\" content=\"2025-08-18T04:24:05+00:00\" \/>\n<meta name=\"twitter:card\" content=\"summary_large_image\" \/>\n<meta name=\"twitter:label1\" content=\"Tiempo estimado de lectura\" \/>\n\t<meta name=\"twitter:data1\" content=\"1 minuto\" \/>\n<script type=\"application\/ld+json\" class=\"yoast-schema-graph\">{\"@context\":\"https:\\\/\\\/schema.org\",\"@graph\":[{\"@type\":\"WebPage\",\"@id\":\"https:\\\/\\\/dolphinmedical.com\\\/mydolphincare\\\/pesarios-beneficios-y-caracteristicas\\\/\",\"url\":\"https:\\\/\\\/dolphinmedical.com\\\/mydolphincare\\\/pesarios-beneficios-y-caracteristicas\\\/\",\"name\":\"Pesarios: Beneficios y caracter\u00edsticas - My Dolphin Care\",\"isPartOf\":{\"@id\":\"https:\\\/\\\/dolphinmedical.com\\\/mydolphincare\\\/#website\"},\"datePublished\":\"2025-08-18T04:23:02+00:00\",\"dateModified\":\"2025-08-18T04:24:05+00:00\",\"breadcrumb\":{\"@id\":\"https:\\\/\\\/dolphinmedical.com\\\/mydolphincare\\\/pesarios-beneficios-y-caracteristicas\\\/#breadcrumb\"},\"inLanguage\":\"es-CL\",\"potentialAction\":[{\"@type\":\"ReadAction\",\"target\":[\"https:\\\/\\\/dolphinmedical.com\\\/mydolphincare\\\/pesarios-beneficios-y-caracteristicas\\\/\"]}]},{\"@type\":\"BreadcrumbList\",\"@id\":\"https:\\\/\\\/dolphinmedical.com\\\/mydolphincare\\\/pesarios-beneficios-y-caracteristicas\\\/#breadcrumb\",\"itemListElement\":[{\"@type\":\"ListItem\",\"position\":1,\"name\":\"Portada\",\"item\":\"https:\\\/\\\/dolphinmedical.com\\\/mydolphincare\\\/\"},{\"@type\":\"ListItem\",\"position\":2,\"name\":\"Pesarios: Beneficios y caracter\u00edsticas\"}]},{\"@type\":\"WebSite\",\"@id\":\"https:\\\/\\\/dolphinmedical.com\\\/mydolphincare\\\/#website\",\"url\":\"https:\\\/\\\/dolphinmedical.com\\\/mydolphincare\\\/\",\"name\":\"My Dolphin Care\",\"description\":\"\",\"publisher\":{\"@id\":\"https:\\\/\\\/dolphinmedical.com\\\/mydolphincare\\\/#organization\"},\"potentialAction\":[{\"@type\":\"SearchAction\",\"target\":{\"@type\":\"EntryPoint\",\"urlTemplate\":\"https:\\\/\\\/dolphinmedical.com\\\/mydolphincare\\\/?s={search_term_string}\"},\"query-input\":{\"@type\":\"PropertyValueSpecification\",\"valueRequired\":true,\"valueName\":\"search_term_string\"}}],\"inLanguage\":\"es-CL\"},{\"@type\":\"Organization\",\"@id\":\"https:\\\/\\\/dolphinmedical.com\\\/mydolphincare\\\/#organization\",\"name\":\"My Dolphin Care\",\"url\":\"https:\\\/\\\/dolphinmedical.com\\\/mydolphincare\\\/\",\"logo\":{\"@type\":\"ImageObject\",\"inLanguage\":\"es-CL\",\"@id\":\"https:\\\/\\\/dolphinmedical.com\\\/mydolphincare\\\/#\\\/schema\\\/logo\\\/image\\\/\",\"url\":\"https:\\\/\\\/dolphinmedical.com\\\/mydolphincare\\\/wp-content\\\/uploads\\\/2025\\\/08\\\/Logo-MDC.png\",\"contentUrl\":\"https:\\\/\\\/dolphinmedical.com\\\/mydolphincare\\\/wp-content\\\/uploads\\\/2025\\\/08\\\/Logo-MDC.png\",\"width\":800,\"height\":400,\"caption\":\"My Dolphin Care\"},\"image\":{\"@id\":\"https:\\\/\\\/dolphinmedical.com\\\/mydolphincare\\\/#\\\/schema\\\/logo\\\/image\\\/\"}}]}<\/script>\n<!-- \/ Yoast SEO plugin. -->","yoast_head_json":{"title":"Pesarios: Beneficios y caracter\u00edsticas - My Dolphin Care","robots":{"index":"index","follow":"follow","max-snippet":"max-snippet:-1","max-image-preview":"max-image-preview:large","max-video-preview":"max-video-preview:-1"},"canonical":"https:\/\/dolphinmedical.com\/mydolphincare\/pesarios-beneficios-y-caracteristicas\/","og_locale":"es_ES","og_type":"article","og_title":"Pesarios: Beneficios y caracter\u00edsticas - My Dolphin Care","og_description":"Pesarios: Beneficios y caracter\u00edsticas \u00bfPor qu\u00e9 es importante para el bienestar femenino? 1. Recupera la comodidad en el d\u00eda a d\u00eda El pesario ayuda a aliviar la sensaci\u00f3n de peso, presi\u00f3n o bulto en la vagina, permitiendo caminar, trabajar, hacer deporte o actividades cotidianas sin molestias. 2. Previene que el prolapso empeore Al dar soporte...","og_url":"https:\/\/dolphinmedical.com\/mydolphincare\/pesarios-beneficios-y-caracteristicas\/","og_site_name":"My Dolphin Care","article_modified_time":"2025-08-18T04:24:05+00:00","twitter_card":"summary_large_image","twitter_misc":{"Tiempo estimado de lectura":"1 minuto"},"schema":{"@context":"https:\/\/schema.org","@graph":[{"@type":"WebPage","@id":"https:\/\/dolphinmedical.com\/mydolphincare\/pesarios-beneficios-y-caracteristicas\/","url":"https:\/\/dolphinmedical.com\/mydolphincare\/pesarios-beneficios-y-caracteristicas\/","name":"Pesarios: Beneficios y caracter\u00edsticas - My Dolphin Care","isPartOf":{"@id":"https:\/\/dolphinmedical.com\/mydolphincare\/#website"},"datePublished":"2025-08-18T04:23:02+00:00","dateModified":"2025-08-18T04:24:05+00:00","breadcrumb":{"@id":"https:\/\/dolphinmedical.com\/mydolphincare\/pesarios-beneficios-y-caracteristicas\/#breadcrumb"},"inLanguage":"es-CL","potentialAction":[{"@type":"ReadAction","target":["https:\/\/dolphinmedical.com\/mydolphincare\/pesarios-beneficios-y-caracteristicas\/"]}]},{"@type":"BreadcrumbList","@id":"https:\/\/dolphinmedical.com\/mydolphincare\/pesarios-beneficios-y-caracteristicas\/#breadcrumb","itemListElement":[{"@type":"ListItem","position":1,"name":"Portada","item":"https:\/\/dolphinmedical.com\/mydolphincare\/"},{"@type":"ListItem","position":2,"name":"Pesarios: Beneficios y caracter\u00edsticas"}]},{"@type":"WebSite","@id":"https:\/\/dolphinmedical.com\/mydolphincare\/#website","url":"https:\/\/dolphinmedical.com\/mydolphincare\/","name":"My Dolphin Care","description":"","publisher":{"@id":"https:\/\/dolphinmedical.com\/mydolphincare\/#organization"},"potentialAction":[{"@type":"SearchAction","target":{"@type":"EntryPoint","urlTemplate":"https:\/\/dolphinmedical.com\/mydolphincare\/?s={search_term_string}"},"query-input":{"@type":"PropertyValueSpecification","valueRequired":true,"valueName":"search_term_string"}}],"inLanguage":"es-CL"},{"@type":"Organization","@id":"https:\/\/dolphinmedical.com\/mydolphincare\/#organization","name":"My Dolphin Care","url":"https:\/\/dolphinmedical.com\/mydolphincare\/","logo":{"@type":"ImageObject","inLanguage":"es-CL","@id":"https:\/\/dolphinmedical.com\/mydolphincare\/#\/schema\/logo\/image\/","url":"https:\/\/dolphinmedical.com\/mydolphincare\/wp-content\/uploads\/2025\/08\/Logo-MDC.png","contentUrl":"https:\/\/dolphinmedical.com\/mydolphincare\/wp-content\/uploads\/2025\/08\/Logo-MDC.png","width":800,"height":400,"caption":"My Dolphin Care"},"image":{"@id":"https:\/\/dolphinmedical.com\/mydolphincare\/#\/schema\/logo\/image\/"}}]}},"taxonomy_info":[],"featured_image_src_large":false,"author_info":{"display_name":"admin","author_link":"https:\/\/dolphinmedical.com\/mydolphincare\/author\/admin\/"},"comment_info":0,"_links":{"self":[{"href":"https:\/\/dolphinmedical.com\/mydolphincare\/wp-json\/wp\/v2\/pages\/1004","targetHints":{"allow":["GET"]}}],"collection":[{"href":"https:\/\/dolphinmedical.com\/mydolphincare\/wp-json\/wp\/v2\/pages"}],"about":[{"href":"https:\/\/dolphinmedical.com\/mydolphincare\/wp-json\/wp\/v2\/types\/page"}],"author":[{"embeddable":true,"href":"https:\/\/dolphinmedical.com\/mydolphincare\/wp-json\/wp\/v2\/users\/1"}],"replies":[{"embeddable":true,"href":"https:\/\/dolphinmedical.com\/mydolphincare\/wp-json\/wp\/v2\/comments?post=1004"}],"version-history":[{"count":2,"href":"https:\/\/dolphinmedical.com\/mydolphincare\/wp-json\/wp\/v2\/pages\/1004\/revisions"}],"predecessor-version":[{"id":1006,"href":"https:\/\/dolphinmedical.com\/mydolphincare\/wp-json\/wp\/v2\/pages\/1004\/revisions\/1006"}],"wp:attachment":[{"href":"https:\/\/dolphinmedical.com\/mydolphincare\/wp-json\/wp\/v2\/media?parent=1004"}],"curies":[{"name":"wp","href":"https:\/\/api.w.org\/{rel}","templated":true}]}}