{"id":1139,"date":"2025-08-25T16:08:10","date_gmt":"2025-08-25T19:08:10","guid":{"rendered":"https:\/\/dolphinmedical.com\/mydolphincare\/?page_id=1139"},"modified":"2025-08-25T16:08:10","modified_gmt":"2025-08-25T19:08:10","slug":"uso-correcto-del-pesario","status":"publish","type":"page","link":"https:\/\/dolphinmedical.com\/mydolphincare\/uso-correcto-del-pesario\/","title":{"rendered":"Uso correcto del pesario"},"content":{"rendered":"<style>.kb-row-layout-wrap.wp-block-kadence-rowlayout.kb-row-layout-id1139_b3d3bd-24{margin-top:-100px;margin-bottom:50px;}.kb-row-layout-id1139_b3d3bd-24 > .kt-row-column-wrap{align-content:start;}:where(.kb-row-layout-id1139_b3d3bd-24 > .kt-row-column-wrap) > .wp-block-kadence-column{justify-content:start;}.kb-row-layout-id1139_b3d3bd-24 > .kt-row-column-wrap{column-gap:var(--global-kb-gap-md, 2rem);row-gap:var(--global-kb-gap-md, 2rem);max-width:var( --global-content-width, 1290px );padding-left:var(--global-content-edge-padding);padding-right:var(--global-content-edge-padding);padding-top:var(--global-kb-spacing-xl, 4rem);padding-bottom:var(--global-kb-spacing-xl, 4rem);grid-template-columns:minmax(0, 1fr);}.kb-row-layout-id1139_b3d3bd-24 > .kt-row-layout-overlay{opacity:0.00;}@media all and (max-width: 1024px){.kb-row-layout-id1139_b3d3bd-24 > .kt-row-column-wrap{grid-template-columns:minmax(0, 1fr);}}@media all and (max-width: 767px){.kb-row-layout-id1139_b3d3bd-24 > .kt-row-column-wrap{grid-template-columns:minmax(0, 1fr);}}<\/style><div class=\"kb-row-layout-wrap kb-row-layout-id1139_b3d3bd-24 alignfull has-theme-palette7-background-color kt-row-has-bg wp-block-kadence-rowlayout\"><div class=\"kt-row-column-wrap kt-has-1-columns kt-row-layout-equal kt-tab-layout-inherit kt-mobile-layout-row kt-row-valign-top kb-theme-content-width\">\n<style>.kadence-column1139_becc3b-2e > .kt-inside-inner-col,.kadence-column1139_becc3b-2e > .kt-inside-inner-col:before{border-top-left-radius:0px;border-top-right-radius:0px;border-bottom-right-radius:0px;border-bottom-left-radius:0px;}.kadence-column1139_becc3b-2e > .kt-inside-inner-col{column-gap:var(--global-kb-gap-sm, 1rem);}.kadence-column1139_becc3b-2e > .kt-inside-inner-col{flex-direction:column;}.kadence-column1139_becc3b-2e > .kt-inside-inner-col > .aligncenter{width:100%;}.kadence-column1139_becc3b-2e > .kt-inside-inner-col:before{opacity:0.3;}.kadence-column1139_becc3b-2e{position:relative;}@media all and (max-width: 1024px){.kadence-column1139_becc3b-2e > .kt-inside-inner-col{flex-direction:column;justify-content:center;}}@media all and (max-width: 767px){.kadence-column1139_becc3b-2e > .kt-inside-inner-col{padding-right:0px;padding-left:0px;flex-direction:column;justify-content:center;}}<\/style>\n<div class=\"wp-block-kadence-column kadence-column1139_becc3b-2e inner-column-1\"><div class=\"kt-inside-inner-col\"><style>.wp-block-kadence-advancedheading.kt-adv-heading1139_701856-74, .wp-block-kadence-advancedheading.kt-adv-heading1139_701856-74[data-kb-block=\"kb-adv-heading1139_701856-74\"]{max-width:800px;margin-right:auto;margin-left:auto;margin-top:0px;margin-bottom:0px;text-align:center;font-size:70px;line-height:1.1;font-style:normal;letter-spacing:-1px;}.wp-block-kadence-advancedheading.kt-adv-heading1139_701856-74 mark.kt-highlight, .wp-block-kadence-advancedheading.kt-adv-heading1139_701856-74[data-kb-block=\"kb-adv-heading1139_701856-74\"] mark.kt-highlight{font-style:normal;color:#f76a0c;-webkit-box-decoration-break:clone;box-decoration-break:clone;padding-top:0px;padding-right:0px;padding-bottom:0px;padding-left:0px;}.wp-block-kadence-advancedheading.kt-adv-heading1139_701856-74 img.kb-inline-image, .wp-block-kadence-advancedheading.kt-adv-heading1139_701856-74[data-kb-block=\"kb-adv-heading1139_701856-74\"] img.kb-inline-image{width:150px;vertical-align:baseline;}@media all and (max-width: 767px){.wp-block-kadence-advancedheading.kt-adv-heading1139_701856-74, .wp-block-kadence-advancedheading.kt-adv-heading1139_701856-74[data-kb-block=\"kb-adv-heading1139_701856-74\"]{font-size:55px;}}<\/style>\n<h2 class=\"kt-adv-heading1139_701856-74 wp-block-kadence-advancedheading has-theme-palette-3-color has-text-color\" data-kb-block=\"kb-adv-heading1139_701856-74\">Uso correcto del pesario<\/h2>\n<\/div><\/div>\n\n<\/div><\/div>\n\n<style>.kb-row-layout-wrap.wp-block-kadence-rowlayout.kb-row-layout-id1139_c67efb-3c{margin-top:-50px;margin-bottom:0px;}.kb-row-layout-id1139_c67efb-3c > .kt-row-column-wrap{align-content:start;}:where(.kb-row-layout-id1139_c67efb-3c > .kt-row-column-wrap) > .wp-block-kadence-column{justify-content:start;}.kb-row-layout-id1139_c67efb-3c > .kt-row-column-wrap{column-gap:var(--global-kb-gap-md, 2rem);row-gap:var(--global-kb-gap-md, 2rem);max-width:var( --global-content-width, 1290px );padding-left:var(--global-content-edge-padding);padding-right:var(--global-content-edge-padding);padding-top:0px;padding-right:0px;padding-bottom:0px;padding-left:0px;grid-template-columns:minmax(0, 1fr);}.kb-row-layout-id1139_c67efb-3c > .kt-row-layout-overlay{opacity:0.00;}@media all and (max-width: 1024px){.kb-row-layout-id1139_c67efb-3c > .kt-row-column-wrap{grid-template-columns:minmax(0, 1fr);}}@media all and (max-width: 767px){.kb-row-layout-id1139_c67efb-3c > .kt-row-column-wrap{grid-template-columns:minmax(0, 1fr);}}<\/style><div class=\"kb-row-layout-wrap kb-row-layout-id1139_c67efb-3c alignfull has-theme-palette8-background-color kt-row-has-bg wp-block-kadence-rowlayout\"><div class=\"kt-row-column-wrap kt-has-1-columns kt-row-layout-equal kt-tab-layout-inherit kt-mobile-layout-row kt-row-valign-top kb-theme-content-width\">\n<style>.kadence-column1139_60702a-9c > .kt-inside-inner-col{padding-right:var(--global-kb-spacing-4xl, 8rem);padding-left:var(--global-kb-spacing-4xl, 8rem);}.kadence-column1139_60702a-9c > .kt-inside-inner-col,.kadence-column1139_60702a-9c > .kt-inside-inner-col:before{border-top-left-radius:0px;border-top-right-radius:0px;border-bottom-right-radius:0px;border-bottom-left-radius:0px;}.kadence-column1139_60702a-9c > .kt-inside-inner-col{column-gap:var(--global-kb-gap-sm, 1rem);}.kadence-column1139_60702a-9c > .kt-inside-inner-col{flex-direction:column;}.kadence-column1139_60702a-9c > .kt-inside-inner-col > .aligncenter{width:100%;}.kadence-column1139_60702a-9c > .kt-inside-inner-col{background-color:var(--global-palette8, #F7FAFC);}.kadence-column1139_60702a-9c > .kt-inside-inner-col:before{opacity:0.3;}.kadence-column1139_60702a-9c{position:relative;}@media all and (max-width: 1024px){.kadence-column1139_60702a-9c > .kt-inside-inner-col{flex-direction:column;justify-content:center;}}@media all and (max-width: 767px){.kadence-column1139_60702a-9c > .kt-inside-inner-col{padding-right:0px;padding-left:0px;flex-direction:column;justify-content:center;}}<\/style>\n<div class=\"wp-block-kadence-column kadence-column1139_60702a-9c inner-column-1\"><div class=\"kt-inside-inner-col\">\n<div style=\"height:50px\" aria-hidden=\"true\" class=\"wp-block-spacer\"><\/div>\n<\/div><\/div>\n\n\n<style>.kadence-column1139_a0c367-c1 > .kt-inside-inner-col,.kadence-column1139_a0c367-c1 > .kt-inside-inner-col:before{border-top-left-radius:0px;border-top-right-radius:0px;border-bottom-right-radius:0px;border-bottom-left-radius:0px;}.kadence-column1139_a0c367-c1 > .kt-inside-inner-col{column-gap:var(--global-kb-gap-sm, 1rem);}.kadence-column1139_a0c367-c1 > .kt-inside-inner-col{flex-direction:column;}.kadence-column1139_a0c367-c1 > .kt-inside-inner-col > .aligncenter{width:100%;}.kadence-column1139_a0c367-c1{position:relative;}@media all and (max-width: 1024px){.kadence-column1139_a0c367-c1 > .kt-inside-inner-col{flex-direction:column;justify-content:center;}}@media all and (max-width: 767px){.kadence-column1139_a0c367-c1 > .kt-inside-inner-col{flex-direction:column;justify-content:center;}}<\/style>\n<div class=\"wp-block-kadence-column kadence-column1139_a0c367-c1\"><div class=\"kt-inside-inner-col\"><style>.kb-row-layout-id1139_7c8629-43 > .kt-row-column-wrap{align-content:start;}:where(.kb-row-layout-id1139_7c8629-43 > .kt-row-column-wrap) > .wp-block-kadence-column{justify-content:start;}.kb-row-layout-id1139_7c8629-43 > .kt-row-column-wrap{column-gap:var(--global-kb-gap-md, 2rem);row-gap:var(--global-kb-gap-md, 2rem);padding-top:var(--global-kb-spacing-sm, 1.5rem);padding-bottom:var(--global-kb-spacing-sm, 1.5rem);grid-template-columns:minmax(0, 1fr);}.kb-row-layout-id1139_7c8629-43 > .kt-row-layout-overlay{opacity:0.30;}@media all and (max-width: 1024px){.kb-row-layout-id1139_7c8629-43 > .kt-row-column-wrap{grid-template-columns:minmax(0, 1fr);}}@media all and (max-width: 767px){.kb-row-layout-id1139_7c8629-43 > .kt-row-column-wrap{grid-template-columns:minmax(0, 1fr);}}<\/style><div class=\"kb-row-layout-wrap kb-row-layout-id1139_7c8629-43 alignnone has-theme-palette9-background-color kt-row-has-bg wp-block-kadence-rowlayout\"><div class=\"kt-row-column-wrap kt-has-1-columns kt-row-layout-equal kt-tab-layout-inherit kt-mobile-layout-row kt-row-valign-top\">\n<style>.kadence-column1139_89790c-05 > .kt-inside-inner-col,.kadence-column1139_89790c-05 > .kt-inside-inner-col:before{border-top-left-radius:0px;border-top-right-radius:0px;border-bottom-right-radius:0px;border-bottom-left-radius:0px;}.kadence-column1139_89790c-05 > .kt-inside-inner-col{column-gap:var(--global-kb-gap-sm, 1rem);}.kadence-column1139_89790c-05 > .kt-inside-inner-col{flex-direction:column;}.kadence-column1139_89790c-05 > .kt-inside-inner-col > .aligncenter{width:100%;}.kadence-column1139_89790c-05 > .kt-inside-inner-col:before{opacity:0.3;}.kadence-column1139_89790c-05{position:relative;}@media all and (max-width: 1024px){.kadence-column1139_89790c-05 > .kt-inside-inner-col{flex-direction:column;justify-content:center;}}@media all and (max-width: 767px){.kadence-column1139_89790c-05 > .kt-inside-inner-col{flex-direction:column;justify-content:center;}}<\/style>\n<div class=\"wp-block-kadence-column kadence-column1139_89790c-05\"><div class=\"kt-inside-inner-col\"><style>.wp-block-kadence-advancedheading.kt-adv-heading1139_3a55fb-27, .wp-block-kadence-advancedheading.kt-adv-heading1139_3a55fb-27[data-kb-block=\"kb-adv-heading1139_3a55fb-27\"]{font-style:normal;}.wp-block-kadence-advancedheading.kt-adv-heading1139_3a55fb-27 mark.kt-highlight, .wp-block-kadence-advancedheading.kt-adv-heading1139_3a55fb-27[data-kb-block=\"kb-adv-heading1139_3a55fb-27\"] mark.kt-highlight{font-style:normal;color:#f76a0c;-webkit-box-decoration-break:clone;box-decoration-break:clone;padding-top:0px;padding-right:0px;padding-bottom:0px;padding-left:0px;}.wp-block-kadence-advancedheading.kt-adv-heading1139_3a55fb-27 img.kb-inline-image, .wp-block-kadence-advancedheading.kt-adv-heading1139_3a55fb-27[data-kb-block=\"kb-adv-heading1139_3a55fb-27\"] img.kb-inline-image{width:150px;vertical-align:baseline;}<\/style>\n<h2 class=\"kt-adv-heading1139_3a55fb-27 wp-block-kadence-advancedheading\" data-kb-block=\"kb-adv-heading1139_3a55fb-27\">Uso correcto del pesario<\/h2>\n\n\n\n<ul class=\"wp-block-list\">\n<li>Aprende a colocar y retirar tu pesario con suavidad y seguridad.<\/li>\n\n\n\n<li>Siempre lavar con agua y jab\u00f3n las manos antes de manipular el pesario<\/li>\n\n\n\n<li>L\u00e1valo con agua tibia y jab\u00f3n neutro. Evita alcohol o productos con fragancias.<\/li>\n\n\n\n<li>S\u00e9calo completamente antes de usarlo.<\/li>\n\n\n\n<li>Revisa si hay grietas o desgaste. Si algo no se siente bien, consulta a tu profesional.<\/li>\n\n\n\n<li>Aplicar gel lubricante recomendado para que el procedimiento de inserci\u00f3n o extracci\u00f3n sea amable con sus genitales. (gel lubricante con \u00e1cido hialur\u00f3nico: Anime\u00e9)<\/li>\n\n\n\n<li>Se recomienda extraer todos los d\u00edas en la noche el pesario al finalizar sus actividades y volver a colocarlo al otro d\u00eda en la ma\u00f1ana (idealmente despu\u00e9s de defecar si ocurre temprano). Es m\u00e1s f\u00e1cil extraerlo de pie e insertarlo acostada (siempre reducir el prolapso primero)<\/li>\n\n\n\n<li>El pesario debe lavarse con agua y jab\u00f3n de manos, secar bien y guardar en toalla de papel o bolsa limpia. Especial atenci\u00f3n si tiene un pesario gellhorn u otro con orificios en la limpieza de los mismos, la cual debe ser realizada con cotonitos, para remover cualquier secreci\u00f3n vaginal que haya quedado atrapada.<\/li>\n\n\n\n<li>Mientras utilice el pesario ser\u00e1 necesario usar una crema u \u00f3vulos con hormonas para favorecer el tratamiento, 2 veces por semana, la cual se coloca cuando se retire el pesario antes de ir a dormir (Antrofi, colpotrophine, vacidox, ovestin, blissel).<\/li>\n\n\n\n<li>En la semana de prueba debe chequear el inodoro \u00f3 que el pesario este dentro de su vagina antes de tirar la cadena despu\u00e9s de orinar o defecar, para evitar accidentes con la pr\u00f3tesis.<\/li>\n\n\n\n<li>Si desea esterilizar su pesario, puede hervirlo 10 min en agua si es un pesario anular (ring) o gellhorn. Los pesarios con forma de dona no se pueden hervir.<\/li>\n\n\n\n<li>Si el pesario se mancha, puede dejarlo remojando una noche en un vaso de agua con 1 cucharada de bicarbonato y vinagre. Antes de volver a colocarlo debe limpiarlo detalladamente. Si la mancha persiste, el pesario se agrieta o tiene mal olor, deber\u00e1 reemplazarlo por uno nuevo.<\/li>\n\n\n\n<li>Si presenta dificultad para orinar o defecar debe remover el pesario.<\/li>\n\n\n\n<li>Si presenta flujo vaginal y\/o sangrado y\/o dolor debe retirar el pesario y acudir a control con su matrona o ginec\u00f3logo.<\/li>\n\n\n\n<li>Recuerde que debe asistir regularmente a sus controles para evitar inconvenientes con el uso de estos dispositivos<\/li>\n\n\n\n<li>Sigue las indicaciones sobre el tiempo de uso. Algunos pesarios se retiran diariamente, otros pueden permanecer por varios d\u00edas.<\/li>\n\n\n\n<li>Guarda el pesario en un lugar seco y limpio.<\/li>\n\n\n\n<li>Consulta si hay dolor, irritaci\u00f3n, sangrado o si el pesario se sale con facilidad.<\/li>\n<\/ul>\n<\/div><\/div>\n\n<\/div><\/div><\/div><\/div>\n\n\n<style>.kadence-column1139_4bba5b-4a > .kt-inside-inner-col{padding-right:var(--global-kb-spacing-4xl, 8rem);padding-left:var(--global-kb-spacing-4xl, 8rem);}.kadence-column1139_4bba5b-4a > .kt-inside-inner-col,.kadence-column1139_4bba5b-4a > .kt-inside-inner-col:before{border-top-left-radius:0px;border-top-right-radius:0px;border-bottom-right-radius:0px;border-bottom-left-radius:0px;}.kadence-column1139_4bba5b-4a > .kt-inside-inner-col{column-gap:var(--global-kb-gap-sm, 1rem);}.kadence-column1139_4bba5b-4a > .kt-inside-inner-col{flex-direction:column;}.kadence-column1139_4bba5b-4a > .kt-inside-inner-col > .aligncenter{width:100%;}.kadence-column1139_4bba5b-4a > .kt-inside-inner-col{background-color:var(--global-palette8, #F7FAFC);}.kadence-column1139_4bba5b-4a > .kt-inside-inner-col:before{opacity:0.3;}.kadence-column1139_4bba5b-4a{position:relative;}.kadence-column1139_4bba5b-4a, .kt-inside-inner-col > .kadence-column1139_4bba5b-4a:not(.specificity){margin-bottom:-50px;}@media all and (max-width: 1024px){.kadence-column1139_4bba5b-4a > .kt-inside-inner-col{flex-direction:column;justify-content:center;}}@media all and (max-width: 767px){.kadence-column1139_4bba5b-4a > .kt-inside-inner-col{padding-right:0px;padding-left:0px;flex-direction:column;justify-content:center;}}<\/style>\n<div class=\"wp-block-kadence-column kadence-column1139_4bba5b-4a inner-column-1\"><div class=\"kt-inside-inner-col\">\n<div style=\"height:50px\" aria-hidden=\"true\" class=\"wp-block-spacer\"><\/div>\n<\/div><\/div>\n\n<\/div><\/div>","protected":false},"excerpt":{"rendered":"<p>Uso correcto del pesario Uso correcto del pesario<\/p>\n","protected":false},"author":1,"featured_media":0,"parent":0,"menu_order":0,"comment_status":"closed","ping_status":"closed","template":"","meta":{"_kad_blocks_custom_css":"","_kad_blocks_head_custom_js":"","_kad_blocks_body_custom_js":"","_kad_blocks_footer_custom_js":"","_kadence_starter_templates_imported_post":false,"_kad_post_transparent":"","_kad_post_title":"hide","_kad_post_layout":"","_kad_post_sidebar_id":"","_kad_post_content_style":"","_kad_post_vertical_padding":"","_kad_post_feature":"","_kad_post_feature_position":"","_kad_post_header":false,"_kad_post_footer":false,"_kad_post_classname":"","footnotes":""},"class_list":["post-1139","page","type-page","status-publish","hentry"],"yoast_head":"<!-- This site is optimized with the Yoast SEO plugin v27.3 - https:\/\/yoast.com\/product\/yoast-seo-wordpress\/ -->\n<title>Uso correcto del pesario - My Dolphin Care<\/title>\n<meta name=\"robots\" content=\"index, follow, max-snippet:-1, max-image-preview:large, max-video-preview:-1\" \/>\n<link rel=\"canonical\" href=\"https:\/\/dolphinmedical.com\/mydolphincare\/uso-correcto-del-pesario\/\" \/>\n<meta property=\"og:locale\" content=\"es_ES\" \/>\n<meta property=\"og:type\" content=\"article\" \/>\n<meta property=\"og:title\" content=\"Uso correcto del pesario - My Dolphin Care\" \/>\n<meta property=\"og:description\" content=\"Uso correcto del pesario Uso correcto del pesario\" \/>\n<meta property=\"og:url\" content=\"https:\/\/dolphinmedical.com\/mydolphincare\/uso-correcto-del-pesario\/\" \/>\n<meta property=\"og:site_name\" content=\"My Dolphin Care\" \/>\n<meta name=\"twitter:card\" content=\"summary_large_image\" \/>\n<meta name=\"twitter:label1\" content=\"Tiempo estimado de lectura\" \/>\n\t<meta name=\"twitter:data1\" content=\"2 minutos\" \/>\n<script type=\"application\/ld+json\" class=\"yoast-schema-graph\">{\"@context\":\"https:\\\/\\\/schema.org\",\"@graph\":[{\"@type\":\"WebPage\",\"@id\":\"https:\\\/\\\/dolphinmedical.com\\\/mydolphincare\\\/uso-correcto-del-pesario\\\/\",\"url\":\"https:\\\/\\\/dolphinmedical.com\\\/mydolphincare\\\/uso-correcto-del-pesario\\\/\",\"name\":\"Uso correcto del pesario - My Dolphin Care\",\"isPartOf\":{\"@id\":\"https:\\\/\\\/dolphinmedical.com\\\/mydolphincare\\\/#website\"},\"datePublished\":\"2025-08-25T19:08:10+00:00\",\"breadcrumb\":{\"@id\":\"https:\\\/\\\/dolphinmedical.com\\\/mydolphincare\\\/uso-correcto-del-pesario\\\/#breadcrumb\"},\"inLanguage\":\"es-CL\",\"potentialAction\":[{\"@type\":\"ReadAction\",\"target\":[\"https:\\\/\\\/dolphinmedical.com\\\/mydolphincare\\\/uso-correcto-del-pesario\\\/\"]}]},{\"@type\":\"BreadcrumbList\",\"@id\":\"https:\\\/\\\/dolphinmedical.com\\\/mydolphincare\\\/uso-correcto-del-pesario\\\/#breadcrumb\",\"itemListElement\":[{\"@type\":\"ListItem\",\"position\":1,\"name\":\"Portada\",\"item\":\"https:\\\/\\\/dolphinmedical.com\\\/mydolphincare\\\/\"},{\"@type\":\"ListItem\",\"position\":2,\"name\":\"Uso correcto del pesario\"}]},{\"@type\":\"WebSite\",\"@id\":\"https:\\\/\\\/dolphinmedical.com\\\/mydolphincare\\\/#website\",\"url\":\"https:\\\/\\\/dolphinmedical.com\\\/mydolphincare\\\/\",\"name\":\"My Dolphin Care\",\"description\":\"\",\"publisher\":{\"@id\":\"https:\\\/\\\/dolphinmedical.com\\\/mydolphincare\\\/#organization\"},\"potentialAction\":[{\"@type\":\"SearchAction\",\"target\":{\"@type\":\"EntryPoint\",\"urlTemplate\":\"https:\\\/\\\/dolphinmedical.com\\\/mydolphincare\\\/?s={search_term_string}\"},\"query-input\":{\"@type\":\"PropertyValueSpecification\",\"valueRequired\":true,\"valueName\":\"search_term_string\"}}],\"inLanguage\":\"es-CL\"},{\"@type\":\"Organization\",\"@id\":\"https:\\\/\\\/dolphinmedical.com\\\/mydolphincare\\\/#organization\",\"name\":\"My Dolphin Care\",\"url\":\"https:\\\/\\\/dolphinmedical.com\\\/mydolphincare\\\/\",\"logo\":{\"@type\":\"ImageObject\",\"inLanguage\":\"es-CL\",\"@id\":\"https:\\\/\\\/dolphinmedical.com\\\/mydolphincare\\\/#\\\/schema\\\/logo\\\/image\\\/\",\"url\":\"https:\\\/\\\/dolphinmedical.com\\\/mydolphincare\\\/wp-content\\\/uploads\\\/2025\\\/08\\\/Logo-MDC.png\",\"contentUrl\":\"https:\\\/\\\/dolphinmedical.com\\\/mydolphincare\\\/wp-content\\\/uploads\\\/2025\\\/08\\\/Logo-MDC.png\",\"width\":800,\"height\":400,\"caption\":\"My Dolphin Care\"},\"image\":{\"@id\":\"https:\\\/\\\/dolphinmedical.com\\\/mydolphincare\\\/#\\\/schema\\\/logo\\\/image\\\/\"}}]}<\/script>\n<!-- \/ Yoast SEO plugin. -->","yoast_head_json":{"title":"Uso correcto del pesario - My Dolphin Care","robots":{"index":"index","follow":"follow","max-snippet":"max-snippet:-1","max-image-preview":"max-image-preview:large","max-video-preview":"max-video-preview:-1"},"canonical":"https:\/\/dolphinmedical.com\/mydolphincare\/uso-correcto-del-pesario\/","og_locale":"es_ES","og_type":"article","og_title":"Uso correcto del pesario - My Dolphin Care","og_description":"Uso correcto del pesario Uso correcto del pesario","og_url":"https:\/\/dolphinmedical.com\/mydolphincare\/uso-correcto-del-pesario\/","og_site_name":"My Dolphin Care","twitter_card":"summary_large_image","twitter_misc":{"Tiempo estimado de lectura":"2 minutos"},"schema":{"@context":"https:\/\/schema.org","@graph":[{"@type":"WebPage","@id":"https:\/\/dolphinmedical.com\/mydolphincare\/uso-correcto-del-pesario\/","url":"https:\/\/dolphinmedical.com\/mydolphincare\/uso-correcto-del-pesario\/","name":"Uso correcto del pesario - My Dolphin Care","isPartOf":{"@id":"https:\/\/dolphinmedical.com\/mydolphincare\/#website"},"datePublished":"2025-08-25T19:08:10+00:00","breadcrumb":{"@id":"https:\/\/dolphinmedical.com\/mydolphincare\/uso-correcto-del-pesario\/#breadcrumb"},"inLanguage":"es-CL","potentialAction":[{"@type":"ReadAction","target":["https:\/\/dolphinmedical.com\/mydolphincare\/uso-correcto-del-pesario\/"]}]},{"@type":"BreadcrumbList","@id":"https:\/\/dolphinmedical.com\/mydolphincare\/uso-correcto-del-pesario\/#breadcrumb","itemListElement":[{"@type":"ListItem","position":1,"name":"Portada","item":"https:\/\/dolphinmedical.com\/mydolphincare\/"},{"@type":"ListItem","position":2,"name":"Uso correcto del pesario"}]},{"@type":"WebSite","@id":"https:\/\/dolphinmedical.com\/mydolphincare\/#website","url":"https:\/\/dolphinmedical.com\/mydolphincare\/","name":"My Dolphin Care","description":"","publisher":{"@id":"https:\/\/dolphinmedical.com\/mydolphincare\/#organization"},"potentialAction":[{"@type":"SearchAction","target":{"@type":"EntryPoint","urlTemplate":"https:\/\/dolphinmedical.com\/mydolphincare\/?s={search_term_string}"},"query-input":{"@type":"PropertyValueSpecification","valueRequired":true,"valueName":"search_term_string"}}],"inLanguage":"es-CL"},{"@type":"Organization","@id":"https:\/\/dolphinmedical.com\/mydolphincare\/#organization","name":"My Dolphin Care","url":"https:\/\/dolphinmedical.com\/mydolphincare\/","logo":{"@type":"ImageObject","inLanguage":"es-CL","@id":"https:\/\/dolphinmedical.com\/mydolphincare\/#\/schema\/logo\/image\/","url":"https:\/\/dolphinmedical.com\/mydolphincare\/wp-content\/uploads\/2025\/08\/Logo-MDC.png","contentUrl":"https:\/\/dolphinmedical.com\/mydolphincare\/wp-content\/uploads\/2025\/08\/Logo-MDC.png","width":800,"height":400,"caption":"My Dolphin Care"},"image":{"@id":"https:\/\/dolphinmedical.com\/mydolphincare\/#\/schema\/logo\/image\/"}}]}},"taxonomy_info":[],"featured_image_src_large":false,"author_info":{"display_name":"admin","author_link":"https:\/\/dolphinmedical.com\/mydolphincare\/author\/admin\/"},"comment_info":0,"_links":{"self":[{"href":"https:\/\/dolphinmedical.com\/mydolphincare\/wp-json\/wp\/v2\/pages\/1139","targetHints":{"allow":["GET"]}}],"collection":[{"href":"https:\/\/dolphinmedical.com\/mydolphincare\/wp-json\/wp\/v2\/pages"}],"about":[{"href":"https:\/\/dolphinmedical.com\/mydolphincare\/wp-json\/wp\/v2\/types\/page"}],"author":[{"embeddable":true,"href":"https:\/\/dolphinmedical.com\/mydolphincare\/wp-json\/wp\/v2\/users\/1"}],"replies":[{"embeddable":true,"href":"https:\/\/dolphinmedical.com\/mydolphincare\/wp-json\/wp\/v2\/comments?post=1139"}],"version-history":[{"count":1,"href":"https:\/\/dolphinmedical.com\/mydolphincare\/wp-json\/wp\/v2\/pages\/1139\/revisions"}],"predecessor-version":[{"id":1140,"href":"https:\/\/dolphinmedical.com\/mydolphincare\/wp-json\/wp\/v2\/pages\/1139\/revisions\/1140"}],"wp:attachment":[{"href":"https:\/\/dolphinmedical.com\/mydolphincare\/wp-json\/wp\/v2\/media?parent=1139"}],"curies":[{"name":"wp","href":"https:\/\/api.w.org\/{rel}","templated":true}]}}