{"id":810,"date":"2025-08-17T21:08:24","date_gmt":"2025-08-18T00:08:24","guid":{"rendered":"https:\/\/dolphinmedical.com\/mydolphincare\/?page_id=810"},"modified":"2025-08-27T18:53:00","modified_gmt":"2025-08-27T21:53:00","slug":"que-es-el-piso-pelvico","status":"publish","type":"page","link":"https:\/\/dolphinmedical.com\/mydolphincare\/que-es-el-piso-pelvico\/","title":{"rendered":"\u00bfQu\u00e9 es el piso p\u00e9lvico?"},"content":{"rendered":"<style>.kb-row-layout-wrap.wp-block-kadence-rowlayout.kb-row-layout-id810_872146-6c{margin-top:-100px;margin-bottom:50px;}.kb-row-layout-id810_872146-6c > .kt-row-column-wrap{align-content:start;}:where(.kb-row-layout-id810_872146-6c > .kt-row-column-wrap) > .wp-block-kadence-column{justify-content:start;}.kb-row-layout-id810_872146-6c > .kt-row-column-wrap{column-gap:var(--global-kb-gap-md, 2rem);row-gap:var(--global-kb-gap-md, 2rem);max-width:var( --global-content-width, 1290px );padding-left:var(--global-content-edge-padding);padding-right:var(--global-content-edge-padding);padding-top:var(--global-kb-spacing-xl, 4rem);padding-bottom:var(--global-kb-spacing-xl, 4rem);grid-template-columns:minmax(0, 1fr);}.kb-row-layout-id810_872146-6c > .kt-row-layout-overlay{opacity:0.00;}@media all and (max-width: 1024px){.kb-row-layout-id810_872146-6c > .kt-row-column-wrap{grid-template-columns:minmax(0, 1fr);}}@media all and (max-width: 767px){.kb-row-layout-id810_872146-6c > .kt-row-column-wrap{grid-template-columns:minmax(0, 1fr);}}<\/style><div class=\"kb-row-layout-wrap kb-row-layout-id810_872146-6c alignfull has-theme-palette7-background-color kt-row-has-bg wp-block-kadence-rowlayout\"><div class=\"kt-row-column-wrap kt-has-1-columns kt-row-layout-equal kt-tab-layout-inherit kt-mobile-layout-row kt-row-valign-top kb-theme-content-width\">\n<style>.kadence-column810_5dc568-49 > .kt-inside-inner-col{padding-right:var(--global-kb-spacing-4xl, 8rem);padding-left:var(--global-kb-spacing-4xl, 8rem);}.kadence-column810_5dc568-49 > .kt-inside-inner-col,.kadence-column810_5dc568-49 > .kt-inside-inner-col:before{border-top-left-radius:0px;border-top-right-radius:0px;border-bottom-right-radius:0px;border-bottom-left-radius:0px;}.kadence-column810_5dc568-49 > .kt-inside-inner-col{column-gap:var(--global-kb-gap-sm, 1rem);}.kadence-column810_5dc568-49 > .kt-inside-inner-col{flex-direction:column;}.kadence-column810_5dc568-49 > .kt-inside-inner-col > .aligncenter{width:100%;}.kadence-column810_5dc568-49 > .kt-inside-inner-col:before{opacity:0.3;}.kadence-column810_5dc568-49{position:relative;}@media all and (max-width: 1024px){.kadence-column810_5dc568-49 > .kt-inside-inner-col{flex-direction:column;justify-content:center;}}@media all and (max-width: 767px){.kadence-column810_5dc568-49 > .kt-inside-inner-col{padding-right:0px;padding-left:0px;flex-direction:column;justify-content:center;}}<\/style>\n<div class=\"wp-block-kadence-column kadence-column810_5dc568-49 inner-column-1\"><div class=\"kt-inside-inner-col\"><style>.wp-block-kadence-advancedheading.kt-adv-heading810_9dcb5b-de, .wp-block-kadence-advancedheading.kt-adv-heading810_9dcb5b-de[data-kb-block=\"kb-adv-heading810_9dcb5b-de\"]{max-width:800px;margin-right:auto;margin-left:auto;margin-top:0px;margin-bottom:0px;text-align:center;font-size:70px;line-height:1.1;font-style:normal;letter-spacing:-1px;}.wp-block-kadence-advancedheading.kt-adv-heading810_9dcb5b-de mark.kt-highlight, .wp-block-kadence-advancedheading.kt-adv-heading810_9dcb5b-de[data-kb-block=\"kb-adv-heading810_9dcb5b-de\"] mark.kt-highlight{font-style:normal;color:#f76a0c;-webkit-box-decoration-break:clone;box-decoration-break:clone;padding-top:0px;padding-right:0px;padding-bottom:0px;padding-left:0px;}.wp-block-kadence-advancedheading.kt-adv-heading810_9dcb5b-de img.kb-inline-image, .wp-block-kadence-advancedheading.kt-adv-heading810_9dcb5b-de[data-kb-block=\"kb-adv-heading810_9dcb5b-de\"] img.kb-inline-image{width:150px;vertical-align:baseline;}@media all and (max-width: 767px){.wp-block-kadence-advancedheading.kt-adv-heading810_9dcb5b-de, .wp-block-kadence-advancedheading.kt-adv-heading810_9dcb5b-de[data-kb-block=\"kb-adv-heading810_9dcb5b-de\"]{font-size:55px;}}<\/style>\n<h2 class=\"kt-adv-heading810_9dcb5b-de wp-block-kadence-advancedheading has-theme-palette-3-color has-text-color\" data-kb-block=\"kb-adv-heading810_9dcb5b-de\">\u00bfQu\u00e9 es el piso p\u00e9lvico?<\/h2>\n<\/div><\/div>\n\n<\/div><\/div>\n\n<style>.kb-row-layout-wrap.wp-block-kadence-rowlayout.kb-row-layout-id810_4e5aea-d7{margin-top:-50px;margin-bottom:0px;}.kb-row-layout-id810_4e5aea-d7 > .kt-row-column-wrap{align-content:start;}:where(.kb-row-layout-id810_4e5aea-d7 > .kt-row-column-wrap) > .wp-block-kadence-column{justify-content:start;}.kb-row-layout-id810_4e5aea-d7 > .kt-row-column-wrap{column-gap:var(--global-kb-gap-md, 2rem);row-gap:var(--global-kb-gap-md, 2rem);max-width:var( --global-content-width, 1290px );padding-left:var(--global-content-edge-padding);padding-right:var(--global-content-edge-padding);padding-top:0px;padding-right:0px;padding-bottom:0px;padding-left:0px;grid-template-columns:minmax(0, 1fr);}.kb-row-layout-id810_4e5aea-d7 > .kt-row-layout-overlay{opacity:0.00;}@media all and (max-width: 1024px){.kb-row-layout-id810_4e5aea-d7 > .kt-row-column-wrap{grid-template-columns:minmax(0, 1fr);}}@media all and (max-width: 767px){.kb-row-layout-id810_4e5aea-d7 > .kt-row-column-wrap{grid-template-columns:minmax(0, 1fr);}}<\/style><div class=\"kb-row-layout-wrap kb-row-layout-id810_4e5aea-d7 alignfull has-theme-palette8-background-color kt-row-has-bg wp-block-kadence-rowlayout\"><div class=\"kt-row-column-wrap kt-has-1-columns kt-row-layout-equal kt-tab-layout-inherit kt-mobile-layout-row kt-row-valign-top kb-theme-content-width\">\n<style>.kadence-column810_439eb0-7b > .kt-inside-inner-col{padding-right:var(--global-kb-spacing-4xl, 8rem);padding-left:var(--global-kb-spacing-4xl, 8rem);}.kadence-column810_439eb0-7b > .kt-inside-inner-col,.kadence-column810_439eb0-7b > .kt-inside-inner-col:before{border-top-left-radius:0px;border-top-right-radius:0px;border-bottom-right-radius:0px;border-bottom-left-radius:0px;}.kadence-column810_439eb0-7b > .kt-inside-inner-col{column-gap:var(--global-kb-gap-sm, 1rem);}.kadence-column810_439eb0-7b > .kt-inside-inner-col{flex-direction:column;}.kadence-column810_439eb0-7b > .kt-inside-inner-col > .aligncenter{width:100%;}.kadence-column810_439eb0-7b > .kt-inside-inner-col{background-color:var(--global-palette8, #F7FAFC);}.kadence-column810_439eb0-7b > .kt-inside-inner-col:before{opacity:0.3;}.kadence-column810_439eb0-7b{position:relative;}@media all and (max-width: 1024px){.kadence-column810_439eb0-7b > .kt-inside-inner-col{flex-direction:column;justify-content:center;}}@media all and (max-width: 767px){.kadence-column810_439eb0-7b > .kt-inside-inner-col{padding-right:0px;padding-left:0px;flex-direction:column;justify-content:center;}}<\/style>\n<div class=\"wp-block-kadence-column kadence-column810_439eb0-7b inner-column-1\"><div class=\"kt-inside-inner-col\">\n<div style=\"height:50px\" aria-hidden=\"true\" class=\"wp-block-spacer\"><\/div>\n<\/div><\/div>\n\n\n<style>.kadence-column810_4bdb67-64 > .kt-inside-inner-col,.kadence-column810_4bdb67-64 > .kt-inside-inner-col:before{border-top-left-radius:0px;border-top-right-radius:0px;border-bottom-right-radius:0px;border-bottom-left-radius:0px;}.kadence-column810_4bdb67-64 > .kt-inside-inner-col{column-gap:var(--global-kb-gap-sm, 1rem);}.kadence-column810_4bdb67-64 > .kt-inside-inner-col{flex-direction:column;}.kadence-column810_4bdb67-64 > .kt-inside-inner-col > .aligncenter{width:100%;}.kadence-column810_4bdb67-64{position:relative;}@media all and (max-width: 1024px){.kadence-column810_4bdb67-64 > .kt-inside-inner-col{flex-direction:column;justify-content:center;}}@media all and (max-width: 767px){.kadence-column810_4bdb67-64 > .kt-inside-inner-col{flex-direction:column;justify-content:center;}}<\/style>\n<div class=\"wp-block-kadence-column kadence-column810_4bdb67-64\"><div class=\"kt-inside-inner-col\"><style>.kb-row-layout-wrap.wp-block-kadence-rowlayout.kb-row-layout-id810_632392-28{margin-top:0px;margin-bottom:0px;}.kb-row-layout-id810_632392-28 > .kt-row-column-wrap{align-content:start;}:where(.kb-row-layout-id810_632392-28 > .kt-row-column-wrap) > .wp-block-kadence-column{justify-content:start;}.kb-row-layout-id810_632392-28 > .kt-row-column-wrap{column-gap:var(--global-kb-gap-md, 2rem);row-gap:var(--global-kb-gap-md, 2rem);max-width:var( --global-content-width, 1290px );padding-left:var(--global-content-edge-padding);padding-right:var(--global-content-edge-padding);padding-top:20px;padding-right:20px;padding-bottom:20px;padding-left:20px;grid-template-columns:repeat(2, minmax(0, 1fr));}.kb-row-layout-id810_632392-28 > .kt-row-layout-overlay{opacity:0.00;}@media all and (max-width: 1024px){.kb-row-layout-id810_632392-28 > .kt-row-column-wrap{grid-template-columns:repeat(2, minmax(0, 1fr));}}@media all and (max-width: 767px){.kb-row-layout-id810_632392-28 > .kt-row-column-wrap{grid-template-columns:minmax(0, 1fr);}}<\/style><div class=\"kb-row-layout-wrap kb-row-layout-id810_632392-28 alignnone has-theme-palette9-background-color kt-row-has-bg wp-block-kadence-rowlayout\"><div class=\"kt-row-column-wrap kt-has-2-columns kt-row-layout-equal kt-tab-layout-inherit kt-mobile-layout-row kt-row-valign-top kb-theme-content-width\">\n<style>.kadence-column810_6fe028-73 > .kt-inside-inner-col,.kadence-column810_6fe028-73 > .kt-inside-inner-col:before{border-top-left-radius:0px;border-top-right-radius:0px;border-bottom-right-radius:0px;border-bottom-left-radius:0px;}.kadence-column810_6fe028-73 > .kt-inside-inner-col{column-gap:var(--global-kb-gap-sm, 1rem);}.kadence-column810_6fe028-73 > .kt-inside-inner-col{flex-direction:column;}.kadence-column810_6fe028-73 > .kt-inside-inner-col > .aligncenter{width:100%;}.kadence-column810_6fe028-73 > .kt-inside-inner-col:before{opacity:0.3;}.kadence-column810_6fe028-73{position:relative;}@media all and (max-width: 1024px){.kadence-column810_6fe028-73 > .kt-inside-inner-col{flex-direction:column;justify-content:center;}}@media all and (max-width: 767px){.kadence-column810_6fe028-73 > .kt-inside-inner-col{flex-direction:column;justify-content:center;}}<\/style>\n<div class=\"wp-block-kadence-column kadence-column810_6fe028-73\"><div class=\"kt-inside-inner-col\">\n<p>El piso p\u00e9lvico es como una \u201chamaca\u201d natural hecha de m\u00fasculos y tejidos que se encuentra en la base de tu pelvis. Va desde el hueso que est\u00e1 justo al frente (pubis) hasta el final de la columna (sacro y coxis). <\/p>\n\n\n\n<p>Su funci\u00f3n es muy importante: sostiene \u00f3rganos como la vejiga, el \u00fatero y el recto, ayuda a controlar la orina y las deposiciones, y tambi\u00e9n participa en la vida sexual y en el parto. Cuando estos m\u00fasculos se debilitan o se tensan demasiado, pueden aparecer s\u00edntomas como sensaci\u00f3n de peso, escapes de orina o cambios en el confort \u00edntimo.<\/p>\n<\/div><\/div>\n\n\n<style>.kadence-column810_858464-2e > .kt-inside-inner-col,.kadence-column810_858464-2e > .kt-inside-inner-col:before{border-top-left-radius:0px;border-top-right-radius:0px;border-bottom-right-radius:0px;border-bottom-left-radius:0px;}.kadence-column810_858464-2e > .kt-inside-inner-col{column-gap:var(--global-kb-gap-sm, 1rem);}.kadence-column810_858464-2e > .kt-inside-inner-col{flex-direction:column;}.kadence-column810_858464-2e > .kt-inside-inner-col > .aligncenter{width:100%;}.kadence-column810_858464-2e > .kt-inside-inner-col:before{opacity:0.3;}.kadence-column810_858464-2e{position:relative;}@media all and (max-width: 1024px){.kadence-column810_858464-2e > .kt-inside-inner-col{flex-direction:column;justify-content:center;}}@media all and (max-width: 767px){.kadence-column810_858464-2e > .kt-inside-inner-col{flex-direction:column;justify-content:center;}}<\/style>\n<div class=\"wp-block-kadence-column kadence-column810_858464-2e\"><div class=\"kt-inside-inner-col\">\n<figure class=\"wp-block-image size-full\"><img loading=\"lazy\" decoding=\"async\" width=\"1200\" height=\"904\" src=\"https:\/\/dolphinmedical.com\/mydolphincare\/wp-content\/uploads\/2025\/08\/piso-pelvico.jpg\" alt=\"\" class=\"wp-image-1181\" srcset=\"https:\/\/dolphinmedical.com\/mydolphincare\/wp-content\/uploads\/2025\/08\/piso-pelvico.jpg 1200w, https:\/\/dolphinmedical.com\/mydolphincare\/wp-content\/uploads\/2025\/08\/piso-pelvico-300x226.jpg 300w, https:\/\/dolphinmedical.com\/mydolphincare\/wp-content\/uploads\/2025\/08\/piso-pelvico-1024x771.jpg 1024w, https:\/\/dolphinmedical.com\/mydolphincare\/wp-content\/uploads\/2025\/08\/piso-pelvico-768x579.jpg 768w\" sizes=\"auto, (max-width: 1200px) 100vw, 1200px\" \/><\/figure>\n<\/div><\/div>\n\n<\/div><\/div><\/div><\/div>\n\n\n<style>.kadence-column810_7869bf-f7 > .kt-inside-inner-col{padding-right:var(--global-kb-spacing-4xl, 8rem);padding-left:var(--global-kb-spacing-4xl, 8rem);}.kadence-column810_7869bf-f7 > .kt-inside-inner-col,.kadence-column810_7869bf-f7 > .kt-inside-inner-col:before{border-top-left-radius:0px;border-top-right-radius:0px;border-bottom-right-radius:0px;border-bottom-left-radius:0px;}.kadence-column810_7869bf-f7 > .kt-inside-inner-col{column-gap:var(--global-kb-gap-sm, 1rem);}.kadence-column810_7869bf-f7 > .kt-inside-inner-col{flex-direction:column;}.kadence-column810_7869bf-f7 > .kt-inside-inner-col > .aligncenter{width:100%;}.kadence-column810_7869bf-f7 > .kt-inside-inner-col{background-color:var(--global-palette8, #F7FAFC);}.kadence-column810_7869bf-f7 > .kt-inside-inner-col:before{opacity:0.3;}.kadence-column810_7869bf-f7{position:relative;}.kadence-column810_7869bf-f7, .kt-inside-inner-col > .kadence-column810_7869bf-f7:not(.specificity){margin-bottom:-50px;}@media all and (max-width: 1024px){.kadence-column810_7869bf-f7 > .kt-inside-inner-col{flex-direction:column;justify-content:center;}}@media all and (max-width: 767px){.kadence-column810_7869bf-f7 > .kt-inside-inner-col{padding-right:0px;padding-left:0px;flex-direction:column;justify-content:center;}}<\/style>\n<div class=\"wp-block-kadence-column kadence-column810_7869bf-f7 inner-column-1\"><div class=\"kt-inside-inner-col\">\n<div style=\"height:50px\" aria-hidden=\"true\" class=\"wp-block-spacer\"><\/div>\n<\/div><\/div>\n\n<\/div><\/div>","protected":false},"excerpt":{"rendered":"<p>\u00bfQu\u00e9 es el piso p\u00e9lvico? El piso p\u00e9lvico es como una \u201chamaca\u201d natural hecha de m\u00fasculos y tejidos que se encuentra en la base de tu pelvis. Va desde el hueso que est\u00e1 justo al frente (pubis) hasta el final de la columna (sacro y coxis). Su funci\u00f3n es muy importante: sostiene \u00f3rganos como la&#8230;<\/p>\n","protected":false},"author":1,"featured_media":0,"parent":0,"menu_order":0,"comment_status":"closed","ping_status":"closed","template":"","meta":{"_kad_blocks_custom_css":"","_kad_blocks_head_custom_js":"","_kad_blocks_body_custom_js":"","_kad_blocks_footer_custom_js":"","_kadence_starter_templates_imported_post":false,"_kad_post_transparent":"","_kad_post_title":"hide","_kad_post_layout":"normal","_kad_post_sidebar_id":"","_kad_post_content_style":"","_kad_post_vertical_padding":"","_kad_post_feature":"","_kad_post_feature_position":"","_kad_post_header":false,"_kad_post_footer":false,"_kad_post_classname":"","footnotes":""},"class_list":["post-810","page","type-page","status-publish","hentry"],"yoast_head":"<!-- This site is optimized with the Yoast SEO plugin v27.3 - https:\/\/yoast.com\/product\/yoast-seo-wordpress\/ -->\n<title>\u00bfQu\u00e9 es el piso p\u00e9lvico? - My Dolphin Care<\/title>\n<meta name=\"robots\" content=\"index, follow, max-snippet:-1, max-image-preview:large, max-video-preview:-1\" \/>\n<link rel=\"canonical\" href=\"https:\/\/dolphinmedical.com\/mydolphincare\/que-es-el-piso-pelvico\/\" \/>\n<meta property=\"og:locale\" content=\"es_ES\" \/>\n<meta property=\"og:type\" content=\"article\" \/>\n<meta property=\"og:title\" content=\"\u00bfQu\u00e9 es el piso p\u00e9lvico? - My Dolphin Care\" \/>\n<meta property=\"og:description\" content=\"\u00bfQu\u00e9 es el piso p\u00e9lvico? El piso p\u00e9lvico es como una \u201chamaca\u201d natural hecha de m\u00fasculos y tejidos que se encuentra en la base de tu pelvis. Va desde el hueso que est\u00e1 justo al frente (pubis) hasta el final de la columna (sacro y coxis). Su funci\u00f3n es muy importante: sostiene \u00f3rganos como la...\" \/>\n<meta property=\"og:url\" content=\"https:\/\/dolphinmedical.com\/mydolphincare\/que-es-el-piso-pelvico\/\" \/>\n<meta property=\"og:site_name\" content=\"My Dolphin Care\" \/>\n<meta property=\"article:modified_time\" content=\"2025-08-27T21:53:00+00:00\" \/>\n<meta property=\"og:image\" content=\"https:\/\/dolphinmedical.com\/mydolphincare\/wp-content\/uploads\/2025\/08\/piso-pelvico.jpg\" \/>\n\t<meta property=\"og:image:width\" content=\"1200\" \/>\n\t<meta property=\"og:image:height\" content=\"904\" \/>\n\t<meta property=\"og:image:type\" content=\"image\/jpeg\" \/>\n<meta name=\"twitter:card\" content=\"summary_large_image\" \/>\n<meta name=\"twitter:label1\" content=\"Tiempo estimado de lectura\" \/>\n\t<meta name=\"twitter:data1\" content=\"1 minuto\" \/>\n<script type=\"application\/ld+json\" class=\"yoast-schema-graph\">{\"@context\":\"https:\\\/\\\/schema.org\",\"@graph\":[{\"@type\":\"WebPage\",\"@id\":\"https:\\\/\\\/dolphinmedical.com\\\/mydolphincare\\\/que-es-el-piso-pelvico\\\/\",\"url\":\"https:\\\/\\\/dolphinmedical.com\\\/mydolphincare\\\/que-es-el-piso-pelvico\\\/\",\"name\":\"\u00bfQu\u00e9 es el piso p\u00e9lvico? - My Dolphin Care\",\"isPartOf\":{\"@id\":\"https:\\\/\\\/dolphinmedical.com\\\/mydolphincare\\\/#website\"},\"primaryImageOfPage\":{\"@id\":\"https:\\\/\\\/dolphinmedical.com\\\/mydolphincare\\\/que-es-el-piso-pelvico\\\/#primaryimage\"},\"image\":{\"@id\":\"https:\\\/\\\/dolphinmedical.com\\\/mydolphincare\\\/que-es-el-piso-pelvico\\\/#primaryimage\"},\"thumbnailUrl\":\"https:\\\/\\\/dolphinmedical.com\\\/mydolphincare\\\/wp-content\\\/uploads\\\/2025\\\/08\\\/piso-pelvico.jpg\",\"datePublished\":\"2025-08-18T00:08:24+00:00\",\"dateModified\":\"2025-08-27T21:53:00+00:00\",\"breadcrumb\":{\"@id\":\"https:\\\/\\\/dolphinmedical.com\\\/mydolphincare\\\/que-es-el-piso-pelvico\\\/#breadcrumb\"},\"inLanguage\":\"es-CL\",\"potentialAction\":[{\"@type\":\"ReadAction\",\"target\":[\"https:\\\/\\\/dolphinmedical.com\\\/mydolphincare\\\/que-es-el-piso-pelvico\\\/\"]}]},{\"@type\":\"ImageObject\",\"inLanguage\":\"es-CL\",\"@id\":\"https:\\\/\\\/dolphinmedical.com\\\/mydolphincare\\\/que-es-el-piso-pelvico\\\/#primaryimage\",\"url\":\"https:\\\/\\\/dolphinmedical.com\\\/mydolphincare\\\/wp-content\\\/uploads\\\/2025\\\/08\\\/piso-pelvico.jpg\",\"contentUrl\":\"https:\\\/\\\/dolphinmedical.com\\\/mydolphincare\\\/wp-content\\\/uploads\\\/2025\\\/08\\\/piso-pelvico.jpg\",\"width\":1200,\"height\":904},{\"@type\":\"BreadcrumbList\",\"@id\":\"https:\\\/\\\/dolphinmedical.com\\\/mydolphincare\\\/que-es-el-piso-pelvico\\\/#breadcrumb\",\"itemListElement\":[{\"@type\":\"ListItem\",\"position\":1,\"name\":\"Portada\",\"item\":\"https:\\\/\\\/dolphinmedical.com\\\/mydolphincare\\\/\"},{\"@type\":\"ListItem\",\"position\":2,\"name\":\"\u00bfQu\u00e9 es el piso p\u00e9lvico?\"}]},{\"@type\":\"WebSite\",\"@id\":\"https:\\\/\\\/dolphinmedical.com\\\/mydolphincare\\\/#website\",\"url\":\"https:\\\/\\\/dolphinmedical.com\\\/mydolphincare\\\/\",\"name\":\"My Dolphin Care\",\"description\":\"\",\"publisher\":{\"@id\":\"https:\\\/\\\/dolphinmedical.com\\\/mydolphincare\\\/#organization\"},\"potentialAction\":[{\"@type\":\"SearchAction\",\"target\":{\"@type\":\"EntryPoint\",\"urlTemplate\":\"https:\\\/\\\/dolphinmedical.com\\\/mydolphincare\\\/?s={search_term_string}\"},\"query-input\":{\"@type\":\"PropertyValueSpecification\",\"valueRequired\":true,\"valueName\":\"search_term_string\"}}],\"inLanguage\":\"es-CL\"},{\"@type\":\"Organization\",\"@id\":\"https:\\\/\\\/dolphinmedical.com\\\/mydolphincare\\\/#organization\",\"name\":\"My Dolphin Care\",\"url\":\"https:\\\/\\\/dolphinmedical.com\\\/mydolphincare\\\/\",\"logo\":{\"@type\":\"ImageObject\",\"inLanguage\":\"es-CL\",\"@id\":\"https:\\\/\\\/dolphinmedical.com\\\/mydolphincare\\\/#\\\/schema\\\/logo\\\/image\\\/\",\"url\":\"https:\\\/\\\/dolphinmedical.com\\\/mydolphincare\\\/wp-content\\\/uploads\\\/2025\\\/08\\\/Logo-MDC.png\",\"contentUrl\":\"https:\\\/\\\/dolphinmedical.com\\\/mydolphincare\\\/wp-content\\\/uploads\\\/2025\\\/08\\\/Logo-MDC.png\",\"width\":800,\"height\":400,\"caption\":\"My Dolphin Care\"},\"image\":{\"@id\":\"https:\\\/\\\/dolphinmedical.com\\\/mydolphincare\\\/#\\\/schema\\\/logo\\\/image\\\/\"}}]}<\/script>\n<!-- \/ Yoast SEO plugin. -->","yoast_head_json":{"title":"\u00bfQu\u00e9 es el piso p\u00e9lvico? - My Dolphin Care","robots":{"index":"index","follow":"follow","max-snippet":"max-snippet:-1","max-image-preview":"max-image-preview:large","max-video-preview":"max-video-preview:-1"},"canonical":"https:\/\/dolphinmedical.com\/mydolphincare\/que-es-el-piso-pelvico\/","og_locale":"es_ES","og_type":"article","og_title":"\u00bfQu\u00e9 es el piso p\u00e9lvico? - My Dolphin Care","og_description":"\u00bfQu\u00e9 es el piso p\u00e9lvico? El piso p\u00e9lvico es como una \u201chamaca\u201d natural hecha de m\u00fasculos y tejidos que se encuentra en la base de tu pelvis. Va desde el hueso que est\u00e1 justo al frente (pubis) hasta el final de la columna (sacro y coxis). Su funci\u00f3n es muy importante: sostiene \u00f3rganos como la...","og_url":"https:\/\/dolphinmedical.com\/mydolphincare\/que-es-el-piso-pelvico\/","og_site_name":"My Dolphin Care","article_modified_time":"2025-08-27T21:53:00+00:00","og_image":[{"width":1200,"height":904,"url":"https:\/\/dolphinmedical.com\/mydolphincare\/wp-content\/uploads\/2025\/08\/piso-pelvico.jpg","type":"image\/jpeg"}],"twitter_card":"summary_large_image","twitter_misc":{"Tiempo estimado de lectura":"1 minuto"},"schema":{"@context":"https:\/\/schema.org","@graph":[{"@type":"WebPage","@id":"https:\/\/dolphinmedical.com\/mydolphincare\/que-es-el-piso-pelvico\/","url":"https:\/\/dolphinmedical.com\/mydolphincare\/que-es-el-piso-pelvico\/","name":"\u00bfQu\u00e9 es el piso p\u00e9lvico? - My Dolphin Care","isPartOf":{"@id":"https:\/\/dolphinmedical.com\/mydolphincare\/#website"},"primaryImageOfPage":{"@id":"https:\/\/dolphinmedical.com\/mydolphincare\/que-es-el-piso-pelvico\/#primaryimage"},"image":{"@id":"https:\/\/dolphinmedical.com\/mydolphincare\/que-es-el-piso-pelvico\/#primaryimage"},"thumbnailUrl":"https:\/\/dolphinmedical.com\/mydolphincare\/wp-content\/uploads\/2025\/08\/piso-pelvico.jpg","datePublished":"2025-08-18T00:08:24+00:00","dateModified":"2025-08-27T21:53:00+00:00","breadcrumb":{"@id":"https:\/\/dolphinmedical.com\/mydolphincare\/que-es-el-piso-pelvico\/#breadcrumb"},"inLanguage":"es-CL","potentialAction":[{"@type":"ReadAction","target":["https:\/\/dolphinmedical.com\/mydolphincare\/que-es-el-piso-pelvico\/"]}]},{"@type":"ImageObject","inLanguage":"es-CL","@id":"https:\/\/dolphinmedical.com\/mydolphincare\/que-es-el-piso-pelvico\/#primaryimage","url":"https:\/\/dolphinmedical.com\/mydolphincare\/wp-content\/uploads\/2025\/08\/piso-pelvico.jpg","contentUrl":"https:\/\/dolphinmedical.com\/mydolphincare\/wp-content\/uploads\/2025\/08\/piso-pelvico.jpg","width":1200,"height":904},{"@type":"BreadcrumbList","@id":"https:\/\/dolphinmedical.com\/mydolphincare\/que-es-el-piso-pelvico\/#breadcrumb","itemListElement":[{"@type":"ListItem","position":1,"name":"Portada","item":"https:\/\/dolphinmedical.com\/mydolphincare\/"},{"@type":"ListItem","position":2,"name":"\u00bfQu\u00e9 es el piso p\u00e9lvico?"}]},{"@type":"WebSite","@id":"https:\/\/dolphinmedical.com\/mydolphincare\/#website","url":"https:\/\/dolphinmedical.com\/mydolphincare\/","name":"My Dolphin Care","description":"","publisher":{"@id":"https:\/\/dolphinmedical.com\/mydolphincare\/#organization"},"potentialAction":[{"@type":"SearchAction","target":{"@type":"EntryPoint","urlTemplate":"https:\/\/dolphinmedical.com\/mydolphincare\/?s={search_term_string}"},"query-input":{"@type":"PropertyValueSpecification","valueRequired":true,"valueName":"search_term_string"}}],"inLanguage":"es-CL"},{"@type":"Organization","@id":"https:\/\/dolphinmedical.com\/mydolphincare\/#organization","name":"My Dolphin Care","url":"https:\/\/dolphinmedical.com\/mydolphincare\/","logo":{"@type":"ImageObject","inLanguage":"es-CL","@id":"https:\/\/dolphinmedical.com\/mydolphincare\/#\/schema\/logo\/image\/","url":"https:\/\/dolphinmedical.com\/mydolphincare\/wp-content\/uploads\/2025\/08\/Logo-MDC.png","contentUrl":"https:\/\/dolphinmedical.com\/mydolphincare\/wp-content\/uploads\/2025\/08\/Logo-MDC.png","width":800,"height":400,"caption":"My Dolphin Care"},"image":{"@id":"https:\/\/dolphinmedical.com\/mydolphincare\/#\/schema\/logo\/image\/"}}]}},"taxonomy_info":[],"featured_image_src_large":false,"author_info":{"display_name":"admin","author_link":"https:\/\/dolphinmedical.com\/mydolphincare\/author\/admin\/"},"comment_info":0,"_links":{"self":[{"href":"https:\/\/dolphinmedical.com\/mydolphincare\/wp-json\/wp\/v2\/pages\/810","targetHints":{"allow":["GET"]}}],"collection":[{"href":"https:\/\/dolphinmedical.com\/mydolphincare\/wp-json\/wp\/v2\/pages"}],"about":[{"href":"https:\/\/dolphinmedical.com\/mydolphincare\/wp-json\/wp\/v2\/types\/page"}],"author":[{"embeddable":true,"href":"https:\/\/dolphinmedical.com\/mydolphincare\/wp-json\/wp\/v2\/users\/1"}],"replies":[{"embeddable":true,"href":"https:\/\/dolphinmedical.com\/mydolphincare\/wp-json\/wp\/v2\/comments?post=810"}],"version-history":[{"count":36,"href":"https:\/\/dolphinmedical.com\/mydolphincare\/wp-json\/wp\/v2\/pages\/810\/revisions"}],"predecessor-version":[{"id":1182,"href":"https:\/\/dolphinmedical.com\/mydolphincare\/wp-json\/wp\/v2\/pages\/810\/revisions\/1182"}],"wp:attachment":[{"href":"https:\/\/dolphinmedical.com\/mydolphincare\/wp-json\/wp\/v2\/media?parent=810"}],"curies":[{"name":"wp","href":"https:\/\/api.w.org\/{rel}","templated":true}]}}