{"id":965,"date":"2025-08-18T00:31:09","date_gmt":"2025-08-18T03:31:09","guid":{"rendered":"https:\/\/dolphinmedical.com\/mydolphincare\/?page_id=965"},"modified":"2025-08-27T18:51:35","modified_gmt":"2025-08-27T21:51:35","slug":"por-que-my-dolphin-care","status":"publish","type":"page","link":"https:\/\/dolphinmedical.com\/mydolphincare\/por-que-my-dolphin-care\/","title":{"rendered":"\u00bfPor qu\u00e9 My Dolphin Care?"},"content":{"rendered":"<style>.kb-row-layout-wrap.wp-block-kadence-rowlayout.kb-row-layout-id965_c25f6b-8c{margin-top:-100px;margin-bottom:50px;}.kb-row-layout-id965_c25f6b-8c > .kt-row-column-wrap{align-content:start;}:where(.kb-row-layout-id965_c25f6b-8c > .kt-row-column-wrap) > .wp-block-kadence-column{justify-content:start;}.kb-row-layout-id965_c25f6b-8c > .kt-row-column-wrap{column-gap:var(--global-kb-gap-md, 2rem);row-gap:var(--global-kb-gap-md, 2rem);max-width:var( --global-content-width, 1290px );padding-left:var(--global-content-edge-padding);padding-right:var(--global-content-edge-padding);padding-top:var(--global-kb-spacing-xl, 4rem);padding-bottom:var(--global-kb-spacing-xl, 4rem);grid-template-columns:minmax(0, 1fr);}.kb-row-layout-id965_c25f6b-8c > .kt-row-layout-overlay{opacity:0.00;}@media all and (max-width: 1024px){.kb-row-layout-id965_c25f6b-8c > .kt-row-column-wrap{grid-template-columns:minmax(0, 1fr);}}@media all and (max-width: 767px){.kb-row-layout-id965_c25f6b-8c > .kt-row-column-wrap{grid-template-columns:minmax(0, 1fr);}}<\/style><div class=\"kb-row-layout-wrap kb-row-layout-id965_c25f6b-8c alignfull has-theme-palette7-background-color kt-row-has-bg wp-block-kadence-rowlayout\"><div class=\"kt-row-column-wrap kt-has-1-columns kt-row-layout-equal kt-tab-layout-inherit kt-mobile-layout-row kt-row-valign-top kb-theme-content-width\">\n<style>.kadence-column965_a5a4e4-1c > .kt-inside-inner-col,.kadence-column965_a5a4e4-1c > .kt-inside-inner-col:before{border-top-left-radius:0px;border-top-right-radius:0px;border-bottom-right-radius:0px;border-bottom-left-radius:0px;}.kadence-column965_a5a4e4-1c > .kt-inside-inner-col{column-gap:var(--global-kb-gap-sm, 1rem);}.kadence-column965_a5a4e4-1c > .kt-inside-inner-col{flex-direction:column;}.kadence-column965_a5a4e4-1c > .kt-inside-inner-col > .aligncenter{width:100%;}.kadence-column965_a5a4e4-1c > .kt-inside-inner-col:before{opacity:0.3;}.kadence-column965_a5a4e4-1c{position:relative;}@media all and (max-width: 1024px){.kadence-column965_a5a4e4-1c > .kt-inside-inner-col{flex-direction:column;justify-content:center;}}@media all and (max-width: 767px){.kadence-column965_a5a4e4-1c > .kt-inside-inner-col{padding-right:0px;padding-left:0px;flex-direction:column;justify-content:center;}}<\/style>\n<div class=\"wp-block-kadence-column kadence-column965_a5a4e4-1c inner-column-1\"><div class=\"kt-inside-inner-col\"><style>.wp-block-kadence-advancedheading.kt-adv-heading965_a0983d-2a, .wp-block-kadence-advancedheading.kt-adv-heading965_a0983d-2a[data-kb-block=\"kb-adv-heading965_a0983d-2a\"]{max-width:800px;margin-right:auto;margin-left:auto;margin-top:0px;margin-bottom:0px;text-align:center;font-size:70px;line-height:1.1;font-style:normal;letter-spacing:-1px;}.wp-block-kadence-advancedheading.kt-adv-heading965_a0983d-2a mark.kt-highlight, .wp-block-kadence-advancedheading.kt-adv-heading965_a0983d-2a[data-kb-block=\"kb-adv-heading965_a0983d-2a\"] mark.kt-highlight{font-style:normal;color:#f76a0c;-webkit-box-decoration-break:clone;box-decoration-break:clone;padding-top:0px;padding-right:0px;padding-bottom:0px;padding-left:0px;}.wp-block-kadence-advancedheading.kt-adv-heading965_a0983d-2a img.kb-inline-image, .wp-block-kadence-advancedheading.kt-adv-heading965_a0983d-2a[data-kb-block=\"kb-adv-heading965_a0983d-2a\"] img.kb-inline-image{width:150px;vertical-align:baseline;}@media all and (max-width: 767px){.wp-block-kadence-advancedheading.kt-adv-heading965_a0983d-2a, .wp-block-kadence-advancedheading.kt-adv-heading965_a0983d-2a[data-kb-block=\"kb-adv-heading965_a0983d-2a\"]{font-size:55px;}}<\/style>\n<h2 class=\"kt-adv-heading965_a0983d-2a wp-block-kadence-advancedheading has-theme-palette-3-color has-text-color\" data-kb-block=\"kb-adv-heading965_a0983d-2a\">\u00bfPor qu\u00e9 My Dolphin Care?<\/h2>\n<\/div><\/div>\n\n<\/div><\/div>\n\n<style>.kb-row-layout-wrap.wp-block-kadence-rowlayout.kb-row-layout-id965_912088-5f{margin-top:-50px;margin-bottom:0px;}.kb-row-layout-id965_912088-5f > .kt-row-column-wrap{align-content:start;}:where(.kb-row-layout-id965_912088-5f > .kt-row-column-wrap) > .wp-block-kadence-column{justify-content:start;}.kb-row-layout-id965_912088-5f > .kt-row-column-wrap{column-gap:var(--global-kb-gap-md, 2rem);row-gap:var(--global-kb-gap-md, 2rem);max-width:var( --global-content-width, 1290px );padding-left:var(--global-content-edge-padding);padding-right:var(--global-content-edge-padding);padding-top:0px;padding-right:0px;padding-bottom:0px;padding-left:0px;grid-template-columns:minmax(0, 1fr);}.kb-row-layout-id965_912088-5f > .kt-row-layout-overlay{opacity:0.00;}@media all and (max-width: 1024px){.kb-row-layout-id965_912088-5f > .kt-row-column-wrap{grid-template-columns:minmax(0, 1fr);}}@media all and (max-width: 767px){.kb-row-layout-id965_912088-5f > .kt-row-column-wrap{grid-template-columns:minmax(0, 1fr);}}<\/style><div class=\"kb-row-layout-wrap kb-row-layout-id965_912088-5f alignfull has-theme-palette8-background-color kt-row-has-bg wp-block-kadence-rowlayout\"><div class=\"kt-row-column-wrap kt-has-1-columns kt-row-layout-equal kt-tab-layout-inherit kt-mobile-layout-row kt-row-valign-top kb-theme-content-width\">\n<style>.kadence-column965_bf2ccf-38 > .kt-inside-inner-col{padding-right:var(--global-kb-spacing-4xl, 8rem);padding-left:var(--global-kb-spacing-4xl, 8rem);}.kadence-column965_bf2ccf-38 > .kt-inside-inner-col,.kadence-column965_bf2ccf-38 > .kt-inside-inner-col:before{border-top-left-radius:0px;border-top-right-radius:0px;border-bottom-right-radius:0px;border-bottom-left-radius:0px;}.kadence-column965_bf2ccf-38 > .kt-inside-inner-col{column-gap:var(--global-kb-gap-sm, 1rem);}.kadence-column965_bf2ccf-38 > .kt-inside-inner-col{flex-direction:column;}.kadence-column965_bf2ccf-38 > .kt-inside-inner-col > .aligncenter{width:100%;}.kadence-column965_bf2ccf-38 > .kt-inside-inner-col{background-color:var(--global-palette8, #F7FAFC);}.kadence-column965_bf2ccf-38 > .kt-inside-inner-col:before{opacity:0.3;}.kadence-column965_bf2ccf-38{position:relative;}@media all and (max-width: 1024px){.kadence-column965_bf2ccf-38 > .kt-inside-inner-col{flex-direction:column;justify-content:center;}}@media all and (max-width: 767px){.kadence-column965_bf2ccf-38 > .kt-inside-inner-col{padding-right:0px;padding-left:0px;flex-direction:column;justify-content:center;}}<\/style>\n<div class=\"wp-block-kadence-column kadence-column965_bf2ccf-38 inner-column-1\"><div class=\"kt-inside-inner-col\">\n<div style=\"height:50px\" aria-hidden=\"true\" class=\"wp-block-spacer\"><\/div>\n<\/div><\/div>\n\n\n<style>.kadence-column965_2e663c-c4 > .kt-inside-inner-col,.kadence-column965_2e663c-c4 > .kt-inside-inner-col:before{border-top-left-radius:0px;border-top-right-radius:0px;border-bottom-right-radius:0px;border-bottom-left-radius:0px;}.kadence-column965_2e663c-c4 > .kt-inside-inner-col{column-gap:var(--global-kb-gap-sm, 1rem);}.kadence-column965_2e663c-c4 > .kt-inside-inner-col{flex-direction:column;}.kadence-column965_2e663c-c4 > .kt-inside-inner-col > .aligncenter{width:100%;}.kadence-column965_2e663c-c4{position:relative;}@media all and (max-width: 1024px){.kadence-column965_2e663c-c4 > .kt-inside-inner-col{flex-direction:column;justify-content:center;}}@media all and (max-width: 767px){.kadence-column965_2e663c-c4 > .kt-inside-inner-col{flex-direction:column;justify-content:center;}}<\/style>\n<div class=\"wp-block-kadence-column kadence-column965_2e663c-c4\"><div class=\"kt-inside-inner-col\"><style>.kb-row-layout-wrap.wp-block-kadence-rowlayout.kb-row-layout-id965_59a27d-86{margin-top:0px;margin-bottom:0px;}.kb-row-layout-id965_59a27d-86 > .kt-row-column-wrap{align-content:start;}:where(.kb-row-layout-id965_59a27d-86 > .kt-row-column-wrap) > .wp-block-kadence-column{justify-content:start;}.kb-row-layout-id965_59a27d-86 > .kt-row-column-wrap{column-gap:var(--global-kb-gap-md, 2rem);row-gap:var(--global-kb-gap-md, 2rem);max-width:var( --global-content-width, 1290px );padding-left:var(--global-content-edge-padding);padding-right:var(--global-content-edge-padding);padding-top:20px;padding-right:20px;padding-bottom:20px;padding-left:20px;grid-template-columns:repeat(2, minmax(0, 1fr));}.kb-row-layout-id965_59a27d-86 > .kt-row-layout-overlay{opacity:0.00;}@media all and (max-width: 1024px){.kb-row-layout-id965_59a27d-86 > .kt-row-column-wrap{grid-template-columns:repeat(2, minmax(0, 1fr));}}@media all and (max-width: 767px){.kb-row-layout-id965_59a27d-86 > .kt-row-column-wrap{grid-template-columns:minmax(0, 1fr);}}<\/style><div class=\"kb-row-layout-wrap kb-row-layout-id965_59a27d-86 alignnone has-theme-palette9-background-color kt-row-has-bg wp-block-kadence-rowlayout\"><div class=\"kt-row-column-wrap kt-has-2-columns kt-row-layout-equal kt-tab-layout-inherit kt-mobile-layout-row kt-row-valign-top kb-theme-content-width\">\n<style>.kadence-column965_8d0f82-1f > .kt-inside-inner-col,.kadence-column965_8d0f82-1f > .kt-inside-inner-col:before{border-top-left-radius:0px;border-top-right-radius:0px;border-bottom-right-radius:0px;border-bottom-left-radius:0px;}.kadence-column965_8d0f82-1f > .kt-inside-inner-col{column-gap:var(--global-kb-gap-sm, 1rem);}.kadence-column965_8d0f82-1f > .kt-inside-inner-col{flex-direction:column;}.kadence-column965_8d0f82-1f > .kt-inside-inner-col > .aligncenter{width:100%;}.kadence-column965_8d0f82-1f > .kt-inside-inner-col:before{opacity:0.3;}.kadence-column965_8d0f82-1f{position:relative;}@media all and (max-width: 1024px){.kadence-column965_8d0f82-1f > .kt-inside-inner-col{flex-direction:column;justify-content:center;}}@media all and (max-width: 767px){.kadence-column965_8d0f82-1f > .kt-inside-inner-col{flex-direction:column;justify-content:center;}}<\/style>\n<div class=\"wp-block-kadence-column kadence-column965_8d0f82-1f\"><div class=\"kt-inside-inner-col\">\n<p>En <strong>Dolphin Medical<\/strong> creemos que el verdadero valor va m\u00e1s all\u00e1 de un producto. Nuestro compromiso est\u00e1 en acompa\u00f1arte, en estar presentes con empat\u00eda y cercan\u00eda, escuchando tus necesidades y ofreci\u00e9ndote siempre nuevas y mejores soluciones para mejorar tu calidad de vida.<\/p>\n\n\n\n<p>Gracias a la experiencia de nuestro equipo y al apoyo de especialistas en salud femenina, sabemos que lo m\u00e1s importante eres t\u00fa. Queremos que te sientas cuidada, segura y acompa\u00f1ada en cada etapa de tu camino con tu pesario ginecol\u00f3gico.<\/p>\n\n\n\n<p>Con <strong>Dolphin Care<\/strong> queremos invitar a las mujeres a reconectar con su feminidad desde la confianza y la plenitud, poniendo en el centro su calidad de vida. Este espacio entrega orientaci\u00f3n clara, abordando no solo lo f\u00edsico, sino tambi\u00e9n el \u00e1mbito emocional y social, con confidencialidad y con una comunidad que valida cada experiencia, con el respaldo de profesionales comprometidos en guiar cada paso hacia el bienestar y la autonom\u00eda.<\/p>\n\n\n\n<p>Cada detalle ha sido dise\u00f1ado para derribar estigmas y dar visibilidad a temas muchas veces minimizados: sin importar la edad, las molestias o malestares femeninos no deben sobrellevar como algo natural o inevitable. Cuidar del piso p\u00e9lvico es tambi\u00e9n cuidar de la libertad y la seguridad de ser mujer.<\/p>\n<\/div><\/div>\n\n\n<style>.kadence-column965_3193b6-c9 > .kt-inside-inner-col,.kadence-column965_3193b6-c9 > .kt-inside-inner-col:before{border-top-left-radius:0px;border-top-right-radius:0px;border-bottom-right-radius:0px;border-bottom-left-radius:0px;}.kadence-column965_3193b6-c9 > .kt-inside-inner-col{column-gap:var(--global-kb-gap-sm, 1rem);}.kadence-column965_3193b6-c9 > .kt-inside-inner-col{flex-direction:column;}.kadence-column965_3193b6-c9 > .kt-inside-inner-col > .aligncenter{width:100%;}.kadence-column965_3193b6-c9 > .kt-inside-inner-col:before{opacity:0.3;}.kadence-column965_3193b6-c9{position:relative;}@media all and (max-width: 1024px){.kadence-column965_3193b6-c9 > .kt-inside-inner-col{flex-direction:column;justify-content:center;}}@media all and (max-width: 767px){.kadence-column965_3193b6-c9 > .kt-inside-inner-col{flex-direction:column;justify-content:center;}}<\/style>\n<div class=\"wp-block-kadence-column kadence-column965_3193b6-c9\"><div class=\"kt-inside-inner-col\">\n<figure class=\"wp-block-image size-full\"><img loading=\"lazy\" decoding=\"async\" width=\"1200\" height=\"1200\" src=\"https:\/\/dolphinmedical.com\/mydolphincare\/wp-content\/uploads\/2025\/08\/perfil.png\" alt=\"\" class=\"wp-image-1162\" srcset=\"https:\/\/dolphinmedical.com\/mydolphincare\/wp-content\/uploads\/2025\/08\/perfil.png 1200w, https:\/\/dolphinmedical.com\/mydolphincare\/wp-content\/uploads\/2025\/08\/perfil-300x300.png 300w, https:\/\/dolphinmedical.com\/mydolphincare\/wp-content\/uploads\/2025\/08\/perfil-1024x1024.png 1024w, https:\/\/dolphinmedical.com\/mydolphincare\/wp-content\/uploads\/2025\/08\/perfil-150x150.png 150w, https:\/\/dolphinmedical.com\/mydolphincare\/wp-content\/uploads\/2025\/08\/perfil-768x768.png 768w\" sizes=\"auto, (max-width: 1200px) 100vw, 1200px\" \/><\/figure>\n<\/div><\/div>\n\n<\/div><\/div><\/div><\/div>\n\n\n<style>.kadence-column965_7bb905-b4 > .kt-inside-inner-col{padding-right:var(--global-kb-spacing-4xl, 8rem);padding-left:var(--global-kb-spacing-4xl, 8rem);}.kadence-column965_7bb905-b4 > .kt-inside-inner-col,.kadence-column965_7bb905-b4 > .kt-inside-inner-col:before{border-top-left-radius:0px;border-top-right-radius:0px;border-bottom-right-radius:0px;border-bottom-left-radius:0px;}.kadence-column965_7bb905-b4 > .kt-inside-inner-col{column-gap:var(--global-kb-gap-sm, 1rem);}.kadence-column965_7bb905-b4 > .kt-inside-inner-col{flex-direction:column;}.kadence-column965_7bb905-b4 > .kt-inside-inner-col > .aligncenter{width:100%;}.kadence-column965_7bb905-b4 > .kt-inside-inner-col{background-color:var(--global-palette8, #F7FAFC);}.kadence-column965_7bb905-b4 > .kt-inside-inner-col:before{opacity:0.3;}.kadence-column965_7bb905-b4{position:relative;}.kadence-column965_7bb905-b4, .kt-inside-inner-col > .kadence-column965_7bb905-b4:not(.specificity){margin-bottom:-50px;}@media all and (max-width: 1024px){.kadence-column965_7bb905-b4 > .kt-inside-inner-col{flex-direction:column;justify-content:center;}}@media all and (max-width: 767px){.kadence-column965_7bb905-b4 > .kt-inside-inner-col{padding-right:0px;padding-left:0px;flex-direction:column;justify-content:center;}}<\/style>\n<div class=\"wp-block-kadence-column kadence-column965_7bb905-b4 inner-column-1\"><div class=\"kt-inside-inner-col\">\n<div style=\"height:50px\" aria-hidden=\"true\" class=\"wp-block-spacer\"><\/div>\n<\/div><\/div>\n\n<\/div><\/div>","protected":false},"excerpt":{"rendered":"<p>\u00bfPor qu\u00e9 My Dolphin Care? En Dolphin Medical creemos que el verdadero valor va m\u00e1s all\u00e1 de un producto. Nuestro compromiso est\u00e1 en acompa\u00f1arte, en estar presentes con empat\u00eda y cercan\u00eda, escuchando tus necesidades y ofreci\u00e9ndote siempre nuevas y mejores soluciones para mejorar tu calidad de vida. Gracias a la experiencia de nuestro equipo y&#8230;<\/p>\n","protected":false},"author":1,"featured_media":0,"parent":0,"menu_order":0,"comment_status":"closed","ping_status":"closed","template":"","meta":{"_kad_blocks_custom_css":"","_kad_blocks_head_custom_js":"","_kad_blocks_body_custom_js":"","_kad_blocks_footer_custom_js":"","_kadence_starter_templates_imported_post":false,"_kad_post_transparent":"","_kad_post_title":"hide","_kad_post_layout":"normal","_kad_post_sidebar_id":"","_kad_post_content_style":"","_kad_post_vertical_padding":"","_kad_post_feature":"","_kad_post_feature_position":"","_kad_post_header":false,"_kad_post_footer":false,"_kad_post_classname":"","footnotes":""},"class_list":["post-965","page","type-page","status-publish","hentry"],"yoast_head":"<!-- This site is optimized with the Yoast SEO plugin v27.3 - https:\/\/yoast.com\/product\/yoast-seo-wordpress\/ -->\n<title>\u00bfPor qu\u00e9 My Dolphin Care? - My Dolphin Care<\/title>\n<meta name=\"robots\" content=\"index, follow, max-snippet:-1, max-image-preview:large, max-video-preview:-1\" \/>\n<link rel=\"canonical\" href=\"https:\/\/dolphinmedical.com\/mydolphincare\/por-que-my-dolphin-care\/\" \/>\n<meta property=\"og:locale\" content=\"es_ES\" \/>\n<meta property=\"og:type\" content=\"article\" \/>\n<meta property=\"og:title\" content=\"\u00bfPor qu\u00e9 My Dolphin Care? - My Dolphin Care\" \/>\n<meta property=\"og:description\" content=\"\u00bfPor qu\u00e9 My Dolphin Care? En Dolphin Medical creemos que el verdadero valor va m\u00e1s all\u00e1 de un producto. Nuestro compromiso est\u00e1 en acompa\u00f1arte, en estar presentes con empat\u00eda y cercan\u00eda, escuchando tus necesidades y ofreci\u00e9ndote siempre nuevas y mejores soluciones para mejorar tu calidad de vida. Gracias a la experiencia de nuestro equipo y...\" \/>\n<meta property=\"og:url\" content=\"https:\/\/dolphinmedical.com\/mydolphincare\/por-que-my-dolphin-care\/\" \/>\n<meta property=\"og:site_name\" content=\"My Dolphin Care\" \/>\n<meta property=\"article:modified_time\" content=\"2025-08-27T21:51:35+00:00\" \/>\n<meta property=\"og:image\" content=\"https:\/\/dolphinmedical.com\/mydolphincare\/wp-content\/uploads\/2025\/08\/perfil.png\" \/>\n\t<meta property=\"og:image:width\" content=\"1200\" \/>\n\t<meta property=\"og:image:height\" content=\"1200\" \/>\n\t<meta property=\"og:image:type\" content=\"image\/png\" \/>\n<meta name=\"twitter:card\" content=\"summary_large_image\" \/>\n<meta name=\"twitter:label1\" content=\"Tiempo estimado de lectura\" \/>\n\t<meta name=\"twitter:data1\" content=\"1 minuto\" \/>\n<script type=\"application\/ld+json\" class=\"yoast-schema-graph\">{\"@context\":\"https:\\\/\\\/schema.org\",\"@graph\":[{\"@type\":\"WebPage\",\"@id\":\"https:\\\/\\\/dolphinmedical.com\\\/mydolphincare\\\/por-que-my-dolphin-care\\\/\",\"url\":\"https:\\\/\\\/dolphinmedical.com\\\/mydolphincare\\\/por-que-my-dolphin-care\\\/\",\"name\":\"\u00bfPor qu\u00e9 My Dolphin Care? - My Dolphin Care\",\"isPartOf\":{\"@id\":\"https:\\\/\\\/dolphinmedical.com\\\/mydolphincare\\\/#website\"},\"primaryImageOfPage\":{\"@id\":\"https:\\\/\\\/dolphinmedical.com\\\/mydolphincare\\\/por-que-my-dolphin-care\\\/#primaryimage\"},\"image\":{\"@id\":\"https:\\\/\\\/dolphinmedical.com\\\/mydolphincare\\\/por-que-my-dolphin-care\\\/#primaryimage\"},\"thumbnailUrl\":\"https:\\\/\\\/dolphinmedical.com\\\/mydolphincare\\\/wp-content\\\/uploads\\\/2025\\\/08\\\/perfil.png\",\"datePublished\":\"2025-08-18T03:31:09+00:00\",\"dateModified\":\"2025-08-27T21:51:35+00:00\",\"breadcrumb\":{\"@id\":\"https:\\\/\\\/dolphinmedical.com\\\/mydolphincare\\\/por-que-my-dolphin-care\\\/#breadcrumb\"},\"inLanguage\":\"es-CL\",\"potentialAction\":[{\"@type\":\"ReadAction\",\"target\":[\"https:\\\/\\\/dolphinmedical.com\\\/mydolphincare\\\/por-que-my-dolphin-care\\\/\"]}]},{\"@type\":\"ImageObject\",\"inLanguage\":\"es-CL\",\"@id\":\"https:\\\/\\\/dolphinmedical.com\\\/mydolphincare\\\/por-que-my-dolphin-care\\\/#primaryimage\",\"url\":\"https:\\\/\\\/dolphinmedical.com\\\/mydolphincare\\\/wp-content\\\/uploads\\\/2025\\\/08\\\/perfil.png\",\"contentUrl\":\"https:\\\/\\\/dolphinmedical.com\\\/mydolphincare\\\/wp-content\\\/uploads\\\/2025\\\/08\\\/perfil.png\",\"width\":1200,\"height\":1200},{\"@type\":\"BreadcrumbList\",\"@id\":\"https:\\\/\\\/dolphinmedical.com\\\/mydolphincare\\\/por-que-my-dolphin-care\\\/#breadcrumb\",\"itemListElement\":[{\"@type\":\"ListItem\",\"position\":1,\"name\":\"Portada\",\"item\":\"https:\\\/\\\/dolphinmedical.com\\\/mydolphincare\\\/\"},{\"@type\":\"ListItem\",\"position\":2,\"name\":\"\u00bfPor qu\u00e9 My Dolphin Care?\"}]},{\"@type\":\"WebSite\",\"@id\":\"https:\\\/\\\/dolphinmedical.com\\\/mydolphincare\\\/#website\",\"url\":\"https:\\\/\\\/dolphinmedical.com\\\/mydolphincare\\\/\",\"name\":\"My Dolphin Care\",\"description\":\"\",\"publisher\":{\"@id\":\"https:\\\/\\\/dolphinmedical.com\\\/mydolphincare\\\/#organization\"},\"potentialAction\":[{\"@type\":\"SearchAction\",\"target\":{\"@type\":\"EntryPoint\",\"urlTemplate\":\"https:\\\/\\\/dolphinmedical.com\\\/mydolphincare\\\/?s={search_term_string}\"},\"query-input\":{\"@type\":\"PropertyValueSpecification\",\"valueRequired\":true,\"valueName\":\"search_term_string\"}}],\"inLanguage\":\"es-CL\"},{\"@type\":\"Organization\",\"@id\":\"https:\\\/\\\/dolphinmedical.com\\\/mydolphincare\\\/#organization\",\"name\":\"My Dolphin Care\",\"url\":\"https:\\\/\\\/dolphinmedical.com\\\/mydolphincare\\\/\",\"logo\":{\"@type\":\"ImageObject\",\"inLanguage\":\"es-CL\",\"@id\":\"https:\\\/\\\/dolphinmedical.com\\\/mydolphincare\\\/#\\\/schema\\\/logo\\\/image\\\/\",\"url\":\"https:\\\/\\\/dolphinmedical.com\\\/mydolphincare\\\/wp-content\\\/uploads\\\/2025\\\/08\\\/Logo-MDC.png\",\"contentUrl\":\"https:\\\/\\\/dolphinmedical.com\\\/mydolphincare\\\/wp-content\\\/uploads\\\/2025\\\/08\\\/Logo-MDC.png\",\"width\":800,\"height\":400,\"caption\":\"My Dolphin Care\"},\"image\":{\"@id\":\"https:\\\/\\\/dolphinmedical.com\\\/mydolphincare\\\/#\\\/schema\\\/logo\\\/image\\\/\"}}]}<\/script>\n<!-- \/ Yoast SEO plugin. -->","yoast_head_json":{"title":"\u00bfPor qu\u00e9 My Dolphin Care? - My Dolphin Care","robots":{"index":"index","follow":"follow","max-snippet":"max-snippet:-1","max-image-preview":"max-image-preview:large","max-video-preview":"max-video-preview:-1"},"canonical":"https:\/\/dolphinmedical.com\/mydolphincare\/por-que-my-dolphin-care\/","og_locale":"es_ES","og_type":"article","og_title":"\u00bfPor qu\u00e9 My Dolphin Care? - My Dolphin Care","og_description":"\u00bfPor qu\u00e9 My Dolphin Care? En Dolphin Medical creemos que el verdadero valor va m\u00e1s all\u00e1 de un producto. Nuestro compromiso est\u00e1 en acompa\u00f1arte, en estar presentes con empat\u00eda y cercan\u00eda, escuchando tus necesidades y ofreci\u00e9ndote siempre nuevas y mejores soluciones para mejorar tu calidad de vida. Gracias a la experiencia de nuestro equipo y...","og_url":"https:\/\/dolphinmedical.com\/mydolphincare\/por-que-my-dolphin-care\/","og_site_name":"My Dolphin Care","article_modified_time":"2025-08-27T21:51:35+00:00","og_image":[{"width":1200,"height":1200,"url":"https:\/\/dolphinmedical.com\/mydolphincare\/wp-content\/uploads\/2025\/08\/perfil.png","type":"image\/png"}],"twitter_card":"summary_large_image","twitter_misc":{"Tiempo estimado de lectura":"1 minuto"},"schema":{"@context":"https:\/\/schema.org","@graph":[{"@type":"WebPage","@id":"https:\/\/dolphinmedical.com\/mydolphincare\/por-que-my-dolphin-care\/","url":"https:\/\/dolphinmedical.com\/mydolphincare\/por-que-my-dolphin-care\/","name":"\u00bfPor qu\u00e9 My Dolphin Care? - My Dolphin Care","isPartOf":{"@id":"https:\/\/dolphinmedical.com\/mydolphincare\/#website"},"primaryImageOfPage":{"@id":"https:\/\/dolphinmedical.com\/mydolphincare\/por-que-my-dolphin-care\/#primaryimage"},"image":{"@id":"https:\/\/dolphinmedical.com\/mydolphincare\/por-que-my-dolphin-care\/#primaryimage"},"thumbnailUrl":"https:\/\/dolphinmedical.com\/mydolphincare\/wp-content\/uploads\/2025\/08\/perfil.png","datePublished":"2025-08-18T03:31:09+00:00","dateModified":"2025-08-27T21:51:35+00:00","breadcrumb":{"@id":"https:\/\/dolphinmedical.com\/mydolphincare\/por-que-my-dolphin-care\/#breadcrumb"},"inLanguage":"es-CL","potentialAction":[{"@type":"ReadAction","target":["https:\/\/dolphinmedical.com\/mydolphincare\/por-que-my-dolphin-care\/"]}]},{"@type":"ImageObject","inLanguage":"es-CL","@id":"https:\/\/dolphinmedical.com\/mydolphincare\/por-que-my-dolphin-care\/#primaryimage","url":"https:\/\/dolphinmedical.com\/mydolphincare\/wp-content\/uploads\/2025\/08\/perfil.png","contentUrl":"https:\/\/dolphinmedical.com\/mydolphincare\/wp-content\/uploads\/2025\/08\/perfil.png","width":1200,"height":1200},{"@type":"BreadcrumbList","@id":"https:\/\/dolphinmedical.com\/mydolphincare\/por-que-my-dolphin-care\/#breadcrumb","itemListElement":[{"@type":"ListItem","position":1,"name":"Portada","item":"https:\/\/dolphinmedical.com\/mydolphincare\/"},{"@type":"ListItem","position":2,"name":"\u00bfPor qu\u00e9 My Dolphin Care?"}]},{"@type":"WebSite","@id":"https:\/\/dolphinmedical.com\/mydolphincare\/#website","url":"https:\/\/dolphinmedical.com\/mydolphincare\/","name":"My Dolphin Care","description":"","publisher":{"@id":"https:\/\/dolphinmedical.com\/mydolphincare\/#organization"},"potentialAction":[{"@type":"SearchAction","target":{"@type":"EntryPoint","urlTemplate":"https:\/\/dolphinmedical.com\/mydolphincare\/?s={search_term_string}"},"query-input":{"@type":"PropertyValueSpecification","valueRequired":true,"valueName":"search_term_string"}}],"inLanguage":"es-CL"},{"@type":"Organization","@id":"https:\/\/dolphinmedical.com\/mydolphincare\/#organization","name":"My Dolphin Care","url":"https:\/\/dolphinmedical.com\/mydolphincare\/","logo":{"@type":"ImageObject","inLanguage":"es-CL","@id":"https:\/\/dolphinmedical.com\/mydolphincare\/#\/schema\/logo\/image\/","url":"https:\/\/dolphinmedical.com\/mydolphincare\/wp-content\/uploads\/2025\/08\/Logo-MDC.png","contentUrl":"https:\/\/dolphinmedical.com\/mydolphincare\/wp-content\/uploads\/2025\/08\/Logo-MDC.png","width":800,"height":400,"caption":"My Dolphin Care"},"image":{"@id":"https:\/\/dolphinmedical.com\/mydolphincare\/#\/schema\/logo\/image\/"}}]}},"taxonomy_info":[],"featured_image_src_large":false,"author_info":{"display_name":"admin","author_link":"https:\/\/dolphinmedical.com\/mydolphincare\/author\/admin\/"},"comment_info":0,"_links":{"self":[{"href":"https:\/\/dolphinmedical.com\/mydolphincare\/wp-json\/wp\/v2\/pages\/965","targetHints":{"allow":["GET"]}}],"collection":[{"href":"https:\/\/dolphinmedical.com\/mydolphincare\/wp-json\/wp\/v2\/pages"}],"about":[{"href":"https:\/\/dolphinmedical.com\/mydolphincare\/wp-json\/wp\/v2\/types\/page"}],"author":[{"embeddable":true,"href":"https:\/\/dolphinmedical.com\/mydolphincare\/wp-json\/wp\/v2\/users\/1"}],"replies":[{"embeddable":true,"href":"https:\/\/dolphinmedical.com\/mydolphincare\/wp-json\/wp\/v2\/comments?post=965"}],"version-history":[{"count":8,"href":"https:\/\/dolphinmedical.com\/mydolphincare\/wp-json\/wp\/v2\/pages\/965\/revisions"}],"predecessor-version":[{"id":1180,"href":"https:\/\/dolphinmedical.com\/mydolphincare\/wp-json\/wp\/v2\/pages\/965\/revisions\/1180"}],"wp:attachment":[{"href":"https:\/\/dolphinmedical.com\/mydolphincare\/wp-json\/wp\/v2\/media?parent=965"}],"curies":[{"name":"wp","href":"https:\/\/api.w.org\/{rel}","templated":true}]}}